{"id":13632,"date":"2024-12-09T20:45:12","date_gmt":"2024-12-09T20:45:12","guid":{"rendered":"https:\/\/expeditionswakefield.com\/product\/faber-north-kid\/"},"modified":"2024-12-09T20:45:12","modified_gmt":"2024-12-09T20:45:12","slug":"faber-north-kid","status":"publish","type":"product","link":"https:\/\/expeditionswakefield.com\/fr\/produit\/faber-north-kid\/","title":{"rendered":"Faber North Kid"},"content":{"rendered":"","protected":false},"excerpt":{"rendered":"<p>Con\u00e7ue pour les enfants avec les m\u00eames caract\u00e9ristiques que nos raquettes pour adultes. la \u00abNorth Kid\u00bb est l\u00e9g\u00e8re, facile \u00e0 utiliser et tr\u00e8s durable. Avec sa queue ouverte r\u00e9duisant l\u2019effet de train\u00e9, son tamis \u00e0 ailes de traction et ses crampons qui augmentent l&rsquo;adh\u00e9rence sur la neige durcie, la randonn\u00e9e sera plus facile pour vos petits. All of these characteristics will make the hike much more fun and easier for your young ones.<\/p>\n","protected":false},"featured_media":13629,"template":"","meta":[],"product_brand":[],"product_cat":[431,443],"product_tag":[],"class_list":{"0":"post-13632","1":"product","2":"type-product","3":"status-publish","4":"has-post-thumbnail","6":"product_cat-hiver","7":"product_cat-raquettes","8":"product_shipping_class-standard-fr","10":"first","11":"outofstock","12":"sale","13":"taxable","14":"shipping-taxable","15":"purchasable","16":"product-type-variable"},"yoast_head":"<!-- This site is optimized with the Yoast SEO Premium plugin v20.6 (Yoast SEO v27.4) - https:\/\/yoast.com\/product\/yoast-seo-premium-wordpress\/ -->\n<title>Faber North Kid - Expeditions Wakefield<\/title>\n<meta name=\"robots\" content=\"index, follow, max-snippet:-1, max-image-preview:large, max-video-preview:-1\" \/>\n<link rel=\"canonical\" href=\"https:\/\/expeditionswakefield.com\/fr\/produit\/faber-north-kid\/\" \/>\n<meta property=\"og:locale\" content=\"fr_FR\" \/>\n<meta property=\"og:type\" content=\"article\" \/>\n<meta property=\"og:title\" content=\"Faber North Kid\" \/>\n<meta property=\"og:description\" content=\"Con\u00e7ue pour les enfants avec les m\u00eames caract\u00e9ristiques que nos raquettes pour adultes. la \u00abNorth Kid\u00bb est l\u00e9g\u00e8re, facile \u00e0 utiliser et tr\u00e8s durable. Avec sa queue ouverte r\u00e9duisant l\u2019effet de train\u00e9, son tamis \u00e0 ailes de traction et ses crampons qui augmentent l&#039;adh\u00e9rence sur la neige durcie, la randonn\u00e9e sera plus facile pour vos petits. All of these characteristics will make the hike much more fun and easier for your young ones.\" \/>\n<meta property=\"og:url\" content=\"https:\/\/expeditionswakefield.com\/fr\/produit\/faber-north-kid\/\" \/>\n<meta property=\"og:site_name\" content=\"Expeditions Wakefield\" \/>\n<meta property=\"og:image\" content=\"https:\/\/expeditionswakefield.com\/wp-content\/uploads\/2024\/12\/FaberNorthKid.jpg\" \/>\n\t<meta property=\"og:image:width\" content=\"1200\" \/>\n\t<meta property=\"og:image:height\" content=\"800\" \/>\n\t<meta property=\"og:image:type\" content=\"image\/jpeg\" \/>\n<meta name=\"twitter:card\" content=\"summary_large_image\" \/>\n<script type=\"application\/ld+json\" class=\"yoast-schema-graph\">{\"@context\":\"https:\\\/\\\/schema.org\",\"@graph\":[{\"@type\":\"WebPage\",\"@id\":\"https:\\\/\\\/expeditionswakefield.com\\\/fr\\\/produit\\\/faber-north-kid\\\/\",\"url\":\"https:\\\/\\\/expeditionswakefield.com\\\/fr\\\/produit\\\/faber-north-kid\\\/\",\"name\":\"Faber North Kid - Expeditions Wakefield\",\"isPartOf\":{\"@id\":\"http:\\\/\\\/box5661.temp.domains\\\/~lcephumy\\\/#website\"},\"primaryImageOfPage\":{\"@id\":\"https:\\\/\\\/expeditionswakefield.com\\\/fr\\\/produit\\\/faber-north-kid\\\/#primaryimage\"},\"image\":{\"@id\":\"https:\\\/\\\/expeditionswakefield.com\\\/fr\\\/produit\\\/faber-north-kid\\\/#primaryimage\"},\"thumbnailUrl\":\"https:\\\/\\\/i0.wp.com\\\/expeditionswakefield.com\\\/wp-content\\\/uploads\\\/2024\\\/12\\\/FaberNorthKid.jpg?fit=1200%2C800&ssl=1\",\"datePublished\":\"2024-12-09T20:45:12+00:00\",\"breadcrumb\":{\"@id\":\"https:\\\/\\\/expeditionswakefield.com\\\/fr\\\/produit\\\/faber-north-kid\\\/#breadcrumb\"},\"inLanguage\":\"fr-FR\",\"potentialAction\":[{\"@type\":\"ReadAction\",\"target\":[\"https:\\\/\\\/expeditionswakefield.com\\\/fr\\\/produit\\\/faber-north-kid\\\/\"]}]},{\"@type\":\"ImageObject\",\"inLanguage\":\"fr-FR\",\"@id\":\"https:\\\/\\\/expeditionswakefield.com\\\/fr\\\/produit\\\/faber-north-kid\\\/#primaryimage\",\"url\":\"https:\\\/\\\/i0.wp.com\\\/expeditionswakefield.com\\\/wp-content\\\/uploads\\\/2024\\\/12\\\/FaberNorthKid.jpg?fit=1200%2C800&ssl=1\",\"contentUrl\":\"https:\\\/\\\/i0.wp.com\\\/expeditionswakefield.com\\\/wp-content\\\/uploads\\\/2024\\\/12\\\/FaberNorthKid.jpg?fit=1200%2C800&ssl=1\",\"width\":1200,\"height\":800},{\"@type\":\"BreadcrumbList\",\"@id\":\"https:\\\/\\\/expeditionswakefield.com\\\/fr\\\/produit\\\/faber-north-kid\\\/#breadcrumb\",\"itemListElement\":[{\"@type\":\"ListItem\",\"position\":1,\"name\":\"Home\",\"item\":\"https:\\\/\\\/expeditionswakefield.com\\\/fr\\\/\"},{\"@type\":\"ListItem\",\"position\":2,\"name\":\"Boutique\",\"item\":\"https:\\\/\\\/expeditionswakefield.com\\\/fr\\\/boutique\\\/\"},{\"@type\":\"ListItem\",\"position\":3,\"name\":\"Faber North Kid\"}]},{\"@type\":\"WebSite\",\"@id\":\"http:\\\/\\\/box5661.temp.domains\\\/~lcephumy\\\/#website\",\"url\":\"http:\\\/\\\/box5661.temp.domains\\\/~lcephumy\\\/\",\"name\":\"Expeditions Wakefield\",\"description\":\"Bicycle Shop, Paddling and Outdoor Sales and Rentals in Wakefield, Quebec\",\"potentialAction\":[{\"@type\":\"SearchAction\",\"target\":{\"@type\":\"EntryPoint\",\"urlTemplate\":\"http:\\\/\\\/box5661.temp.domains\\\/~lcephumy\\\/?s={search_term_string}\"},\"query-input\":{\"@type\":\"PropertyValueSpecification\",\"valueRequired\":true,\"valueName\":\"search_term_string\"}}],\"inLanguage\":\"fr-FR\"}]}<\/script>\n<!-- \/ Yoast SEO Premium plugin. -->","yoast_head_json":{"title":"Faber North Kid - Expeditions Wakefield","robots":{"index":"index","follow":"follow","max-snippet":"max-snippet:-1","max-image-preview":"max-image-preview:large","max-video-preview":"max-video-preview:-1"},"canonical":"https:\/\/expeditionswakefield.com\/fr\/produit\/faber-north-kid\/","og_locale":"fr_FR","og_type":"article","og_title":"Faber North Kid","og_description":"Con\u00e7ue pour les enfants avec les m\u00eames caract\u00e9ristiques que nos raquettes pour adultes. la \u00abNorth Kid\u00bb est l\u00e9g\u00e8re, facile \u00e0 utiliser et tr\u00e8s durable. Avec sa queue ouverte r\u00e9duisant l\u2019effet de train\u00e9, son tamis \u00e0 ailes de traction et ses crampons qui augmentent l'adh\u00e9rence sur la neige durcie, la randonn\u00e9e sera plus facile pour vos petits. All of these characteristics will make the hike much more fun and easier for your young ones.","og_url":"https:\/\/expeditionswakefield.com\/fr\/produit\/faber-north-kid\/","og_site_name":"Expeditions Wakefield","og_image":[{"width":1200,"height":800,"url":"https:\/\/expeditionswakefield.com\/wp-content\/uploads\/2024\/12\/FaberNorthKid.jpg","type":"image\/jpeg"}],"twitter_card":"summary_large_image","schema":{"@context":"https:\/\/schema.org","@graph":[{"@type":"WebPage","@id":"https:\/\/expeditionswakefield.com\/fr\/produit\/faber-north-kid\/","url":"https:\/\/expeditionswakefield.com\/fr\/produit\/faber-north-kid\/","name":"Faber North Kid - Expeditions Wakefield","isPartOf":{"@id":"http:\/\/box5661.temp.domains\/~lcephumy\/#website"},"primaryImageOfPage":{"@id":"https:\/\/expeditionswakefield.com\/fr\/produit\/faber-north-kid\/#primaryimage"},"image":{"@id":"https:\/\/expeditionswakefield.com\/fr\/produit\/faber-north-kid\/#primaryimage"},"thumbnailUrl":"https:\/\/i0.wp.com\/expeditionswakefield.com\/wp-content\/uploads\/2024\/12\/FaberNorthKid.jpg?fit=1200%2C800&ssl=1","datePublished":"2024-12-09T20:45:12+00:00","breadcrumb":{"@id":"https:\/\/expeditionswakefield.com\/fr\/produit\/faber-north-kid\/#breadcrumb"},"inLanguage":"fr-FR","potentialAction":[{"@type":"ReadAction","target":["https:\/\/expeditionswakefield.com\/fr\/produit\/faber-north-kid\/"]}]},{"@type":"ImageObject","inLanguage":"fr-FR","@id":"https:\/\/expeditionswakefield.com\/fr\/produit\/faber-north-kid\/#primaryimage","url":"https:\/\/i0.wp.com\/expeditionswakefield.com\/wp-content\/uploads\/2024\/12\/FaberNorthKid.jpg?fit=1200%2C800&ssl=1","contentUrl":"https:\/\/i0.wp.com\/expeditionswakefield.com\/wp-content\/uploads\/2024\/12\/FaberNorthKid.jpg?fit=1200%2C800&ssl=1","width":1200,"height":800},{"@type":"BreadcrumbList","@id":"https:\/\/expeditionswakefield.com\/fr\/produit\/faber-north-kid\/#breadcrumb","itemListElement":[{"@type":"ListItem","position":1,"name":"Home","item":"https:\/\/expeditionswakefield.com\/fr\/"},{"@type":"ListItem","position":2,"name":"Boutique","item":"https:\/\/expeditionswakefield.com\/fr\/boutique\/"},{"@type":"ListItem","position":3,"name":"Faber North Kid"}]},{"@type":"WebSite","@id":"http:\/\/box5661.temp.domains\/~lcephumy\/#website","url":"http:\/\/box5661.temp.domains\/~lcephumy\/","name":"Expeditions Wakefield","description":"Bicycle Shop, Paddling and Outdoor Sales and Rentals in Wakefield, Quebec","potentialAction":[{"@type":"SearchAction","target":{"@type":"EntryPoint","urlTemplate":"http:\/\/box5661.temp.domains\/~lcephumy\/?s={search_term_string}"},"query-input":{"@type":"PropertyValueSpecification","valueRequired":true,"valueName":"search_term_string"}}],"inLanguage":"fr-FR"}]}},"jetpack_sharing_enabled":true,"_links":{"self":[{"href":"https:\/\/expeditionswakefield.com\/fr\/wp-json\/wp\/v2\/product\/13632","targetHints":{"allow":["GET"]}}],"collection":[{"href":"https:\/\/expeditionswakefield.com\/fr\/wp-json\/wp\/v2\/product"}],"about":[{"href":"https:\/\/expeditionswakefield.com\/fr\/wp-json\/wp\/v2\/types\/product"}],"version-history":[{"count":0,"href":"https:\/\/expeditionswakefield.com\/fr\/wp-json\/wp\/v2\/product\/13632\/revisions"}],"wp:featuredmedia":[{"embeddable":true,"href":"https:\/\/expeditionswakefield.com\/fr\/wp-json\/wp\/v2\/media\/13629"}],"wp:attachment":[{"href":"https:\/\/expeditionswakefield.com\/fr\/wp-json\/wp\/v2\/media?parent=13632"}],"wp:term":[{"taxonomy":"product_brand","embeddable":true,"href":"https:\/\/expeditionswakefield.com\/fr\/wp-json\/wp\/v2\/product_brand?post=13632"},{"taxonomy":"product_cat","embeddable":true,"href":"https:\/\/expeditionswakefield.com\/fr\/wp-json\/wp\/v2\/product_cat?post=13632"},{"taxonomy":"product_tag","embeddable":true,"href":"https:\/\/expeditionswakefield.com\/fr\/wp-json\/wp\/v2\/product_tag?post=13632"}],"curies":[{"name":"wp","href":"https:\/\/api.w.org\/{rel}","templated":true}]}}