{"id":13597,"date":"2024-12-09T19:21:12","date_gmt":"2024-12-09T19:21:12","guid":{"rendered":"https:\/\/expeditionswakefield.com\/product\/rossignol-bc-x6\/"},"modified":"2024-12-09T20:15:36","modified_gmt":"2024-12-09T20:15:36","slug":"rossignol-bc-x6","status":"publish","type":"product","link":"https:\/\/expeditionswakefield.com\/fr\/produit\/rossignol-bc-x6\/","title":{"rendered":"Rossignol BC X6"},"content":{"rendered":"","protected":false},"excerpt":{"rendered":"<div class=\"d-md-none d-lg-block\">\n<div class=\"row no-gutters\">\n<div class=\"col-12\"><\/div>\n<\/div>\n<\/div>\n<div id=\"accordion\" class=\"description-and-detail js-description-and-detail border-top mt-2\">\n<div class=\"card mb-0 border-0\">\n<div id=\"descriptionHeading\" class=\"card-header pl-0 pt-1 pr-1 pb-1\">\n<p class=\"mb-0\"><span style=\"color: #333333;\">Acc\u00e9dez \u00e0 des destinations inexplor\u00e9es avec la chaussure de ski backcountry BC X6. Con\u00e7ue pour les skis de randonn\u00e9e hors-piste \u00e9troits \u00e0 mi-larges (70-90 mm), la chaussure offre un m\u00e9lange polyvalent de l\u00e9g\u00e8ret\u00e9 pour vos d\u00e9placements en ski de randonn\u00e9e et vos performances en descente Le design isolant et thermoformable compl\u00e8te une grande gu\u00eatre externe et un cache-lacets qui emp\u00eachent la neige de p\u00e9n\u00e9trer et gardent vos pieds au chaud et au sec. Le collier externe articul\u00e9 renforce la stabilit\u00e9 et le contr\u00f4le pour vos explorations hors-piste.<\/span><\/p>\n<\/div>\n<\/div>\n<\/div>\n","protected":false},"featured_media":13595,"template":"","meta":[],"product_brand":[],"product_cat":[440,431],"product_tag":[],"class_list":{"0":"post-13597","1":"product","2":"type-product","3":"status-publish","4":"has-post-thumbnail","6":"product_cat-chaussures-de-ski-nordique","7":"product_cat-hiver","9":"first","10":"instock","11":"taxable","12":"shipping-taxable","13":"purchasable","14":"product-type-variable"},"yoast_head":"<!-- This site is optimized with the Yoast SEO Premium plugin v20.6 (Yoast SEO v27.4) - https:\/\/yoast.com\/product\/yoast-seo-premium-wordpress\/ -->\n<title>Rossignol BC X6 - Expeditions Wakefield<\/title>\n<meta name=\"description\" content=\"Acc\u00e9dez \u00e0 des destinations inexplor\u00e9es avec la chaussure de ski backcountry BC X6.\" \/>\n<meta name=\"robots\" content=\"index, follow, max-snippet:-1, max-image-preview:large, max-video-preview:-1\" \/>\n<link rel=\"canonical\" href=\"https:\/\/expeditionswakefield.com\/fr\/produit\/rossignol-bc-x6\/\" \/>\n<meta property=\"og:locale\" content=\"fr_FR\" \/>\n<meta property=\"og:type\" content=\"article\" \/>\n<meta property=\"og:title\" content=\"Rossignol BC X6\" \/>\n<meta property=\"og:description\" content=\"Acc\u00e9dez \u00e0 des destinations inexplor\u00e9es avec la chaussure de ski backcountry BC X6.\" \/>\n<meta property=\"og:url\" content=\"https:\/\/expeditionswakefield.com\/fr\/produit\/rossignol-bc-x6\/\" \/>\n<meta property=\"og:site_name\" content=\"Expeditions Wakefield\" \/>\n<meta property=\"article:modified_time\" content=\"2024-12-09T20:15:36+00:00\" \/>\n<meta property=\"og:image\" content=\"https:\/\/expeditionswakefield.com\/wp-content\/uploads\/2024\/12\/RossignolBCX6.jpg\" \/>\n\t<meta property=\"og:image:width\" content=\"1200\" \/>\n\t<meta property=\"og:image:height\" content=\"800\" \/>\n\t<meta property=\"og:image:type\" content=\"image\/jpeg\" \/>\n<meta name=\"twitter:card\" content=\"summary_large_image\" \/>\n<script type=\"application\/ld+json\" class=\"yoast-schema-graph\">{\"@context\":\"https:\\\/\\\/schema.org\",\"@graph\":[{\"@type\":\"WebPage\",\"@id\":\"https:\\\/\\\/expeditionswakefield.com\\\/fr\\\/produit\\\/rossignol-bc-x6\\\/\",\"url\":\"https:\\\/\\\/expeditionswakefield.com\\\/fr\\\/produit\\\/rossignol-bc-x6\\\/\",\"name\":\"Rossignol BC X6 - Expeditions Wakefield\",\"isPartOf\":{\"@id\":\"http:\\\/\\\/box5661.temp.domains\\\/~lcephumy\\\/#website\"},\"primaryImageOfPage\":{\"@id\":\"https:\\\/\\\/expeditionswakefield.com\\\/fr\\\/produit\\\/rossignol-bc-x6\\\/#primaryimage\"},\"image\":{\"@id\":\"https:\\\/\\\/expeditionswakefield.com\\\/fr\\\/produit\\\/rossignol-bc-x6\\\/#primaryimage\"},\"thumbnailUrl\":\"https:\\\/\\\/i0.wp.com\\\/expeditionswakefield.com\\\/wp-content\\\/uploads\\\/2024\\\/12\\\/RossignolBCX6.jpg?fit=1200%2C800&ssl=1\",\"datePublished\":\"2024-12-09T19:21:12+00:00\",\"dateModified\":\"2024-12-09T20:15:36+00:00\",\"description\":\"Acc\u00e9dez \u00e0 des destinations inexplor\u00e9es avec la chaussure de ski backcountry BC X6.\",\"breadcrumb\":{\"@id\":\"https:\\\/\\\/expeditionswakefield.com\\\/fr\\\/produit\\\/rossignol-bc-x6\\\/#breadcrumb\"},\"inLanguage\":\"fr-FR\",\"potentialAction\":[{\"@type\":\"ReadAction\",\"target\":[\"https:\\\/\\\/expeditionswakefield.com\\\/fr\\\/produit\\\/rossignol-bc-x6\\\/\"]}]},{\"@type\":\"ImageObject\",\"inLanguage\":\"fr-FR\",\"@id\":\"https:\\\/\\\/expeditionswakefield.com\\\/fr\\\/produit\\\/rossignol-bc-x6\\\/#primaryimage\",\"url\":\"https:\\\/\\\/i0.wp.com\\\/expeditionswakefield.com\\\/wp-content\\\/uploads\\\/2024\\\/12\\\/RossignolBCX6.jpg?fit=1200%2C800&ssl=1\",\"contentUrl\":\"https:\\\/\\\/i0.wp.com\\\/expeditionswakefield.com\\\/wp-content\\\/uploads\\\/2024\\\/12\\\/RossignolBCX6.jpg?fit=1200%2C800&ssl=1\",\"width\":1200,\"height\":800},{\"@type\":\"BreadcrumbList\",\"@id\":\"https:\\\/\\\/expeditionswakefield.com\\\/fr\\\/produit\\\/rossignol-bc-x6\\\/#breadcrumb\",\"itemListElement\":[{\"@type\":\"ListItem\",\"position\":1,\"name\":\"Home\",\"item\":\"https:\\\/\\\/expeditionswakefield.com\\\/fr\\\/\"},{\"@type\":\"ListItem\",\"position\":2,\"name\":\"Boutique\",\"item\":\"https:\\\/\\\/expeditionswakefield.com\\\/fr\\\/boutique\\\/\"},{\"@type\":\"ListItem\",\"position\":3,\"name\":\"Rossignol BC X6\"}]},{\"@type\":\"WebSite\",\"@id\":\"http:\\\/\\\/box5661.temp.domains\\\/~lcephumy\\\/#website\",\"url\":\"http:\\\/\\\/box5661.temp.domains\\\/~lcephumy\\\/\",\"name\":\"Expeditions Wakefield\",\"description\":\"Bicycle Shop, Paddling and Outdoor Sales and Rentals in Wakefield, Quebec\",\"potentialAction\":[{\"@type\":\"SearchAction\",\"target\":{\"@type\":\"EntryPoint\",\"urlTemplate\":\"http:\\\/\\\/box5661.temp.domains\\\/~lcephumy\\\/?s={search_term_string}\"},\"query-input\":{\"@type\":\"PropertyValueSpecification\",\"valueRequired\":true,\"valueName\":\"search_term_string\"}}],\"inLanguage\":\"fr-FR\"}]}<\/script>\n<!-- \/ Yoast SEO Premium plugin. -->","yoast_head_json":{"title":"Rossignol BC X6 - Expeditions Wakefield","description":"Acc\u00e9dez \u00e0 des destinations inexplor\u00e9es avec la chaussure de ski backcountry BC X6.","robots":{"index":"index","follow":"follow","max-snippet":"max-snippet:-1","max-image-preview":"max-image-preview:large","max-video-preview":"max-video-preview:-1"},"canonical":"https:\/\/expeditionswakefield.com\/fr\/produit\/rossignol-bc-x6\/","og_locale":"fr_FR","og_type":"article","og_title":"Rossignol BC X6","og_description":"Acc\u00e9dez \u00e0 des destinations inexplor\u00e9es avec la chaussure de ski backcountry BC X6.","og_url":"https:\/\/expeditionswakefield.com\/fr\/produit\/rossignol-bc-x6\/","og_site_name":"Expeditions Wakefield","article_modified_time":"2024-12-09T20:15:36+00:00","og_image":[{"width":1200,"height":800,"url":"https:\/\/expeditionswakefield.com\/wp-content\/uploads\/2024\/12\/RossignolBCX6.jpg","type":"image\/jpeg"}],"twitter_card":"summary_large_image","schema":{"@context":"https:\/\/schema.org","@graph":[{"@type":"WebPage","@id":"https:\/\/expeditionswakefield.com\/fr\/produit\/rossignol-bc-x6\/","url":"https:\/\/expeditionswakefield.com\/fr\/produit\/rossignol-bc-x6\/","name":"Rossignol BC X6 - Expeditions Wakefield","isPartOf":{"@id":"http:\/\/box5661.temp.domains\/~lcephumy\/#website"},"primaryImageOfPage":{"@id":"https:\/\/expeditionswakefield.com\/fr\/produit\/rossignol-bc-x6\/#primaryimage"},"image":{"@id":"https:\/\/expeditionswakefield.com\/fr\/produit\/rossignol-bc-x6\/#primaryimage"},"thumbnailUrl":"https:\/\/i0.wp.com\/expeditionswakefield.com\/wp-content\/uploads\/2024\/12\/RossignolBCX6.jpg?fit=1200%2C800&ssl=1","datePublished":"2024-12-09T19:21:12+00:00","dateModified":"2024-12-09T20:15:36+00:00","description":"Acc\u00e9dez \u00e0 des destinations inexplor\u00e9es avec la chaussure de ski backcountry BC X6.","breadcrumb":{"@id":"https:\/\/expeditionswakefield.com\/fr\/produit\/rossignol-bc-x6\/#breadcrumb"},"inLanguage":"fr-FR","potentialAction":[{"@type":"ReadAction","target":["https:\/\/expeditionswakefield.com\/fr\/produit\/rossignol-bc-x6\/"]}]},{"@type":"ImageObject","inLanguage":"fr-FR","@id":"https:\/\/expeditionswakefield.com\/fr\/produit\/rossignol-bc-x6\/#primaryimage","url":"https:\/\/i0.wp.com\/expeditionswakefield.com\/wp-content\/uploads\/2024\/12\/RossignolBCX6.jpg?fit=1200%2C800&ssl=1","contentUrl":"https:\/\/i0.wp.com\/expeditionswakefield.com\/wp-content\/uploads\/2024\/12\/RossignolBCX6.jpg?fit=1200%2C800&ssl=1","width":1200,"height":800},{"@type":"BreadcrumbList","@id":"https:\/\/expeditionswakefield.com\/fr\/produit\/rossignol-bc-x6\/#breadcrumb","itemListElement":[{"@type":"ListItem","position":1,"name":"Home","item":"https:\/\/expeditionswakefield.com\/fr\/"},{"@type":"ListItem","position":2,"name":"Boutique","item":"https:\/\/expeditionswakefield.com\/fr\/boutique\/"},{"@type":"ListItem","position":3,"name":"Rossignol BC X6"}]},{"@type":"WebSite","@id":"http:\/\/box5661.temp.domains\/~lcephumy\/#website","url":"http:\/\/box5661.temp.domains\/~lcephumy\/","name":"Expeditions Wakefield","description":"Bicycle Shop, Paddling and Outdoor Sales and Rentals in Wakefield, Quebec","potentialAction":[{"@type":"SearchAction","target":{"@type":"EntryPoint","urlTemplate":"http:\/\/box5661.temp.domains\/~lcephumy\/?s={search_term_string}"},"query-input":{"@type":"PropertyValueSpecification","valueRequired":true,"valueName":"search_term_string"}}],"inLanguage":"fr-FR"}]}},"jetpack_sharing_enabled":true,"_links":{"self":[{"href":"https:\/\/expeditionswakefield.com\/fr\/wp-json\/wp\/v2\/product\/13597","targetHints":{"allow":["GET"]}}],"collection":[{"href":"https:\/\/expeditionswakefield.com\/fr\/wp-json\/wp\/v2\/product"}],"about":[{"href":"https:\/\/expeditionswakefield.com\/fr\/wp-json\/wp\/v2\/types\/product"}],"version-history":[{"count":1,"href":"https:\/\/expeditionswakefield.com\/fr\/wp-json\/wp\/v2\/product\/13597\/revisions"}],"predecessor-version":[{"id":13605,"href":"https:\/\/expeditionswakefield.com\/fr\/wp-json\/wp\/v2\/product\/13597\/revisions\/13605"}],"wp:featuredmedia":[{"embeddable":true,"href":"https:\/\/expeditionswakefield.com\/fr\/wp-json\/wp\/v2\/media\/13595"}],"wp:attachment":[{"href":"https:\/\/expeditionswakefield.com\/fr\/wp-json\/wp\/v2\/media?parent=13597"}],"wp:term":[{"taxonomy":"product_brand","embeddable":true,"href":"https:\/\/expeditionswakefield.com\/fr\/wp-json\/wp\/v2\/product_brand?post=13597"},{"taxonomy":"product_cat","embeddable":true,"href":"https:\/\/expeditionswakefield.com\/fr\/wp-json\/wp\/v2\/product_cat?post=13597"},{"taxonomy":"product_tag","embeddable":true,"href":"https:\/\/expeditionswakefield.com\/fr\/wp-json\/wp\/v2\/product_tag?post=13597"}],"curies":[{"name":"wp","href":"https:\/\/api.w.org\/{rel}","templated":true}]}}