{"id":12390,"date":"2023-12-26T20:46:03","date_gmt":"2023-12-26T20:46:03","guid":{"rendered":"https:\/\/expeditionswakefield.com\/product\/chausseurs-de-ski-nordique-backcountry-rossigbol-bc5\/"},"modified":"2023-12-26T20:46:03","modified_gmt":"2023-12-26T20:46:03","slug":"chausseurs-de-ski-nordique-backcountry-rossigbol-bc5","status":"publish","type":"product","link":"https:\/\/expeditionswakefield.com\/fr\/produit\/chausseurs-de-ski-nordique-backcountry-rossigbol-bc5\/","title":{"rendered":"Chausseurs de ski nordique backcountry Rossigbol BC5"},"content":{"rendered":"","protected":false},"excerpt":{"rendered":"<p>Explorez les paysages hivernaux avec la chaussure de ski backcountry BC X5. Con\u00e7ue pour les skis de touring mi-larges, cette chaussure polyvalente est \u00e0 la fois l\u00e9g\u00e8re pour la pratique du ski de randonn\u00e9e et performante pour les vir\u00e9es hors-piste. La doublure isolante et thermoformable garde vos pieds au chaud et \u00e0 l&rsquo;aise, tandis que le collier ext\u00e9rieur articul\u00e9 assure stabilit\u00e9 et contr\u00f4le pour vos vir\u00e9es hors-piste.<\/p>\n","protected":false},"featured_media":12025,"template":"","meta":[],"product_brand":[],"product_cat":[440,431],"product_tag":[],"class_list":{"0":"post-12390","1":"product","2":"type-product","3":"status-publish","4":"has-post-thumbnail","6":"product_cat-chaussures-de-ski-nordique","7":"product_cat-hiver","8":"product_shipping_class-standard-fr","10":"first","11":"instock","12":"taxable","13":"shipping-taxable","14":"purchasable","15":"product-type-variable"},"yoast_head":"<!-- This site is optimized with the Yoast SEO Premium plugin v20.6 (Yoast SEO v27.4) - https:\/\/yoast.com\/product\/yoast-seo-premium-wordpress\/ -->\n<title>Chausseurs de ski nordique backcountry Rossigbol BC5 - Expeditions Wakefield<\/title>\n<meta name=\"description\" content=\"Explorez les paysages hivernaux avec la chaussure de ski backcountry BC X5.\" \/>\n<meta name=\"robots\" content=\"index, follow, max-snippet:-1, max-image-preview:large, max-video-preview:-1\" \/>\n<link rel=\"canonical\" href=\"https:\/\/expeditionswakefield.com\/fr\/produit\/chausseurs-de-ski-nordique-backcountry-rossigbol-bc5\/\" \/>\n<meta property=\"og:locale\" content=\"fr_FR\" \/>\n<meta property=\"og:type\" content=\"article\" \/>\n<meta property=\"og:title\" content=\"Chausseurs de ski nordique backcountry Rossigbol BC5\" \/>\n<meta property=\"og:description\" content=\"Explorez les paysages hivernaux avec la chaussure de ski backcountry BC X5.\" \/>\n<meta property=\"og:url\" content=\"https:\/\/expeditionswakefield.com\/fr\/produit\/chausseurs-de-ski-nordique-backcountry-rossigbol-bc5\/\" \/>\n<meta property=\"og:site_name\" content=\"Expeditions Wakefield\" \/>\n<meta property=\"og:image\" content=\"https:\/\/expeditionswakefield.com\/wp-content\/uploads\/2023\/12\/RossignolBCX5W.jpg\" \/>\n\t<meta property=\"og:image:width\" content=\"1200\" \/>\n\t<meta property=\"og:image:height\" content=\"800\" \/>\n\t<meta property=\"og:image:type\" content=\"image\/jpeg\" \/>\n<meta name=\"twitter:card\" content=\"summary_large_image\" \/>\n<script type=\"application\/ld+json\" class=\"yoast-schema-graph\">{\"@context\":\"https:\\\/\\\/schema.org\",\"@graph\":[{\"@type\":\"WebPage\",\"@id\":\"https:\\\/\\\/expeditionswakefield.com\\\/fr\\\/produit\\\/chausseurs-de-ski-nordique-backcountry-rossigbol-bc5\\\/\",\"url\":\"https:\\\/\\\/expeditionswakefield.com\\\/fr\\\/produit\\\/chausseurs-de-ski-nordique-backcountry-rossigbol-bc5\\\/\",\"name\":\"Chausseurs de ski nordique backcountry Rossigbol BC5 - Expeditions Wakefield\",\"isPartOf\":{\"@id\":\"http:\\\/\\\/box5661.temp.domains\\\/~lcephumy\\\/#website\"},\"primaryImageOfPage\":{\"@id\":\"https:\\\/\\\/expeditionswakefield.com\\\/fr\\\/produit\\\/chausseurs-de-ski-nordique-backcountry-rossigbol-bc5\\\/#primaryimage\"},\"image\":{\"@id\":\"https:\\\/\\\/expeditionswakefield.com\\\/fr\\\/produit\\\/chausseurs-de-ski-nordique-backcountry-rossigbol-bc5\\\/#primaryimage\"},\"thumbnailUrl\":\"https:\\\/\\\/i0.wp.com\\\/expeditionswakefield.com\\\/wp-content\\\/uploads\\\/2023\\\/12\\\/RossignolBCX5W.jpg?fit=1200%2C800&ssl=1\",\"datePublished\":\"2023-12-26T20:46:03+00:00\",\"description\":\"Explorez les paysages hivernaux avec la chaussure de ski backcountry BC X5.\",\"breadcrumb\":{\"@id\":\"https:\\\/\\\/expeditionswakefield.com\\\/fr\\\/produit\\\/chausseurs-de-ski-nordique-backcountry-rossigbol-bc5\\\/#breadcrumb\"},\"inLanguage\":\"fr-FR\",\"potentialAction\":[{\"@type\":\"ReadAction\",\"target\":[\"https:\\\/\\\/expeditionswakefield.com\\\/fr\\\/produit\\\/chausseurs-de-ski-nordique-backcountry-rossigbol-bc5\\\/\"]}]},{\"@type\":\"ImageObject\",\"inLanguage\":\"fr-FR\",\"@id\":\"https:\\\/\\\/expeditionswakefield.com\\\/fr\\\/produit\\\/chausseurs-de-ski-nordique-backcountry-rossigbol-bc5\\\/#primaryimage\",\"url\":\"https:\\\/\\\/i0.wp.com\\\/expeditionswakefield.com\\\/wp-content\\\/uploads\\\/2023\\\/12\\\/RossignolBCX5W.jpg?fit=1200%2C800&ssl=1\",\"contentUrl\":\"https:\\\/\\\/i0.wp.com\\\/expeditionswakefield.com\\\/wp-content\\\/uploads\\\/2023\\\/12\\\/RossignolBCX5W.jpg?fit=1200%2C800&ssl=1\",\"width\":1200,\"height\":800},{\"@type\":\"BreadcrumbList\",\"@id\":\"https:\\\/\\\/expeditionswakefield.com\\\/fr\\\/produit\\\/chausseurs-de-ski-nordique-backcountry-rossigbol-bc5\\\/#breadcrumb\",\"itemListElement\":[{\"@type\":\"ListItem\",\"position\":1,\"name\":\"Home\",\"item\":\"https:\\\/\\\/expeditionswakefield.com\\\/fr\\\/\"},{\"@type\":\"ListItem\",\"position\":2,\"name\":\"Boutique\",\"item\":\"https:\\\/\\\/expeditionswakefield.com\\\/fr\\\/boutique\\\/\"},{\"@type\":\"ListItem\",\"position\":3,\"name\":\"Chausseurs de ski nordique backcountry Rossigbol BC5\"}]},{\"@type\":\"WebSite\",\"@id\":\"http:\\\/\\\/box5661.temp.domains\\\/~lcephumy\\\/#website\",\"url\":\"http:\\\/\\\/box5661.temp.domains\\\/~lcephumy\\\/\",\"name\":\"Expeditions Wakefield\",\"description\":\"Bicycle Shop, Paddling and Outdoor Sales and Rentals in Wakefield, Quebec\",\"potentialAction\":[{\"@type\":\"SearchAction\",\"target\":{\"@type\":\"EntryPoint\",\"urlTemplate\":\"http:\\\/\\\/box5661.temp.domains\\\/~lcephumy\\\/?s={search_term_string}\"},\"query-input\":{\"@type\":\"PropertyValueSpecification\",\"valueRequired\":true,\"valueName\":\"search_term_string\"}}],\"inLanguage\":\"fr-FR\"}]}<\/script>\n<!-- \/ Yoast SEO Premium plugin. -->","yoast_head_json":{"title":"Chausseurs de ski nordique backcountry Rossigbol BC5 - Expeditions Wakefield","description":"Explorez les paysages hivernaux avec la chaussure de ski backcountry BC X5.","robots":{"index":"index","follow":"follow","max-snippet":"max-snippet:-1","max-image-preview":"max-image-preview:large","max-video-preview":"max-video-preview:-1"},"canonical":"https:\/\/expeditionswakefield.com\/fr\/produit\/chausseurs-de-ski-nordique-backcountry-rossigbol-bc5\/","og_locale":"fr_FR","og_type":"article","og_title":"Chausseurs de ski nordique backcountry Rossigbol BC5","og_description":"Explorez les paysages hivernaux avec la chaussure de ski backcountry BC X5.","og_url":"https:\/\/expeditionswakefield.com\/fr\/produit\/chausseurs-de-ski-nordique-backcountry-rossigbol-bc5\/","og_site_name":"Expeditions Wakefield","og_image":[{"width":1200,"height":800,"url":"https:\/\/expeditionswakefield.com\/wp-content\/uploads\/2023\/12\/RossignolBCX5W.jpg","type":"image\/jpeg"}],"twitter_card":"summary_large_image","schema":{"@context":"https:\/\/schema.org","@graph":[{"@type":"WebPage","@id":"https:\/\/expeditionswakefield.com\/fr\/produit\/chausseurs-de-ski-nordique-backcountry-rossigbol-bc5\/","url":"https:\/\/expeditionswakefield.com\/fr\/produit\/chausseurs-de-ski-nordique-backcountry-rossigbol-bc5\/","name":"Chausseurs de ski nordique backcountry Rossigbol BC5 - Expeditions Wakefield","isPartOf":{"@id":"http:\/\/box5661.temp.domains\/~lcephumy\/#website"},"primaryImageOfPage":{"@id":"https:\/\/expeditionswakefield.com\/fr\/produit\/chausseurs-de-ski-nordique-backcountry-rossigbol-bc5\/#primaryimage"},"image":{"@id":"https:\/\/expeditionswakefield.com\/fr\/produit\/chausseurs-de-ski-nordique-backcountry-rossigbol-bc5\/#primaryimage"},"thumbnailUrl":"https:\/\/i0.wp.com\/expeditionswakefield.com\/wp-content\/uploads\/2023\/12\/RossignolBCX5W.jpg?fit=1200%2C800&ssl=1","datePublished":"2023-12-26T20:46:03+00:00","description":"Explorez les paysages hivernaux avec la chaussure de ski backcountry BC X5.","breadcrumb":{"@id":"https:\/\/expeditionswakefield.com\/fr\/produit\/chausseurs-de-ski-nordique-backcountry-rossigbol-bc5\/#breadcrumb"},"inLanguage":"fr-FR","potentialAction":[{"@type":"ReadAction","target":["https:\/\/expeditionswakefield.com\/fr\/produit\/chausseurs-de-ski-nordique-backcountry-rossigbol-bc5\/"]}]},{"@type":"ImageObject","inLanguage":"fr-FR","@id":"https:\/\/expeditionswakefield.com\/fr\/produit\/chausseurs-de-ski-nordique-backcountry-rossigbol-bc5\/#primaryimage","url":"https:\/\/i0.wp.com\/expeditionswakefield.com\/wp-content\/uploads\/2023\/12\/RossignolBCX5W.jpg?fit=1200%2C800&ssl=1","contentUrl":"https:\/\/i0.wp.com\/expeditionswakefield.com\/wp-content\/uploads\/2023\/12\/RossignolBCX5W.jpg?fit=1200%2C800&ssl=1","width":1200,"height":800},{"@type":"BreadcrumbList","@id":"https:\/\/expeditionswakefield.com\/fr\/produit\/chausseurs-de-ski-nordique-backcountry-rossigbol-bc5\/#breadcrumb","itemListElement":[{"@type":"ListItem","position":1,"name":"Home","item":"https:\/\/expeditionswakefield.com\/fr\/"},{"@type":"ListItem","position":2,"name":"Boutique","item":"https:\/\/expeditionswakefield.com\/fr\/boutique\/"},{"@type":"ListItem","position":3,"name":"Chausseurs de ski nordique backcountry Rossigbol BC5"}]},{"@type":"WebSite","@id":"http:\/\/box5661.temp.domains\/~lcephumy\/#website","url":"http:\/\/box5661.temp.domains\/~lcephumy\/","name":"Expeditions Wakefield","description":"Bicycle Shop, Paddling and Outdoor Sales and Rentals in Wakefield, Quebec","potentialAction":[{"@type":"SearchAction","target":{"@type":"EntryPoint","urlTemplate":"http:\/\/box5661.temp.domains\/~lcephumy\/?s={search_term_string}"},"query-input":{"@type":"PropertyValueSpecification","valueRequired":true,"valueName":"search_term_string"}}],"inLanguage":"fr-FR"}]}},"jetpack_sharing_enabled":true,"_links":{"self":[{"href":"https:\/\/expeditionswakefield.com\/fr\/wp-json\/wp\/v2\/product\/12390","targetHints":{"allow":["GET"]}}],"collection":[{"href":"https:\/\/expeditionswakefield.com\/fr\/wp-json\/wp\/v2\/product"}],"about":[{"href":"https:\/\/expeditionswakefield.com\/fr\/wp-json\/wp\/v2\/types\/product"}],"version-history":[{"count":0,"href":"https:\/\/expeditionswakefield.com\/fr\/wp-json\/wp\/v2\/product\/12390\/revisions"}],"wp:featuredmedia":[{"embeddable":true,"href":"https:\/\/expeditionswakefield.com\/fr\/wp-json\/wp\/v2\/media\/12025"}],"wp:attachment":[{"href":"https:\/\/expeditionswakefield.com\/fr\/wp-json\/wp\/v2\/media?parent=12390"}],"wp:term":[{"taxonomy":"product_brand","embeddable":true,"href":"https:\/\/expeditionswakefield.com\/fr\/wp-json\/wp\/v2\/product_brand?post=12390"},{"taxonomy":"product_cat","embeddable":true,"href":"https:\/\/expeditionswakefield.com\/fr\/wp-json\/wp\/v2\/product_cat?post=12390"},{"taxonomy":"product_tag","embeddable":true,"href":"https:\/\/expeditionswakefield.com\/fr\/wp-json\/wp\/v2\/product_tag?post=12390"}],"curies":[{"name":"wp","href":"https:\/\/api.w.org\/{rel}","templated":true}]}}