{"id":12358,"date":"2023-11-18T14:08:31","date_gmt":"2023-11-18T14:08:31","guid":{"rendered":"https:\/\/expeditionswakefield.com\/product\/fischer-bcx-gt\/"},"modified":"2023-11-18T14:08:31","modified_gmt":"2023-11-18T14:08:31","slug":"fischer-bcx-gt","status":"publish","type":"product","link":"https:\/\/expeditionswakefield.com\/fr\/produit\/fischer-bcx-gt\/","title":{"rendered":"Fischer BCX GT"},"content":{"rendered":"","protected":false},"excerpt":{"rendered":"<p>Cette chaussure universelle de backcountry convient aussi bien aux mont\u00e9es qu&rsquo;aux descentes. Avec un contrefort int\u00e9gr\u00e9 au talon et un la\u00e7age am\u00e9lior\u00e9, la BCX Grand Tour assure un maintien optimal, un grand confort et une stabilit\u00e9 convaincante. La construction imperm\u00e9able de la chaussure, dont la membrane respirante est reli\u00e9e \u00e0 la doublure int\u00e9rieure, assure un climat optimal durable pour vos pieds.<\/p>\n","protected":false},"featured_media":11992,"template":"","meta":[],"product_brand":[],"product_cat":[440,431],"product_tag":[],"class_list":{"0":"post-12358","1":"product","2":"type-product","3":"status-publish","4":"has-post-thumbnail","6":"product_cat-chaussures-de-ski-nordique","7":"product_cat-hiver","9":"first","10":"outofstock","11":"taxable","12":"shipping-taxable","13":"purchasable","14":"product-type-variable"},"yoast_head":"<!-- This site is optimized with the Yoast SEO Premium plugin v20.6 (Yoast SEO v27.5) - https:\/\/yoast.com\/product\/yoast-seo-premium-wordpress\/ -->\n<title>Fischer BCX GT - Expeditions Wakefield<\/title>\n<meta name=\"description\" content=\"Cette chaussure universelle de backcountry convient aussi bien aux mont\u00e9es qu&#039;aux descentes.\" \/>\n<meta name=\"robots\" content=\"index, follow, max-snippet:-1, max-image-preview:large, max-video-preview:-1\" \/>\n<link rel=\"canonical\" href=\"https:\/\/expeditionswakefield.com\/fr\/produit\/fischer-bcx-gt\/\" \/>\n<meta property=\"og:locale\" content=\"fr_FR\" \/>\n<meta property=\"og:type\" content=\"article\" \/>\n<meta property=\"og:title\" content=\"Fischer BCX GT\" \/>\n<meta property=\"og:description\" content=\"Cette chaussure universelle de backcountry convient aussi bien aux mont\u00e9es qu&#039;aux descentes.\" \/>\n<meta property=\"og:url\" content=\"https:\/\/expeditionswakefield.com\/fr\/produit\/fischer-bcx-gt\/\" \/>\n<meta property=\"og:site_name\" content=\"Expeditions Wakefield\" \/>\n<meta property=\"og:image\" content=\"https:\/\/expeditionswakefield.com\/wp-content\/uploads\/2023\/11\/FischerBCXGT.jpg\" \/>\n\t<meta property=\"og:image:width\" content=\"1200\" \/>\n\t<meta property=\"og:image:height\" content=\"800\" \/>\n\t<meta property=\"og:image:type\" content=\"image\/jpeg\" \/>\n<meta name=\"twitter:card\" content=\"summary_large_image\" \/>\n<script type=\"application\/ld+json\" class=\"yoast-schema-graph\">{\"@context\":\"https:\\\/\\\/schema.org\",\"@graph\":[{\"@type\":\"WebPage\",\"@id\":\"https:\\\/\\\/expeditionswakefield.com\\\/fr\\\/produit\\\/fischer-bcx-gt\\\/\",\"url\":\"https:\\\/\\\/expeditionswakefield.com\\\/fr\\\/produit\\\/fischer-bcx-gt\\\/\",\"name\":\"Fischer BCX GT - Expeditions Wakefield\",\"isPartOf\":{\"@id\":\"http:\\\/\\\/box5661.temp.domains\\\/~lcephumy\\\/#website\"},\"primaryImageOfPage\":{\"@id\":\"https:\\\/\\\/expeditionswakefield.com\\\/fr\\\/produit\\\/fischer-bcx-gt\\\/#primaryimage\"},\"image\":{\"@id\":\"https:\\\/\\\/expeditionswakefield.com\\\/fr\\\/produit\\\/fischer-bcx-gt\\\/#primaryimage\"},\"thumbnailUrl\":\"https:\\\/\\\/i0.wp.com\\\/expeditionswakefield.com\\\/wp-content\\\/uploads\\\/2023\\\/11\\\/FischerBCXGT.jpg?fit=1200%2C800&ssl=1\",\"datePublished\":\"2023-11-18T14:08:31+00:00\",\"description\":\"Cette chaussure universelle de backcountry convient aussi bien aux mont\u00e9es qu'aux descentes.\",\"breadcrumb\":{\"@id\":\"https:\\\/\\\/expeditionswakefield.com\\\/fr\\\/produit\\\/fischer-bcx-gt\\\/#breadcrumb\"},\"inLanguage\":\"fr-FR\",\"potentialAction\":[{\"@type\":\"ReadAction\",\"target\":[\"https:\\\/\\\/expeditionswakefield.com\\\/fr\\\/produit\\\/fischer-bcx-gt\\\/\"]}]},{\"@type\":\"ImageObject\",\"inLanguage\":\"fr-FR\",\"@id\":\"https:\\\/\\\/expeditionswakefield.com\\\/fr\\\/produit\\\/fischer-bcx-gt\\\/#primaryimage\",\"url\":\"https:\\\/\\\/i0.wp.com\\\/expeditionswakefield.com\\\/wp-content\\\/uploads\\\/2023\\\/11\\\/FischerBCXGT.jpg?fit=1200%2C800&ssl=1\",\"contentUrl\":\"https:\\\/\\\/i0.wp.com\\\/expeditionswakefield.com\\\/wp-content\\\/uploads\\\/2023\\\/11\\\/FischerBCXGT.jpg?fit=1200%2C800&ssl=1\",\"width\":1200,\"height\":800},{\"@type\":\"BreadcrumbList\",\"@id\":\"https:\\\/\\\/expeditionswakefield.com\\\/fr\\\/produit\\\/fischer-bcx-gt\\\/#breadcrumb\",\"itemListElement\":[{\"@type\":\"ListItem\",\"position\":1,\"name\":\"Home\",\"item\":\"https:\\\/\\\/expeditionswakefield.com\\\/fr\\\/\"},{\"@type\":\"ListItem\",\"position\":2,\"name\":\"Boutique\",\"item\":\"https:\\\/\\\/expeditionswakefield.com\\\/fr\\\/boutique\\\/\"},{\"@type\":\"ListItem\",\"position\":3,\"name\":\"Fischer BCX GT\"}]},{\"@type\":\"WebSite\",\"@id\":\"http:\\\/\\\/box5661.temp.domains\\\/~lcephumy\\\/#website\",\"url\":\"http:\\\/\\\/box5661.temp.domains\\\/~lcephumy\\\/\",\"name\":\"Expeditions Wakefield\",\"description\":\"Bicycle Shop, Paddling and Outdoor Sales and Rentals in Wakefield, Quebec\",\"potentialAction\":[{\"@type\":\"SearchAction\",\"target\":{\"@type\":\"EntryPoint\",\"urlTemplate\":\"http:\\\/\\\/box5661.temp.domains\\\/~lcephumy\\\/?s={search_term_string}\"},\"query-input\":{\"@type\":\"PropertyValueSpecification\",\"valueRequired\":true,\"valueName\":\"search_term_string\"}}],\"inLanguage\":\"fr-FR\"}]}<\/script>\n<!-- \/ Yoast SEO Premium plugin. -->","yoast_head_json":{"title":"Fischer BCX GT - Expeditions Wakefield","description":"Cette chaussure universelle de backcountry convient aussi bien aux mont\u00e9es qu'aux descentes.","robots":{"index":"index","follow":"follow","max-snippet":"max-snippet:-1","max-image-preview":"max-image-preview:large","max-video-preview":"max-video-preview:-1"},"canonical":"https:\/\/expeditionswakefield.com\/fr\/produit\/fischer-bcx-gt\/","og_locale":"fr_FR","og_type":"article","og_title":"Fischer BCX GT","og_description":"Cette chaussure universelle de backcountry convient aussi bien aux mont\u00e9es qu'aux descentes.","og_url":"https:\/\/expeditionswakefield.com\/fr\/produit\/fischer-bcx-gt\/","og_site_name":"Expeditions Wakefield","og_image":[{"width":1200,"height":800,"url":"https:\/\/expeditionswakefield.com\/wp-content\/uploads\/2023\/11\/FischerBCXGT.jpg","type":"image\/jpeg"}],"twitter_card":"summary_large_image","schema":{"@context":"https:\/\/schema.org","@graph":[{"@type":"WebPage","@id":"https:\/\/expeditionswakefield.com\/fr\/produit\/fischer-bcx-gt\/","url":"https:\/\/expeditionswakefield.com\/fr\/produit\/fischer-bcx-gt\/","name":"Fischer BCX GT - Expeditions Wakefield","isPartOf":{"@id":"http:\/\/box5661.temp.domains\/~lcephumy\/#website"},"primaryImageOfPage":{"@id":"https:\/\/expeditionswakefield.com\/fr\/produit\/fischer-bcx-gt\/#primaryimage"},"image":{"@id":"https:\/\/expeditionswakefield.com\/fr\/produit\/fischer-bcx-gt\/#primaryimage"},"thumbnailUrl":"https:\/\/i0.wp.com\/expeditionswakefield.com\/wp-content\/uploads\/2023\/11\/FischerBCXGT.jpg?fit=1200%2C800&ssl=1","datePublished":"2023-11-18T14:08:31+00:00","description":"Cette chaussure universelle de backcountry convient aussi bien aux mont\u00e9es qu'aux descentes.","breadcrumb":{"@id":"https:\/\/expeditionswakefield.com\/fr\/produit\/fischer-bcx-gt\/#breadcrumb"},"inLanguage":"fr-FR","potentialAction":[{"@type":"ReadAction","target":["https:\/\/expeditionswakefield.com\/fr\/produit\/fischer-bcx-gt\/"]}]},{"@type":"ImageObject","inLanguage":"fr-FR","@id":"https:\/\/expeditionswakefield.com\/fr\/produit\/fischer-bcx-gt\/#primaryimage","url":"https:\/\/i0.wp.com\/expeditionswakefield.com\/wp-content\/uploads\/2023\/11\/FischerBCXGT.jpg?fit=1200%2C800&ssl=1","contentUrl":"https:\/\/i0.wp.com\/expeditionswakefield.com\/wp-content\/uploads\/2023\/11\/FischerBCXGT.jpg?fit=1200%2C800&ssl=1","width":1200,"height":800},{"@type":"BreadcrumbList","@id":"https:\/\/expeditionswakefield.com\/fr\/produit\/fischer-bcx-gt\/#breadcrumb","itemListElement":[{"@type":"ListItem","position":1,"name":"Home","item":"https:\/\/expeditionswakefield.com\/fr\/"},{"@type":"ListItem","position":2,"name":"Boutique","item":"https:\/\/expeditionswakefield.com\/fr\/boutique\/"},{"@type":"ListItem","position":3,"name":"Fischer BCX GT"}]},{"@type":"WebSite","@id":"http:\/\/box5661.temp.domains\/~lcephumy\/#website","url":"http:\/\/box5661.temp.domains\/~lcephumy\/","name":"Expeditions Wakefield","description":"Bicycle Shop, Paddling and Outdoor Sales and Rentals in Wakefield, Quebec","potentialAction":[{"@type":"SearchAction","target":{"@type":"EntryPoint","urlTemplate":"http:\/\/box5661.temp.domains\/~lcephumy\/?s={search_term_string}"},"query-input":{"@type":"PropertyValueSpecification","valueRequired":true,"valueName":"search_term_string"}}],"inLanguage":"fr-FR"}]}},"jetpack_sharing_enabled":true,"_links":{"self":[{"href":"https:\/\/expeditionswakefield.com\/fr\/wp-json\/wp\/v2\/product\/12358","targetHints":{"allow":["GET"]}}],"collection":[{"href":"https:\/\/expeditionswakefield.com\/fr\/wp-json\/wp\/v2\/product"}],"about":[{"href":"https:\/\/expeditionswakefield.com\/fr\/wp-json\/wp\/v2\/types\/product"}],"version-history":[{"count":0,"href":"https:\/\/expeditionswakefield.com\/fr\/wp-json\/wp\/v2\/product\/12358\/revisions"}],"wp:featuredmedia":[{"embeddable":true,"href":"https:\/\/expeditionswakefield.com\/fr\/wp-json\/wp\/v2\/media\/11992"}],"wp:attachment":[{"href":"https:\/\/expeditionswakefield.com\/fr\/wp-json\/wp\/v2\/media?parent=12358"}],"wp:term":[{"taxonomy":"product_brand","embeddable":true,"href":"https:\/\/expeditionswakefield.com\/fr\/wp-json\/wp\/v2\/product_brand?post=12358"},{"taxonomy":"product_cat","embeddable":true,"href":"https:\/\/expeditionswakefield.com\/fr\/wp-json\/wp\/v2\/product_cat?post=12358"},{"taxonomy":"product_tag","embeddable":true,"href":"https:\/\/expeditionswakefield.com\/fr\/wp-json\/wp\/v2\/product_tag?post=12358"}],"curies":[{"name":"wp","href":"https:\/\/api.w.org\/{rel}","templated":true}]}}