{"id":12348,"date":"2023-11-18T13:41:28","date_gmt":"2023-11-18T13:41:28","guid":{"rendered":"https:\/\/expeditionswakefield.com\/product\/fischer-bcx-transnordic\/"},"modified":"2023-11-18T13:41:28","modified_gmt":"2023-11-18T13:41:28","slug":"fischer-bcx-transnordic","status":"publish","type":"product","link":"https:\/\/expeditionswakefield.com\/fr\/produit\/fischer-bcx-transnordic\/","title":{"rendered":"Fischer BCX Transnordic"},"content":{"rendered":"","protected":false},"excerpt":{"rendered":"<p>Notre mod\u00e8le con\u00e7u pour les longues randonn\u00e9es et les exp\u00e9ditions. La construction de la BCX Transnordic avec une membrane Triple-F et une tige en cuir assure en outre une bonne respirabilit\u00e9. La tige haute, son contrefort renforc\u00e9 et sa semelle BC \u00e9largie offrent contr\u00f4le, accroche et soliditi\u00e9 dans cette chaussure haut de gamme. La construction imperm\u00e9able de la chaussure, dont la membrane respirante est reli\u00e9e \u00e0 la doublure int\u00e9rieure, assure un climat optimal durable pour vos pieds.<\/p>\n","protected":false},"featured_media":11991,"template":"","meta":[],"product_brand":[],"product_cat":[440,431],"product_tag":[],"class_list":{"0":"post-12348","1":"product","2":"type-product","3":"status-publish","4":"has-post-thumbnail","6":"product_cat-chaussures-de-ski-nordique","7":"product_cat-hiver","9":"first","10":"outofstock","11":"sale","12":"taxable","13":"shipping-taxable","14":"purchasable","15":"product-type-variable"},"yoast_head":"<!-- This site is optimized with the Yoast SEO Premium plugin v20.6 (Yoast SEO v27.4) - https:\/\/yoast.com\/product\/yoast-seo-premium-wordpress\/ -->\n<title>Fischer BCX Transnordic - Expeditions Wakefield<\/title>\n<meta name=\"robots\" content=\"index, follow, max-snippet:-1, max-image-preview:large, max-video-preview:-1\" \/>\n<link rel=\"canonical\" href=\"https:\/\/expeditionswakefield.com\/fr\/produit\/fischer-bcx-transnordic\/\" \/>\n<meta property=\"og:locale\" content=\"fr_FR\" \/>\n<meta property=\"og:type\" content=\"article\" \/>\n<meta property=\"og:title\" content=\"Fischer BCX Transnordic\" \/>\n<meta property=\"og:description\" content=\"Notre mod\u00e8le con\u00e7u pour les longues randonn\u00e9es et les exp\u00e9ditions. La construction de la BCX Transnordic avec une membrane Triple-F et une tige en cuir assure en outre une bonne respirabilit\u00e9. La tige haute, son contrefort renforc\u00e9 et sa semelle BC \u00e9largie offrent contr\u00f4le, accroche et soliditi\u00e9 dans cette chaussure haut de gamme. La construction imperm\u00e9able de la chaussure, dont la membrane respirante est reli\u00e9e \u00e0 la doublure int\u00e9rieure, assure un climat optimal durable pour vos pieds.\" \/>\n<meta property=\"og:url\" content=\"https:\/\/expeditionswakefield.com\/fr\/produit\/fischer-bcx-transnordic\/\" \/>\n<meta property=\"og:site_name\" content=\"Expeditions Wakefield\" \/>\n<meta property=\"og:image\" content=\"https:\/\/expeditionswakefield.com\/wp-content\/uploads\/2023\/11\/FishscherBCXTransnordic.jpg\" \/>\n\t<meta property=\"og:image:width\" content=\"1200\" \/>\n\t<meta property=\"og:image:height\" content=\"800\" \/>\n\t<meta property=\"og:image:type\" content=\"image\/jpeg\" \/>\n<meta name=\"twitter:card\" content=\"summary_large_image\" \/>\n<script type=\"application\/ld+json\" class=\"yoast-schema-graph\">{\"@context\":\"https:\\\/\\\/schema.org\",\"@graph\":[{\"@type\":\"WebPage\",\"@id\":\"https:\\\/\\\/expeditionswakefield.com\\\/fr\\\/produit\\\/fischer-bcx-transnordic\\\/\",\"url\":\"https:\\\/\\\/expeditionswakefield.com\\\/fr\\\/produit\\\/fischer-bcx-transnordic\\\/\",\"name\":\"Fischer BCX Transnordic - Expeditions Wakefield\",\"isPartOf\":{\"@id\":\"http:\\\/\\\/box5661.temp.domains\\\/~lcephumy\\\/#website\"},\"primaryImageOfPage\":{\"@id\":\"https:\\\/\\\/expeditionswakefield.com\\\/fr\\\/produit\\\/fischer-bcx-transnordic\\\/#primaryimage\"},\"image\":{\"@id\":\"https:\\\/\\\/expeditionswakefield.com\\\/fr\\\/produit\\\/fischer-bcx-transnordic\\\/#primaryimage\"},\"thumbnailUrl\":\"https:\\\/\\\/i0.wp.com\\\/expeditionswakefield.com\\\/wp-content\\\/uploads\\\/2023\\\/11\\\/FishscherBCXTransnordic.jpg?fit=1200%2C800&ssl=1\",\"datePublished\":\"2023-11-18T13:41:28+00:00\",\"breadcrumb\":{\"@id\":\"https:\\\/\\\/expeditionswakefield.com\\\/fr\\\/produit\\\/fischer-bcx-transnordic\\\/#breadcrumb\"},\"inLanguage\":\"fr-FR\",\"potentialAction\":[{\"@type\":\"ReadAction\",\"target\":[\"https:\\\/\\\/expeditionswakefield.com\\\/fr\\\/produit\\\/fischer-bcx-transnordic\\\/\"]}]},{\"@type\":\"ImageObject\",\"inLanguage\":\"fr-FR\",\"@id\":\"https:\\\/\\\/expeditionswakefield.com\\\/fr\\\/produit\\\/fischer-bcx-transnordic\\\/#primaryimage\",\"url\":\"https:\\\/\\\/i0.wp.com\\\/expeditionswakefield.com\\\/wp-content\\\/uploads\\\/2023\\\/11\\\/FishscherBCXTransnordic.jpg?fit=1200%2C800&ssl=1\",\"contentUrl\":\"https:\\\/\\\/i0.wp.com\\\/expeditionswakefield.com\\\/wp-content\\\/uploads\\\/2023\\\/11\\\/FishscherBCXTransnordic.jpg?fit=1200%2C800&ssl=1\",\"width\":1200,\"height\":800},{\"@type\":\"BreadcrumbList\",\"@id\":\"https:\\\/\\\/expeditionswakefield.com\\\/fr\\\/produit\\\/fischer-bcx-transnordic\\\/#breadcrumb\",\"itemListElement\":[{\"@type\":\"ListItem\",\"position\":1,\"name\":\"Home\",\"item\":\"https:\\\/\\\/expeditionswakefield.com\\\/fr\\\/\"},{\"@type\":\"ListItem\",\"position\":2,\"name\":\"Boutique\",\"item\":\"https:\\\/\\\/expeditionswakefield.com\\\/fr\\\/boutique\\\/\"},{\"@type\":\"ListItem\",\"position\":3,\"name\":\"Fischer BCX Transnordic\"}]},{\"@type\":\"WebSite\",\"@id\":\"http:\\\/\\\/box5661.temp.domains\\\/~lcephumy\\\/#website\",\"url\":\"http:\\\/\\\/box5661.temp.domains\\\/~lcephumy\\\/\",\"name\":\"Expeditions Wakefield\",\"description\":\"Bicycle Shop, Paddling and Outdoor Sales and Rentals in Wakefield, Quebec\",\"potentialAction\":[{\"@type\":\"SearchAction\",\"target\":{\"@type\":\"EntryPoint\",\"urlTemplate\":\"http:\\\/\\\/box5661.temp.domains\\\/~lcephumy\\\/?s={search_term_string}\"},\"query-input\":{\"@type\":\"PropertyValueSpecification\",\"valueRequired\":true,\"valueName\":\"search_term_string\"}}],\"inLanguage\":\"fr-FR\"}]}<\/script>\n<!-- \/ Yoast SEO Premium plugin. -->","yoast_head_json":{"title":"Fischer BCX Transnordic - Expeditions Wakefield","robots":{"index":"index","follow":"follow","max-snippet":"max-snippet:-1","max-image-preview":"max-image-preview:large","max-video-preview":"max-video-preview:-1"},"canonical":"https:\/\/expeditionswakefield.com\/fr\/produit\/fischer-bcx-transnordic\/","og_locale":"fr_FR","og_type":"article","og_title":"Fischer BCX Transnordic","og_description":"Notre mod\u00e8le con\u00e7u pour les longues randonn\u00e9es et les exp\u00e9ditions. La construction de la BCX Transnordic avec une membrane Triple-F et une tige en cuir assure en outre une bonne respirabilit\u00e9. La tige haute, son contrefort renforc\u00e9 et sa semelle BC \u00e9largie offrent contr\u00f4le, accroche et soliditi\u00e9 dans cette chaussure haut de gamme. La construction imperm\u00e9able de la chaussure, dont la membrane respirante est reli\u00e9e \u00e0 la doublure int\u00e9rieure, assure un climat optimal durable pour vos pieds.","og_url":"https:\/\/expeditionswakefield.com\/fr\/produit\/fischer-bcx-transnordic\/","og_site_name":"Expeditions Wakefield","og_image":[{"width":1200,"height":800,"url":"https:\/\/expeditionswakefield.com\/wp-content\/uploads\/2023\/11\/FishscherBCXTransnordic.jpg","type":"image\/jpeg"}],"twitter_card":"summary_large_image","schema":{"@context":"https:\/\/schema.org","@graph":[{"@type":"WebPage","@id":"https:\/\/expeditionswakefield.com\/fr\/produit\/fischer-bcx-transnordic\/","url":"https:\/\/expeditionswakefield.com\/fr\/produit\/fischer-bcx-transnordic\/","name":"Fischer BCX Transnordic - Expeditions Wakefield","isPartOf":{"@id":"http:\/\/box5661.temp.domains\/~lcephumy\/#website"},"primaryImageOfPage":{"@id":"https:\/\/expeditionswakefield.com\/fr\/produit\/fischer-bcx-transnordic\/#primaryimage"},"image":{"@id":"https:\/\/expeditionswakefield.com\/fr\/produit\/fischer-bcx-transnordic\/#primaryimage"},"thumbnailUrl":"https:\/\/i0.wp.com\/expeditionswakefield.com\/wp-content\/uploads\/2023\/11\/FishscherBCXTransnordic.jpg?fit=1200%2C800&ssl=1","datePublished":"2023-11-18T13:41:28+00:00","breadcrumb":{"@id":"https:\/\/expeditionswakefield.com\/fr\/produit\/fischer-bcx-transnordic\/#breadcrumb"},"inLanguage":"fr-FR","potentialAction":[{"@type":"ReadAction","target":["https:\/\/expeditionswakefield.com\/fr\/produit\/fischer-bcx-transnordic\/"]}]},{"@type":"ImageObject","inLanguage":"fr-FR","@id":"https:\/\/expeditionswakefield.com\/fr\/produit\/fischer-bcx-transnordic\/#primaryimage","url":"https:\/\/i0.wp.com\/expeditionswakefield.com\/wp-content\/uploads\/2023\/11\/FishscherBCXTransnordic.jpg?fit=1200%2C800&ssl=1","contentUrl":"https:\/\/i0.wp.com\/expeditionswakefield.com\/wp-content\/uploads\/2023\/11\/FishscherBCXTransnordic.jpg?fit=1200%2C800&ssl=1","width":1200,"height":800},{"@type":"BreadcrumbList","@id":"https:\/\/expeditionswakefield.com\/fr\/produit\/fischer-bcx-transnordic\/#breadcrumb","itemListElement":[{"@type":"ListItem","position":1,"name":"Home","item":"https:\/\/expeditionswakefield.com\/fr\/"},{"@type":"ListItem","position":2,"name":"Boutique","item":"https:\/\/expeditionswakefield.com\/fr\/boutique\/"},{"@type":"ListItem","position":3,"name":"Fischer BCX Transnordic"}]},{"@type":"WebSite","@id":"http:\/\/box5661.temp.domains\/~lcephumy\/#website","url":"http:\/\/box5661.temp.domains\/~lcephumy\/","name":"Expeditions Wakefield","description":"Bicycle Shop, Paddling and Outdoor Sales and Rentals in Wakefield, Quebec","potentialAction":[{"@type":"SearchAction","target":{"@type":"EntryPoint","urlTemplate":"http:\/\/box5661.temp.domains\/~lcephumy\/?s={search_term_string}"},"query-input":{"@type":"PropertyValueSpecification","valueRequired":true,"valueName":"search_term_string"}}],"inLanguage":"fr-FR"}]}},"jetpack_sharing_enabled":true,"_links":{"self":[{"href":"https:\/\/expeditionswakefield.com\/fr\/wp-json\/wp\/v2\/product\/12348","targetHints":{"allow":["GET"]}}],"collection":[{"href":"https:\/\/expeditionswakefield.com\/fr\/wp-json\/wp\/v2\/product"}],"about":[{"href":"https:\/\/expeditionswakefield.com\/fr\/wp-json\/wp\/v2\/types\/product"}],"version-history":[{"count":0,"href":"https:\/\/expeditionswakefield.com\/fr\/wp-json\/wp\/v2\/product\/12348\/revisions"}],"wp:featuredmedia":[{"embeddable":true,"href":"https:\/\/expeditionswakefield.com\/fr\/wp-json\/wp\/v2\/media\/11991"}],"wp:attachment":[{"href":"https:\/\/expeditionswakefield.com\/fr\/wp-json\/wp\/v2\/media?parent=12348"}],"wp:term":[{"taxonomy":"product_brand","embeddable":true,"href":"https:\/\/expeditionswakefield.com\/fr\/wp-json\/wp\/v2\/product_brand?post=12348"},{"taxonomy":"product_cat","embeddable":true,"href":"https:\/\/expeditionswakefield.com\/fr\/wp-json\/wp\/v2\/product_cat?post=12348"},{"taxonomy":"product_tag","embeddable":true,"href":"https:\/\/expeditionswakefield.com\/fr\/wp-json\/wp\/v2\/product_tag?post=12348"}],"curies":[{"name":"wp","href":"https:\/\/api.w.org\/{rel}","templated":true}]}}