{"id":12334,"date":"2023-11-07T02:04:35","date_gmt":"2023-11-07T02:04:35","guid":{"rendered":"https:\/\/expeditionswakefield.com\/product\/fischer-sports-step-ifp\/"},"modified":"2023-11-07T02:04:35","modified_gmt":"2023-11-07T02:04:35","slug":"fischer-sports-step-ifp","status":"publish","type":"product","link":"https:\/\/expeditionswakefield.com\/fr\/produit\/fischer-sports-step-ifp\/","title":{"rendered":"Fischer Sports Step IFP"},"content":{"rendered":"","protected":false},"excerpt":{"rendered":"<p><strong><br \/>\n<\/strong>Le Fischer Sports Step est un ski polyvalent et facile \u00e0 utiliser, optimis\u00e9 pour les nouveaux skieurs nordiques. L&rsquo;aide \u00e0 l&rsquo;escalade Step adh\u00e8re et glisse en douceur dans une grande vari\u00e9t\u00e9 de conditions de neige.<\/p>\n<p>*FIXATIONS vendues s\u00e9par\u00e9ment.<\/p>\n","protected":false},"featured_media":11984,"template":"","meta":[],"product_brand":[],"product_cat":[431,439],"product_tag":[],"class_list":{"0":"post-12334","1":"product","2":"type-product","3":"status-publish","4":"has-post-thumbnail","6":"product_cat-hiver","7":"product_cat-ski-nordiques","8":"product_shipping_class-skis-fr","10":"first","11":"outofstock","12":"sale","13":"taxable","14":"shipping-taxable","15":"purchasable","16":"product-type-variable"},"yoast_head":"<!-- This site is optimized with the Yoast SEO Premium plugin v20.6 (Yoast SEO v27.5) - https:\/\/yoast.com\/product\/yoast-seo-premium-wordpress\/ -->\n<title>Fischer Sports Step IFP - Expeditions Wakefield<\/title>\n<meta name=\"description\" content=\"Le Fischer Sports Step est un ski polyvalent et facile \u00e0 utiliser, optimis\u00e9 pour les nouveaux skieurs nordiques. L&#039;aide \u00e0 l&#039;escalade Step adh\u00e8re et glisse en douceur dans une grande vari\u00e9t\u00e9 de conditions de neige.\" \/>\n<meta name=\"robots\" content=\"index, follow, max-snippet:-1, max-image-preview:large, max-video-preview:-1\" \/>\n<link rel=\"canonical\" href=\"https:\/\/expeditionswakefield.com\/fr\/produit\/fischer-sports-step-ifp\/\" \/>\n<meta property=\"og:locale\" content=\"fr_FR\" \/>\n<meta property=\"og:type\" content=\"article\" \/>\n<meta property=\"og:title\" content=\"Fischer Sports Step IFP\" \/>\n<meta property=\"og:description\" content=\"Le Fischer Sports Step est un ski polyvalent et facile \u00e0 utiliser, optimis\u00e9 pour les nouveaux skieurs nordiques. L&#039;aide \u00e0 l&#039;escalade Step adh\u00e8re et glisse en douceur dans une grande vari\u00e9t\u00e9 de conditions de neige.\" \/>\n<meta property=\"og:url\" content=\"https:\/\/expeditionswakefield.com\/fr\/produit\/fischer-sports-step-ifp\/\" \/>\n<meta property=\"og:site_name\" content=\"Expeditions Wakefield\" \/>\n<meta property=\"og:image\" content=\"https:\/\/expeditionswakefield.com\/wp-content\/uploads\/2023\/11\/FischerSportStep.jpg\" \/>\n\t<meta property=\"og:image:width\" content=\"700\" \/>\n\t<meta property=\"og:image:height\" content=\"467\" \/>\n\t<meta property=\"og:image:type\" content=\"image\/jpeg\" \/>\n<meta name=\"twitter:card\" content=\"summary_large_image\" \/>\n<script type=\"application\/ld+json\" class=\"yoast-schema-graph\">{\"@context\":\"https:\\\/\\\/schema.org\",\"@graph\":[{\"@type\":\"WebPage\",\"@id\":\"https:\\\/\\\/expeditionswakefield.com\\\/fr\\\/produit\\\/fischer-sports-step-ifp\\\/\",\"url\":\"https:\\\/\\\/expeditionswakefield.com\\\/fr\\\/produit\\\/fischer-sports-step-ifp\\\/\",\"name\":\"Fischer Sports Step IFP - Expeditions Wakefield\",\"isPartOf\":{\"@id\":\"http:\\\/\\\/box5661.temp.domains\\\/~lcephumy\\\/#website\"},\"primaryImageOfPage\":{\"@id\":\"https:\\\/\\\/expeditionswakefield.com\\\/fr\\\/produit\\\/fischer-sports-step-ifp\\\/#primaryimage\"},\"image\":{\"@id\":\"https:\\\/\\\/expeditionswakefield.com\\\/fr\\\/produit\\\/fischer-sports-step-ifp\\\/#primaryimage\"},\"thumbnailUrl\":\"https:\\\/\\\/i0.wp.com\\\/expeditionswakefield.com\\\/wp-content\\\/uploads\\\/2023\\\/11\\\/FischerSportStep.jpg?fit=700%2C467&ssl=1\",\"datePublished\":\"2023-11-07T02:04:35+00:00\",\"description\":\"Le Fischer Sports Step est un ski polyvalent et facile \u00e0 utiliser, optimis\u00e9 pour les nouveaux skieurs nordiques. L'aide \u00e0 l'escalade Step adh\u00e8re et glisse en douceur dans une grande vari\u00e9t\u00e9 de conditions de neige.\",\"breadcrumb\":{\"@id\":\"https:\\\/\\\/expeditionswakefield.com\\\/fr\\\/produit\\\/fischer-sports-step-ifp\\\/#breadcrumb\"},\"inLanguage\":\"fr-FR\",\"potentialAction\":[{\"@type\":\"ReadAction\",\"target\":[\"https:\\\/\\\/expeditionswakefield.com\\\/fr\\\/produit\\\/fischer-sports-step-ifp\\\/\"]}]},{\"@type\":\"ImageObject\",\"inLanguage\":\"fr-FR\",\"@id\":\"https:\\\/\\\/expeditionswakefield.com\\\/fr\\\/produit\\\/fischer-sports-step-ifp\\\/#primaryimage\",\"url\":\"https:\\\/\\\/i0.wp.com\\\/expeditionswakefield.com\\\/wp-content\\\/uploads\\\/2023\\\/11\\\/FischerSportStep.jpg?fit=700%2C467&ssl=1\",\"contentUrl\":\"https:\\\/\\\/i0.wp.com\\\/expeditionswakefield.com\\\/wp-content\\\/uploads\\\/2023\\\/11\\\/FischerSportStep.jpg?fit=700%2C467&ssl=1\",\"width\":700,\"height\":467},{\"@type\":\"BreadcrumbList\",\"@id\":\"https:\\\/\\\/expeditionswakefield.com\\\/fr\\\/produit\\\/fischer-sports-step-ifp\\\/#breadcrumb\",\"itemListElement\":[{\"@type\":\"ListItem\",\"position\":1,\"name\":\"Home\",\"item\":\"https:\\\/\\\/expeditionswakefield.com\\\/fr\\\/\"},{\"@type\":\"ListItem\",\"position\":2,\"name\":\"Boutique\",\"item\":\"https:\\\/\\\/expeditionswakefield.com\\\/fr\\\/boutique\\\/\"},{\"@type\":\"ListItem\",\"position\":3,\"name\":\"Fischer Sports Step IFP\"}]},{\"@type\":\"WebSite\",\"@id\":\"http:\\\/\\\/box5661.temp.domains\\\/~lcephumy\\\/#website\",\"url\":\"http:\\\/\\\/box5661.temp.domains\\\/~lcephumy\\\/\",\"name\":\"Expeditions Wakefield\",\"description\":\"Bicycle Shop, Paddling and Outdoor Sales and Rentals in Wakefield, Quebec\",\"potentialAction\":[{\"@type\":\"SearchAction\",\"target\":{\"@type\":\"EntryPoint\",\"urlTemplate\":\"http:\\\/\\\/box5661.temp.domains\\\/~lcephumy\\\/?s={search_term_string}\"},\"query-input\":{\"@type\":\"PropertyValueSpecification\",\"valueRequired\":true,\"valueName\":\"search_term_string\"}}],\"inLanguage\":\"fr-FR\"}]}<\/script>\n<!-- \/ Yoast SEO Premium plugin. -->","yoast_head_json":{"title":"Fischer Sports Step IFP - Expeditions Wakefield","description":"Le Fischer Sports Step est un ski polyvalent et facile \u00e0 utiliser, optimis\u00e9 pour les nouveaux skieurs nordiques. L'aide \u00e0 l'escalade Step adh\u00e8re et glisse en douceur dans une grande vari\u00e9t\u00e9 de conditions de neige.","robots":{"index":"index","follow":"follow","max-snippet":"max-snippet:-1","max-image-preview":"max-image-preview:large","max-video-preview":"max-video-preview:-1"},"canonical":"https:\/\/expeditionswakefield.com\/fr\/produit\/fischer-sports-step-ifp\/","og_locale":"fr_FR","og_type":"article","og_title":"Fischer Sports Step IFP","og_description":"Le Fischer Sports Step est un ski polyvalent et facile \u00e0 utiliser, optimis\u00e9 pour les nouveaux skieurs nordiques. L'aide \u00e0 l'escalade Step adh\u00e8re et glisse en douceur dans une grande vari\u00e9t\u00e9 de conditions de neige.","og_url":"https:\/\/expeditionswakefield.com\/fr\/produit\/fischer-sports-step-ifp\/","og_site_name":"Expeditions Wakefield","og_image":[{"width":700,"height":467,"url":"https:\/\/expeditionswakefield.com\/wp-content\/uploads\/2023\/11\/FischerSportStep.jpg","type":"image\/jpeg"}],"twitter_card":"summary_large_image","schema":{"@context":"https:\/\/schema.org","@graph":[{"@type":"WebPage","@id":"https:\/\/expeditionswakefield.com\/fr\/produit\/fischer-sports-step-ifp\/","url":"https:\/\/expeditionswakefield.com\/fr\/produit\/fischer-sports-step-ifp\/","name":"Fischer Sports Step IFP - Expeditions Wakefield","isPartOf":{"@id":"http:\/\/box5661.temp.domains\/~lcephumy\/#website"},"primaryImageOfPage":{"@id":"https:\/\/expeditionswakefield.com\/fr\/produit\/fischer-sports-step-ifp\/#primaryimage"},"image":{"@id":"https:\/\/expeditionswakefield.com\/fr\/produit\/fischer-sports-step-ifp\/#primaryimage"},"thumbnailUrl":"https:\/\/i0.wp.com\/expeditionswakefield.com\/wp-content\/uploads\/2023\/11\/FischerSportStep.jpg?fit=700%2C467&ssl=1","datePublished":"2023-11-07T02:04:35+00:00","description":"Le Fischer Sports Step est un ski polyvalent et facile \u00e0 utiliser, optimis\u00e9 pour les nouveaux skieurs nordiques. L'aide \u00e0 l'escalade Step adh\u00e8re et glisse en douceur dans une grande vari\u00e9t\u00e9 de conditions de neige.","breadcrumb":{"@id":"https:\/\/expeditionswakefield.com\/fr\/produit\/fischer-sports-step-ifp\/#breadcrumb"},"inLanguage":"fr-FR","potentialAction":[{"@type":"ReadAction","target":["https:\/\/expeditionswakefield.com\/fr\/produit\/fischer-sports-step-ifp\/"]}]},{"@type":"ImageObject","inLanguage":"fr-FR","@id":"https:\/\/expeditionswakefield.com\/fr\/produit\/fischer-sports-step-ifp\/#primaryimage","url":"https:\/\/i0.wp.com\/expeditionswakefield.com\/wp-content\/uploads\/2023\/11\/FischerSportStep.jpg?fit=700%2C467&ssl=1","contentUrl":"https:\/\/i0.wp.com\/expeditionswakefield.com\/wp-content\/uploads\/2023\/11\/FischerSportStep.jpg?fit=700%2C467&ssl=1","width":700,"height":467},{"@type":"BreadcrumbList","@id":"https:\/\/expeditionswakefield.com\/fr\/produit\/fischer-sports-step-ifp\/#breadcrumb","itemListElement":[{"@type":"ListItem","position":1,"name":"Home","item":"https:\/\/expeditionswakefield.com\/fr\/"},{"@type":"ListItem","position":2,"name":"Boutique","item":"https:\/\/expeditionswakefield.com\/fr\/boutique\/"},{"@type":"ListItem","position":3,"name":"Fischer Sports Step IFP"}]},{"@type":"WebSite","@id":"http:\/\/box5661.temp.domains\/~lcephumy\/#website","url":"http:\/\/box5661.temp.domains\/~lcephumy\/","name":"Expeditions Wakefield","description":"Bicycle Shop, Paddling and Outdoor Sales and Rentals in Wakefield, Quebec","potentialAction":[{"@type":"SearchAction","target":{"@type":"EntryPoint","urlTemplate":"http:\/\/box5661.temp.domains\/~lcephumy\/?s={search_term_string}"},"query-input":{"@type":"PropertyValueSpecification","valueRequired":true,"valueName":"search_term_string"}}],"inLanguage":"fr-FR"}]}},"jetpack_sharing_enabled":true,"_links":{"self":[{"href":"https:\/\/expeditionswakefield.com\/fr\/wp-json\/wp\/v2\/product\/12334","targetHints":{"allow":["GET"]}}],"collection":[{"href":"https:\/\/expeditionswakefield.com\/fr\/wp-json\/wp\/v2\/product"}],"about":[{"href":"https:\/\/expeditionswakefield.com\/fr\/wp-json\/wp\/v2\/types\/product"}],"version-history":[{"count":0,"href":"https:\/\/expeditionswakefield.com\/fr\/wp-json\/wp\/v2\/product\/12334\/revisions"}],"wp:featuredmedia":[{"embeddable":true,"href":"https:\/\/expeditionswakefield.com\/fr\/wp-json\/wp\/v2\/media\/11984"}],"wp:attachment":[{"href":"https:\/\/expeditionswakefield.com\/fr\/wp-json\/wp\/v2\/media?parent=12334"}],"wp:term":[{"taxonomy":"product_brand","embeddable":true,"href":"https:\/\/expeditionswakefield.com\/fr\/wp-json\/wp\/v2\/product_brand?post=12334"},{"taxonomy":"product_cat","embeddable":true,"href":"https:\/\/expeditionswakefield.com\/fr\/wp-json\/wp\/v2\/product_cat?post=12334"},{"taxonomy":"product_tag","embeddable":true,"href":"https:\/\/expeditionswakefield.com\/fr\/wp-json\/wp\/v2\/product_tag?post=12334"}],"curies":[{"name":"wp","href":"https:\/\/api.w.org\/{rel}","templated":true}]}}