{"id":12329,"date":"2023-12-26T20:05:05","date_gmt":"2023-12-26T20:05:05","guid":{"rendered":"https:\/\/expeditionswakefield.com\/product\/rossignol-xp-100-positrack-backcountry-ski-de-fond\/"},"modified":"2023-12-26T20:05:05","modified_gmt":"2023-12-26T20:05:05","slug":"rossignol-xp-100-positrack-backcountry-ski-de-fond","status":"publish","type":"product","link":"https:\/\/expeditionswakefield.com\/fr\/produit\/rossignol-xp-100-positrack-backcountry-ski-de-fond\/","title":{"rendered":"Rossignol XP 100 Positrack Backcountry ski de fond"},"content":{"rendered":"<p>Une glisse \u00e9nergique dans toutes les conditions.<br \/>\nGr\u00e2ce \u00e0 sa structure positive, la semelle Positrack sans fartage offre le compromis id\u00e9al entre pouss\u00e9e et glisse sur tous les types de neige.<\/p>\n<p>Compatibilit\u00e9 alpine<br \/>\nLe ski est dot\u00e9 d&rsquo;une plaque de fixation alpine permettant d&rsquo;y int\u00e9grer des fixations pour t\u00e9l\u00e9mark, touring alpin ou ski alpin.<\/p>\n<p>Contr\u00f4le en descente<br \/>\nLes carres en acier sur toute la longueur renforcent l&rsquo;accroche et le contr\u00f4le dans les descentes.<\/p>\n<p>Plaisir et l\u00e9g\u00e8ret\u00e9<br \/>\nLa technologie Air Tip am\u00e9liore la flottaison et le contr\u00f4le dans la neige profonde.<\/p>\n<p>Maniabilit\u00e9<br \/>\nL&rsquo;Activ Cap offre le juste \u00e9quilibre entre rigidit\u00e9 en torsion et flex souple de la spatule au talon, pour rester stable dans toutes les conditions.<\/p>\n","protected":false},"excerpt":{"rendered":"<p>Vivez chaque jour comme si c&rsquo;\u00e9tait le meilleur au d\u00e9tour de chaque virage. Le design backcountry polyvalent du ski BC 100 Positrack vous ouvre un monde de possibilit\u00e9s. . Le design backcountry polyvalent du ski BC 100 Positrack vous ouvre un monde de possibilit\u00e9s. . La semelle Positrack sans fartage assure un excellent compromis entre accroche et glisse dans toutes les conditions, sans pr\u00e9paration n\u00e9cessaire. Des peaux de phoque de rechange sont disponibles pour la randonn\u00e9e.<\/p>\n<p>*FIXATIONS vendues s\u00e9par\u00e9ment.<\/p>\n","protected":false},"featured_media":12020,"template":"","meta":[],"product_brand":[],"product_cat":[431,439],"product_tag":[],"class_list":{"0":"post-12329","1":"product","2":"type-product","3":"status-publish","4":"has-post-thumbnail","6":"product_cat-hiver","7":"product_cat-ski-nordiques","8":"product_shipping_class-skis-fr","10":"first","11":"outofstock","12":"sale","13":"taxable","14":"shipping-taxable","15":"purchasable","16":"product-type-variable"},"yoast_head":"<!-- This site is optimized with the Yoast SEO Premium plugin v20.6 (Yoast SEO v27.5) - https:\/\/yoast.com\/product\/yoast-seo-premium-wordpress\/ -->\n<title>Rossignol XP 100 Positrack Backcountry ski de fond - Expeditions Wakefield<\/title>\n<meta name=\"description\" content=\"Vivez chaque jour comme si c&#039;\u00e9tait le meilleur au d\u00e9tour de chaque virage. Le design backcountry polyvalent du ski BC 100 Positrack vous ouvre un monde de possibilit\u00e9s.\" \/>\n<meta name=\"robots\" content=\"index, follow, max-snippet:-1, max-image-preview:large, max-video-preview:-1\" \/>\n<link rel=\"canonical\" href=\"https:\/\/expeditionswakefield.com\/fr\/produit\/rossignol-xp-100-positrack-backcountry-ski-de-fond\/\" \/>\n<meta property=\"og:locale\" content=\"fr_FR\" \/>\n<meta property=\"og:type\" content=\"article\" \/>\n<meta property=\"og:title\" content=\"Rossignol XP 100 Positrack Backcountry ski de fond\" \/>\n<meta property=\"og:description\" content=\"Vivez chaque jour comme si c&#039;\u00e9tait le meilleur au d\u00e9tour de chaque virage. Le design backcountry polyvalent du ski BC 100 Positrack vous ouvre un monde de possibilit\u00e9s.\" \/>\n<meta property=\"og:url\" content=\"https:\/\/expeditionswakefield.com\/fr\/produit\/rossignol-xp-100-positrack-backcountry-ski-de-fond\/\" \/>\n<meta property=\"og:site_name\" content=\"Expeditions Wakefield\" \/>\n<meta property=\"og:image\" content=\"https:\/\/expeditionswakefield.com\/wp-content\/uploads\/2023\/12\/RossignolXP100.jpg\" \/>\n\t<meta property=\"og:image:width\" content=\"700\" \/>\n\t<meta property=\"og:image:height\" content=\"467\" \/>\n\t<meta property=\"og:image:type\" content=\"image\/jpeg\" \/>\n<meta name=\"twitter:card\" content=\"summary_large_image\" \/>\n<meta name=\"twitter:label1\" content=\"Dur\u00e9e de lecture estim\u00e9e\" \/>\n\t<meta name=\"twitter:data1\" content=\"1 minute\" \/>\n<script type=\"application\/ld+json\" class=\"yoast-schema-graph\">{\"@context\":\"https:\\\/\\\/schema.org\",\"@graph\":[{\"@type\":\"WebPage\",\"@id\":\"https:\\\/\\\/expeditionswakefield.com\\\/fr\\\/produit\\\/rossignol-xp-100-positrack-backcountry-ski-de-fond\\\/\",\"url\":\"https:\\\/\\\/expeditionswakefield.com\\\/fr\\\/produit\\\/rossignol-xp-100-positrack-backcountry-ski-de-fond\\\/\",\"name\":\"Rossignol XP 100 Positrack Backcountry ski de fond - Expeditions Wakefield\",\"isPartOf\":{\"@id\":\"http:\\\/\\\/box5661.temp.domains\\\/~lcephumy\\\/#website\"},\"primaryImageOfPage\":{\"@id\":\"https:\\\/\\\/expeditionswakefield.com\\\/fr\\\/produit\\\/rossignol-xp-100-positrack-backcountry-ski-de-fond\\\/#primaryimage\"},\"image\":{\"@id\":\"https:\\\/\\\/expeditionswakefield.com\\\/fr\\\/produit\\\/rossignol-xp-100-positrack-backcountry-ski-de-fond\\\/#primaryimage\"},\"thumbnailUrl\":\"https:\\\/\\\/i0.wp.com\\\/expeditionswakefield.com\\\/wp-content\\\/uploads\\\/2023\\\/12\\\/RossignolXP100.jpg?fit=700%2C467&ssl=1\",\"datePublished\":\"2023-12-26T20:05:05+00:00\",\"description\":\"Vivez chaque jour comme si c'\u00e9tait le meilleur au d\u00e9tour de chaque virage. Le design backcountry polyvalent du ski BC 100 Positrack vous ouvre un monde de possibilit\u00e9s.\",\"breadcrumb\":{\"@id\":\"https:\\\/\\\/expeditionswakefield.com\\\/fr\\\/produit\\\/rossignol-xp-100-positrack-backcountry-ski-de-fond\\\/#breadcrumb\"},\"inLanguage\":\"fr-FR\",\"potentialAction\":[{\"@type\":\"ReadAction\",\"target\":[\"https:\\\/\\\/expeditionswakefield.com\\\/fr\\\/produit\\\/rossignol-xp-100-positrack-backcountry-ski-de-fond\\\/\"]}]},{\"@type\":\"ImageObject\",\"inLanguage\":\"fr-FR\",\"@id\":\"https:\\\/\\\/expeditionswakefield.com\\\/fr\\\/produit\\\/rossignol-xp-100-positrack-backcountry-ski-de-fond\\\/#primaryimage\",\"url\":\"https:\\\/\\\/i0.wp.com\\\/expeditionswakefield.com\\\/wp-content\\\/uploads\\\/2023\\\/12\\\/RossignolXP100.jpg?fit=700%2C467&ssl=1\",\"contentUrl\":\"https:\\\/\\\/i0.wp.com\\\/expeditionswakefield.com\\\/wp-content\\\/uploads\\\/2023\\\/12\\\/RossignolXP100.jpg?fit=700%2C467&ssl=1\",\"width\":700,\"height\":467},{\"@type\":\"BreadcrumbList\",\"@id\":\"https:\\\/\\\/expeditionswakefield.com\\\/fr\\\/produit\\\/rossignol-xp-100-positrack-backcountry-ski-de-fond\\\/#breadcrumb\",\"itemListElement\":[{\"@type\":\"ListItem\",\"position\":1,\"name\":\"Home\",\"item\":\"https:\\\/\\\/expeditionswakefield.com\\\/fr\\\/\"},{\"@type\":\"ListItem\",\"position\":2,\"name\":\"Boutique\",\"item\":\"https:\\\/\\\/expeditionswakefield.com\\\/fr\\\/boutique\\\/\"},{\"@type\":\"ListItem\",\"position\":3,\"name\":\"Rossignol XP 100 Positrack Backcountry ski de fond\"}]},{\"@type\":\"WebSite\",\"@id\":\"http:\\\/\\\/box5661.temp.domains\\\/~lcephumy\\\/#website\",\"url\":\"http:\\\/\\\/box5661.temp.domains\\\/~lcephumy\\\/\",\"name\":\"Expeditions Wakefield\",\"description\":\"Bicycle Shop, Paddling and Outdoor Sales and Rentals in Wakefield, Quebec\",\"potentialAction\":[{\"@type\":\"SearchAction\",\"target\":{\"@type\":\"EntryPoint\",\"urlTemplate\":\"http:\\\/\\\/box5661.temp.domains\\\/~lcephumy\\\/?s={search_term_string}\"},\"query-input\":{\"@type\":\"PropertyValueSpecification\",\"valueRequired\":true,\"valueName\":\"search_term_string\"}}],\"inLanguage\":\"fr-FR\"}]}<\/script>\n<!-- \/ Yoast SEO Premium plugin. -->","yoast_head_json":{"title":"Rossignol XP 100 Positrack Backcountry ski de fond - Expeditions Wakefield","description":"Vivez chaque jour comme si c'\u00e9tait le meilleur au d\u00e9tour de chaque virage. Le design backcountry polyvalent du ski BC 100 Positrack vous ouvre un monde de possibilit\u00e9s.","robots":{"index":"index","follow":"follow","max-snippet":"max-snippet:-1","max-image-preview":"max-image-preview:large","max-video-preview":"max-video-preview:-1"},"canonical":"https:\/\/expeditionswakefield.com\/fr\/produit\/rossignol-xp-100-positrack-backcountry-ski-de-fond\/","og_locale":"fr_FR","og_type":"article","og_title":"Rossignol XP 100 Positrack Backcountry ski de fond","og_description":"Vivez chaque jour comme si c'\u00e9tait le meilleur au d\u00e9tour de chaque virage. Le design backcountry polyvalent du ski BC 100 Positrack vous ouvre un monde de possibilit\u00e9s.","og_url":"https:\/\/expeditionswakefield.com\/fr\/produit\/rossignol-xp-100-positrack-backcountry-ski-de-fond\/","og_site_name":"Expeditions Wakefield","og_image":[{"width":700,"height":467,"url":"https:\/\/expeditionswakefield.com\/wp-content\/uploads\/2023\/12\/RossignolXP100.jpg","type":"image\/jpeg"}],"twitter_card":"summary_large_image","twitter_misc":{"Dur\u00e9e de lecture estim\u00e9e":"1 minute"},"schema":{"@context":"https:\/\/schema.org","@graph":[{"@type":"WebPage","@id":"https:\/\/expeditionswakefield.com\/fr\/produit\/rossignol-xp-100-positrack-backcountry-ski-de-fond\/","url":"https:\/\/expeditionswakefield.com\/fr\/produit\/rossignol-xp-100-positrack-backcountry-ski-de-fond\/","name":"Rossignol XP 100 Positrack Backcountry ski de fond - Expeditions Wakefield","isPartOf":{"@id":"http:\/\/box5661.temp.domains\/~lcephumy\/#website"},"primaryImageOfPage":{"@id":"https:\/\/expeditionswakefield.com\/fr\/produit\/rossignol-xp-100-positrack-backcountry-ski-de-fond\/#primaryimage"},"image":{"@id":"https:\/\/expeditionswakefield.com\/fr\/produit\/rossignol-xp-100-positrack-backcountry-ski-de-fond\/#primaryimage"},"thumbnailUrl":"https:\/\/i0.wp.com\/expeditionswakefield.com\/wp-content\/uploads\/2023\/12\/RossignolXP100.jpg?fit=700%2C467&ssl=1","datePublished":"2023-12-26T20:05:05+00:00","description":"Vivez chaque jour comme si c'\u00e9tait le meilleur au d\u00e9tour de chaque virage. Le design backcountry polyvalent du ski BC 100 Positrack vous ouvre un monde de possibilit\u00e9s.","breadcrumb":{"@id":"https:\/\/expeditionswakefield.com\/fr\/produit\/rossignol-xp-100-positrack-backcountry-ski-de-fond\/#breadcrumb"},"inLanguage":"fr-FR","potentialAction":[{"@type":"ReadAction","target":["https:\/\/expeditionswakefield.com\/fr\/produit\/rossignol-xp-100-positrack-backcountry-ski-de-fond\/"]}]},{"@type":"ImageObject","inLanguage":"fr-FR","@id":"https:\/\/expeditionswakefield.com\/fr\/produit\/rossignol-xp-100-positrack-backcountry-ski-de-fond\/#primaryimage","url":"https:\/\/i0.wp.com\/expeditionswakefield.com\/wp-content\/uploads\/2023\/12\/RossignolXP100.jpg?fit=700%2C467&ssl=1","contentUrl":"https:\/\/i0.wp.com\/expeditionswakefield.com\/wp-content\/uploads\/2023\/12\/RossignolXP100.jpg?fit=700%2C467&ssl=1","width":700,"height":467},{"@type":"BreadcrumbList","@id":"https:\/\/expeditionswakefield.com\/fr\/produit\/rossignol-xp-100-positrack-backcountry-ski-de-fond\/#breadcrumb","itemListElement":[{"@type":"ListItem","position":1,"name":"Home","item":"https:\/\/expeditionswakefield.com\/fr\/"},{"@type":"ListItem","position":2,"name":"Boutique","item":"https:\/\/expeditionswakefield.com\/fr\/boutique\/"},{"@type":"ListItem","position":3,"name":"Rossignol XP 100 Positrack Backcountry ski de fond"}]},{"@type":"WebSite","@id":"http:\/\/box5661.temp.domains\/~lcephumy\/#website","url":"http:\/\/box5661.temp.domains\/~lcephumy\/","name":"Expeditions Wakefield","description":"Bicycle Shop, Paddling and Outdoor Sales and Rentals in Wakefield, Quebec","potentialAction":[{"@type":"SearchAction","target":{"@type":"EntryPoint","urlTemplate":"http:\/\/box5661.temp.domains\/~lcephumy\/?s={search_term_string}"},"query-input":{"@type":"PropertyValueSpecification","valueRequired":true,"valueName":"search_term_string"}}],"inLanguage":"fr-FR"}]}},"jetpack_sharing_enabled":true,"_links":{"self":[{"href":"https:\/\/expeditionswakefield.com\/fr\/wp-json\/wp\/v2\/product\/12329","targetHints":{"allow":["GET"]}}],"collection":[{"href":"https:\/\/expeditionswakefield.com\/fr\/wp-json\/wp\/v2\/product"}],"about":[{"href":"https:\/\/expeditionswakefield.com\/fr\/wp-json\/wp\/v2\/types\/product"}],"version-history":[{"count":0,"href":"https:\/\/expeditionswakefield.com\/fr\/wp-json\/wp\/v2\/product\/12329\/revisions"}],"wp:featuredmedia":[{"embeddable":true,"href":"https:\/\/expeditionswakefield.com\/fr\/wp-json\/wp\/v2\/media\/12020"}],"wp:attachment":[{"href":"https:\/\/expeditionswakefield.com\/fr\/wp-json\/wp\/v2\/media?parent=12329"}],"wp:term":[{"taxonomy":"product_brand","embeddable":true,"href":"https:\/\/expeditionswakefield.com\/fr\/wp-json\/wp\/v2\/product_brand?post=12329"},{"taxonomy":"product_cat","embeddable":true,"href":"https:\/\/expeditionswakefield.com\/fr\/wp-json\/wp\/v2\/product_cat?post=12329"},{"taxonomy":"product_tag","embeddable":true,"href":"https:\/\/expeditionswakefield.com\/fr\/wp-json\/wp\/v2\/product_tag?post=12329"}],"curies":[{"name":"wp","href":"https:\/\/api.w.org\/{rel}","templated":true}]}}