{"id":12324,"date":"2023-11-07T01:19:28","date_gmt":"2023-11-07T01:19:28","guid":{"rendered":"https:\/\/expeditionswakefield.com\/product\/fischer-outback-68-crown-skin-xtralite\/"},"modified":"2023-11-07T01:19:28","modified_gmt":"2023-11-07T01:19:28","slug":"fischer-outback-68-crown-skin-xtralite","status":"publish","type":"product","link":"https:\/\/expeditionswakefield.com\/fr\/produit\/fischer-outback-68-crown-skin-xtralite\/","title":{"rendered":"Fischer Outback 68 Crown\/Skin Xtralite"},"content":{"rendered":"","protected":false},"excerpt":{"rendered":"<p>l&rsquo;Outback 68 Crown\/Skin Xtralite est \u00e0 l&rsquo;aise en dehors des pistes de ski de fond trac\u00e9es. La largeur mod\u00e9r\u00e9e du ski \u00e0 carre en acier offre une portance et un contr\u00f4le facile en descente, tandis que la sa semelle dot\u00e9e de l&rsquo;Offtrack Crown assure une accroche s\u00fbre dans les mont\u00e9es. Pour plus de grip, l&rsquo;Easy Skin de Fischer offre une aide suppl\u00e9mentaire en un tour de main pour les mont\u00e9es les plus d\u00e9licates.<\/p>\n<p>*FIXATIONS vendues s\u00e9par\u00e9ment.<\/p>\n","protected":false},"featured_media":11981,"template":"","meta":[],"product_brand":[],"product_cat":[439],"product_tag":[],"class_list":{"0":"post-12324","1":"product","2":"type-product","3":"status-publish","4":"has-post-thumbnail","6":"product_cat-ski-nordiques","7":"product_shipping_class-skis-fr","9":"first","10":"outofstock","11":"taxable","12":"shipping-taxable","13":"purchasable","14":"product-type-variable"},"yoast_head":"<!-- This site is optimized with the Yoast SEO Premium plugin v20.6 (Yoast SEO v27.5) - https:\/\/yoast.com\/product\/yoast-seo-premium-wordpress\/ -->\n<title>Fischer Outback 68 Crown\/Skin Xtralite - Expeditions Wakefield<\/title>\n<meta name=\"description\" content=\"l&#039;Outback 68 Crown\/Skin Xtralite est \u00e0 l&#039;aise en dehors des pistes de ski de fond trac\u00e9es.\" \/>\n<meta name=\"robots\" content=\"index, follow, max-snippet:-1, max-image-preview:large, max-video-preview:-1\" \/>\n<link rel=\"canonical\" href=\"https:\/\/expeditionswakefield.com\/fr\/produit\/fischer-outback-68-crown-skin-xtralite\/\" \/>\n<meta property=\"og:locale\" content=\"fr_FR\" \/>\n<meta property=\"og:type\" content=\"article\" \/>\n<meta property=\"og:title\" content=\"Fischer Outback 68 Crown\/Skin Xtralite\" \/>\n<meta property=\"og:description\" content=\"l&#039;Outback 68 Crown\/Skin Xtralite est \u00e0 l&#039;aise en dehors des pistes de ski de fond trac\u00e9es.\" \/>\n<meta property=\"og:url\" content=\"https:\/\/expeditionswakefield.com\/fr\/produit\/fischer-outback-68-crown-skin-xtralite\/\" \/>\n<meta property=\"og:site_name\" content=\"Expeditions Wakefield\" \/>\n<meta property=\"og:image\" content=\"https:\/\/expeditionswakefield.com\/wp-content\/uploads\/2023\/11\/FischerOutback68.jpg\" \/>\n\t<meta property=\"og:image:width\" content=\"700\" \/>\n\t<meta property=\"og:image:height\" content=\"467\" \/>\n\t<meta property=\"og:image:type\" content=\"image\/jpeg\" \/>\n<meta name=\"twitter:card\" content=\"summary_large_image\" \/>\n<script type=\"application\/ld+json\" class=\"yoast-schema-graph\">{\"@context\":\"https:\\\/\\\/schema.org\",\"@graph\":[{\"@type\":\"WebPage\",\"@id\":\"https:\\\/\\\/expeditionswakefield.com\\\/fr\\\/produit\\\/fischer-outback-68-crown-skin-xtralite\\\/\",\"url\":\"https:\\\/\\\/expeditionswakefield.com\\\/fr\\\/produit\\\/fischer-outback-68-crown-skin-xtralite\\\/\",\"name\":\"Fischer Outback 68 Crown\\\/Skin Xtralite - Expeditions Wakefield\",\"isPartOf\":{\"@id\":\"http:\\\/\\\/box5661.temp.domains\\\/~lcephumy\\\/#website\"},\"primaryImageOfPage\":{\"@id\":\"https:\\\/\\\/expeditionswakefield.com\\\/fr\\\/produit\\\/fischer-outback-68-crown-skin-xtralite\\\/#primaryimage\"},\"image\":{\"@id\":\"https:\\\/\\\/expeditionswakefield.com\\\/fr\\\/produit\\\/fischer-outback-68-crown-skin-xtralite\\\/#primaryimage\"},\"thumbnailUrl\":\"https:\\\/\\\/i0.wp.com\\\/expeditionswakefield.com\\\/wp-content\\\/uploads\\\/2023\\\/11\\\/FischerOutback68.jpg?fit=700%2C467&ssl=1\",\"datePublished\":\"2023-11-07T01:19:28+00:00\",\"description\":\"l'Outback 68 Crown\\\/Skin Xtralite est \u00e0 l'aise en dehors des pistes de ski de fond trac\u00e9es.\",\"breadcrumb\":{\"@id\":\"https:\\\/\\\/expeditionswakefield.com\\\/fr\\\/produit\\\/fischer-outback-68-crown-skin-xtralite\\\/#breadcrumb\"},\"inLanguage\":\"fr-FR\",\"potentialAction\":[{\"@type\":\"ReadAction\",\"target\":[\"https:\\\/\\\/expeditionswakefield.com\\\/fr\\\/produit\\\/fischer-outback-68-crown-skin-xtralite\\\/\"]}]},{\"@type\":\"ImageObject\",\"inLanguage\":\"fr-FR\",\"@id\":\"https:\\\/\\\/expeditionswakefield.com\\\/fr\\\/produit\\\/fischer-outback-68-crown-skin-xtralite\\\/#primaryimage\",\"url\":\"https:\\\/\\\/i0.wp.com\\\/expeditionswakefield.com\\\/wp-content\\\/uploads\\\/2023\\\/11\\\/FischerOutback68.jpg?fit=700%2C467&ssl=1\",\"contentUrl\":\"https:\\\/\\\/i0.wp.com\\\/expeditionswakefield.com\\\/wp-content\\\/uploads\\\/2023\\\/11\\\/FischerOutback68.jpg?fit=700%2C467&ssl=1\",\"width\":700,\"height\":467},{\"@type\":\"BreadcrumbList\",\"@id\":\"https:\\\/\\\/expeditionswakefield.com\\\/fr\\\/produit\\\/fischer-outback-68-crown-skin-xtralite\\\/#breadcrumb\",\"itemListElement\":[{\"@type\":\"ListItem\",\"position\":1,\"name\":\"Home\",\"item\":\"https:\\\/\\\/expeditionswakefield.com\\\/fr\\\/\"},{\"@type\":\"ListItem\",\"position\":2,\"name\":\"Boutique\",\"item\":\"https:\\\/\\\/expeditionswakefield.com\\\/fr\\\/boutique\\\/\"},{\"@type\":\"ListItem\",\"position\":3,\"name\":\"Fischer Outback 68 Crown\\\/Skin Xtralite\"}]},{\"@type\":\"WebSite\",\"@id\":\"http:\\\/\\\/box5661.temp.domains\\\/~lcephumy\\\/#website\",\"url\":\"http:\\\/\\\/box5661.temp.domains\\\/~lcephumy\\\/\",\"name\":\"Expeditions Wakefield\",\"description\":\"Bicycle Shop, Paddling and Outdoor Sales and Rentals in Wakefield, Quebec\",\"potentialAction\":[{\"@type\":\"SearchAction\",\"target\":{\"@type\":\"EntryPoint\",\"urlTemplate\":\"http:\\\/\\\/box5661.temp.domains\\\/~lcephumy\\\/?s={search_term_string}\"},\"query-input\":{\"@type\":\"PropertyValueSpecification\",\"valueRequired\":true,\"valueName\":\"search_term_string\"}}],\"inLanguage\":\"fr-FR\"}]}<\/script>\n<!-- \/ Yoast SEO Premium plugin. -->","yoast_head_json":{"title":"Fischer Outback 68 Crown\/Skin Xtralite - Expeditions Wakefield","description":"l'Outback 68 Crown\/Skin Xtralite est \u00e0 l'aise en dehors des pistes de ski de fond trac\u00e9es.","robots":{"index":"index","follow":"follow","max-snippet":"max-snippet:-1","max-image-preview":"max-image-preview:large","max-video-preview":"max-video-preview:-1"},"canonical":"https:\/\/expeditionswakefield.com\/fr\/produit\/fischer-outback-68-crown-skin-xtralite\/","og_locale":"fr_FR","og_type":"article","og_title":"Fischer Outback 68 Crown\/Skin Xtralite","og_description":"l'Outback 68 Crown\/Skin Xtralite est \u00e0 l'aise en dehors des pistes de ski de fond trac\u00e9es.","og_url":"https:\/\/expeditionswakefield.com\/fr\/produit\/fischer-outback-68-crown-skin-xtralite\/","og_site_name":"Expeditions Wakefield","og_image":[{"width":700,"height":467,"url":"https:\/\/expeditionswakefield.com\/wp-content\/uploads\/2023\/11\/FischerOutback68.jpg","type":"image\/jpeg"}],"twitter_card":"summary_large_image","schema":{"@context":"https:\/\/schema.org","@graph":[{"@type":"WebPage","@id":"https:\/\/expeditionswakefield.com\/fr\/produit\/fischer-outback-68-crown-skin-xtralite\/","url":"https:\/\/expeditionswakefield.com\/fr\/produit\/fischer-outback-68-crown-skin-xtralite\/","name":"Fischer Outback 68 Crown\/Skin Xtralite - Expeditions Wakefield","isPartOf":{"@id":"http:\/\/box5661.temp.domains\/~lcephumy\/#website"},"primaryImageOfPage":{"@id":"https:\/\/expeditionswakefield.com\/fr\/produit\/fischer-outback-68-crown-skin-xtralite\/#primaryimage"},"image":{"@id":"https:\/\/expeditionswakefield.com\/fr\/produit\/fischer-outback-68-crown-skin-xtralite\/#primaryimage"},"thumbnailUrl":"https:\/\/i0.wp.com\/expeditionswakefield.com\/wp-content\/uploads\/2023\/11\/FischerOutback68.jpg?fit=700%2C467&ssl=1","datePublished":"2023-11-07T01:19:28+00:00","description":"l'Outback 68 Crown\/Skin Xtralite est \u00e0 l'aise en dehors des pistes de ski de fond trac\u00e9es.","breadcrumb":{"@id":"https:\/\/expeditionswakefield.com\/fr\/produit\/fischer-outback-68-crown-skin-xtralite\/#breadcrumb"},"inLanguage":"fr-FR","potentialAction":[{"@type":"ReadAction","target":["https:\/\/expeditionswakefield.com\/fr\/produit\/fischer-outback-68-crown-skin-xtralite\/"]}]},{"@type":"ImageObject","inLanguage":"fr-FR","@id":"https:\/\/expeditionswakefield.com\/fr\/produit\/fischer-outback-68-crown-skin-xtralite\/#primaryimage","url":"https:\/\/i0.wp.com\/expeditionswakefield.com\/wp-content\/uploads\/2023\/11\/FischerOutback68.jpg?fit=700%2C467&ssl=1","contentUrl":"https:\/\/i0.wp.com\/expeditionswakefield.com\/wp-content\/uploads\/2023\/11\/FischerOutback68.jpg?fit=700%2C467&ssl=1","width":700,"height":467},{"@type":"BreadcrumbList","@id":"https:\/\/expeditionswakefield.com\/fr\/produit\/fischer-outback-68-crown-skin-xtralite\/#breadcrumb","itemListElement":[{"@type":"ListItem","position":1,"name":"Home","item":"https:\/\/expeditionswakefield.com\/fr\/"},{"@type":"ListItem","position":2,"name":"Boutique","item":"https:\/\/expeditionswakefield.com\/fr\/boutique\/"},{"@type":"ListItem","position":3,"name":"Fischer Outback 68 Crown\/Skin Xtralite"}]},{"@type":"WebSite","@id":"http:\/\/box5661.temp.domains\/~lcephumy\/#website","url":"http:\/\/box5661.temp.domains\/~lcephumy\/","name":"Expeditions Wakefield","description":"Bicycle Shop, Paddling and Outdoor Sales and Rentals in Wakefield, Quebec","potentialAction":[{"@type":"SearchAction","target":{"@type":"EntryPoint","urlTemplate":"http:\/\/box5661.temp.domains\/~lcephumy\/?s={search_term_string}"},"query-input":{"@type":"PropertyValueSpecification","valueRequired":true,"valueName":"search_term_string"}}],"inLanguage":"fr-FR"}]}},"jetpack_sharing_enabled":true,"_links":{"self":[{"href":"https:\/\/expeditionswakefield.com\/fr\/wp-json\/wp\/v2\/product\/12324","targetHints":{"allow":["GET"]}}],"collection":[{"href":"https:\/\/expeditionswakefield.com\/fr\/wp-json\/wp\/v2\/product"}],"about":[{"href":"https:\/\/expeditionswakefield.com\/fr\/wp-json\/wp\/v2\/types\/product"}],"version-history":[{"count":0,"href":"https:\/\/expeditionswakefield.com\/fr\/wp-json\/wp\/v2\/product\/12324\/revisions"}],"wp:featuredmedia":[{"embeddable":true,"href":"https:\/\/expeditionswakefield.com\/fr\/wp-json\/wp\/v2\/media\/11981"}],"wp:attachment":[{"href":"https:\/\/expeditionswakefield.com\/fr\/wp-json\/wp\/v2\/media?parent=12324"}],"wp:term":[{"taxonomy":"product_brand","embeddable":true,"href":"https:\/\/expeditionswakefield.com\/fr\/wp-json\/wp\/v2\/product_brand?post=12324"},{"taxonomy":"product_cat","embeddable":true,"href":"https:\/\/expeditionswakefield.com\/fr\/wp-json\/wp\/v2\/product_cat?post=12324"},{"taxonomy":"product_tag","embeddable":true,"href":"https:\/\/expeditionswakefield.com\/fr\/wp-json\/wp\/v2\/product_tag?post=12324"}],"curies":[{"name":"wp","href":"https:\/\/api.w.org\/{rel}","templated":true}]}}