{"id":12314,"date":"2023-11-07T01:36:36","date_gmt":"2023-11-07T01:36:36","guid":{"rendered":"https:\/\/expeditionswakefield.com\/product\/fischer-transnordic-66-easy-skin-xtralite\/"},"modified":"2025-03-25T23:39:56","modified_gmt":"2025-03-25T23:39:56","slug":"fischer-transnordic-66-easy-skin-xtralite","status":"publish","type":"product","link":"https:\/\/expeditionswakefield.com\/fr\/produit\/fischer-transnordic-66-easy-skin-xtralite\/","title":{"rendered":"Fischer Transnordic 66 Easy Skin Xtralite"},"content":{"rendered":"","protected":false},"excerpt":{"rendered":"<p>Le classique absolu parmi les mod\u00e8les de backcountry n&rsquo;a pas seulement un nouveau nom : TRANSNORDIC 66. Gr\u00e2ce \u00e0 un noyau en bois encore plus l\u00e9ger, ce ski d&rsquo;exp\u00e9dition tr\u00e8s appr\u00e9ci\u00e9 pr\u00e9sente un poids nettement r\u00e9duit tout en conservant la m\u00eame robustesse. Ainsi, ce ski \u00e0 carre acier aux lignes de cotes classiques et \u00e9lanc\u00e9es n&rsquo;est pas seulement le premier choix des exp\u00e9ditionnistes, mais aussi un compagnon fiable pour les randonn\u00e9es en terrain mod\u00e9r\u00e9.<\/p>\n<p>*FIXATIONS vendues s\u00e9par\u00e9ment.<\/p>\n","protected":false},"featured_media":11983,"template":"","meta":[],"product_brand":[],"product_cat":[439],"product_tag":[],"class_list":{"0":"post-12314","1":"product","2":"type-product","3":"status-publish","4":"has-post-thumbnail","6":"product_cat-ski-nordiques","7":"product_shipping_class-skis-fr","9":"first","10":"outofstock","11":"sale","12":"taxable","13":"shipping-taxable","14":"purchasable","15":"product-type-variable"},"yoast_head":"<!-- This site is optimized with the Yoast SEO Premium plugin v20.6 (Yoast SEO v27.4) - https:\/\/yoast.com\/product\/yoast-seo-premium-wordpress\/ -->\n<title>Fischer Transnordic 66 Easy Skin Xtralite - Expeditions Wakefield<\/title>\n<meta name=\"description\" content=\"Le classique absolu parmi les mod\u00e8les de backcountry n&#039;a pas seulement un nouveau nom : TRANSNORDIC 66. Gr\u00e2ce \u00e0 un noyau en bois encore plus l\u00e9ger, ce ski d&#039;exp\u00e9dition tr\u00e8s appr\u00e9ci\u00e9 pr\u00e9sente un poids nettement r\u00e9duit tout en conservant la m\u00eame robustesse. Ainsi, ce ski \u00e0 carre acier aux lignes de cotes classiques et \u00e9lanc\u00e9es n&#039;est pas seulement le premier choix des exp\u00e9ditionnistes, mais aussi un compagnon fiable pour les randonn\u00e9es en terrain mod\u00e9r\u00e9.\" \/>\n<meta name=\"robots\" content=\"index, follow, max-snippet:-1, max-image-preview:large, max-video-preview:-1\" \/>\n<link rel=\"canonical\" href=\"https:\/\/expeditionswakefield.com\/fr\/produit\/fischer-transnordic-66-easy-skin-xtralite\/\" \/>\n<meta property=\"og:locale\" content=\"fr_FR\" \/>\n<meta property=\"og:type\" content=\"article\" \/>\n<meta property=\"og:title\" content=\"Fischer Transnordic 66 Easy Skin Xtralite\" \/>\n<meta property=\"og:description\" content=\"Le classique absolu parmi les mod\u00e8les de backcountry n&#039;a pas seulement un nouveau nom : TRANSNORDIC 66. Gr\u00e2ce \u00e0 un noyau en bois encore plus l\u00e9ger, ce ski d&#039;exp\u00e9dition tr\u00e8s appr\u00e9ci\u00e9 pr\u00e9sente un poids nettement r\u00e9duit tout en conservant la m\u00eame robustesse. Ainsi, ce ski \u00e0 carre acier aux lignes de cotes classiques et \u00e9lanc\u00e9es n&#039;est pas seulement le premier choix des exp\u00e9ditionnistes, mais aussi un compagnon fiable pour les randonn\u00e9es en terrain mod\u00e9r\u00e9.\" \/>\n<meta property=\"og:url\" content=\"https:\/\/expeditionswakefield.com\/fr\/produit\/fischer-transnordic-66-easy-skin-xtralite\/\" \/>\n<meta property=\"og:site_name\" content=\"Expeditions Wakefield\" \/>\n<meta property=\"article:modified_time\" content=\"2025-03-25T23:39:56+00:00\" \/>\n<meta property=\"og:image\" content=\"https:\/\/expeditionswakefield.com\/wp-content\/uploads\/2023\/11\/FischerTransnordic.jpg\" \/>\n\t<meta property=\"og:image:width\" content=\"700\" \/>\n\t<meta property=\"og:image:height\" content=\"467\" \/>\n\t<meta property=\"og:image:type\" content=\"image\/jpeg\" \/>\n<meta name=\"twitter:card\" content=\"summary_large_image\" \/>\n<script type=\"application\/ld+json\" class=\"yoast-schema-graph\">{\"@context\":\"https:\\\/\\\/schema.org\",\"@graph\":[{\"@type\":\"WebPage\",\"@id\":\"https:\\\/\\\/expeditionswakefield.com\\\/fr\\\/produit\\\/fischer-transnordic-66-easy-skin-xtralite\\\/\",\"url\":\"https:\\\/\\\/expeditionswakefield.com\\\/fr\\\/produit\\\/fischer-transnordic-66-easy-skin-xtralite\\\/\",\"name\":\"Fischer Transnordic 66 Easy Skin Xtralite - Expeditions Wakefield\",\"isPartOf\":{\"@id\":\"http:\\\/\\\/box5661.temp.domains\\\/~lcephumy\\\/#website\"},\"primaryImageOfPage\":{\"@id\":\"https:\\\/\\\/expeditionswakefield.com\\\/fr\\\/produit\\\/fischer-transnordic-66-easy-skin-xtralite\\\/#primaryimage\"},\"image\":{\"@id\":\"https:\\\/\\\/expeditionswakefield.com\\\/fr\\\/produit\\\/fischer-transnordic-66-easy-skin-xtralite\\\/#primaryimage\"},\"thumbnailUrl\":\"https:\\\/\\\/i0.wp.com\\\/expeditionswakefield.com\\\/wp-content\\\/uploads\\\/2023\\\/11\\\/FischerTransnordic.jpg?fit=700%2C467&ssl=1\",\"datePublished\":\"2023-11-07T01:36:36+00:00\",\"dateModified\":\"2025-03-25T23:39:56+00:00\",\"description\":\"Le classique absolu parmi les mod\u00e8les de backcountry n'a pas seulement un nouveau nom : TRANSNORDIC 66. Gr\u00e2ce \u00e0 un noyau en bois encore plus l\u00e9ger, ce ski d'exp\u00e9dition tr\u00e8s appr\u00e9ci\u00e9 pr\u00e9sente un poids nettement r\u00e9duit tout en conservant la m\u00eame robustesse. Ainsi, ce ski \u00e0 carre acier aux lignes de cotes classiques et \u00e9lanc\u00e9es n'est pas seulement le premier choix des exp\u00e9ditionnistes, mais aussi un compagnon fiable pour les randonn\u00e9es en terrain mod\u00e9r\u00e9.\",\"breadcrumb\":{\"@id\":\"https:\\\/\\\/expeditionswakefield.com\\\/fr\\\/produit\\\/fischer-transnordic-66-easy-skin-xtralite\\\/#breadcrumb\"},\"inLanguage\":\"fr-FR\",\"potentialAction\":[{\"@type\":\"ReadAction\",\"target\":[\"https:\\\/\\\/expeditionswakefield.com\\\/fr\\\/produit\\\/fischer-transnordic-66-easy-skin-xtralite\\\/\"]}]},{\"@type\":\"ImageObject\",\"inLanguage\":\"fr-FR\",\"@id\":\"https:\\\/\\\/expeditionswakefield.com\\\/fr\\\/produit\\\/fischer-transnordic-66-easy-skin-xtralite\\\/#primaryimage\",\"url\":\"https:\\\/\\\/i0.wp.com\\\/expeditionswakefield.com\\\/wp-content\\\/uploads\\\/2023\\\/11\\\/FischerTransnordic.jpg?fit=700%2C467&ssl=1\",\"contentUrl\":\"https:\\\/\\\/i0.wp.com\\\/expeditionswakefield.com\\\/wp-content\\\/uploads\\\/2023\\\/11\\\/FischerTransnordic.jpg?fit=700%2C467&ssl=1\",\"width\":700,\"height\":467},{\"@type\":\"BreadcrumbList\",\"@id\":\"https:\\\/\\\/expeditionswakefield.com\\\/fr\\\/produit\\\/fischer-transnordic-66-easy-skin-xtralite\\\/#breadcrumb\",\"itemListElement\":[{\"@type\":\"ListItem\",\"position\":1,\"name\":\"Home\",\"item\":\"https:\\\/\\\/expeditionswakefield.com\\\/fr\\\/\"},{\"@type\":\"ListItem\",\"position\":2,\"name\":\"Boutique\",\"item\":\"https:\\\/\\\/expeditionswakefield.com\\\/fr\\\/boutique\\\/\"},{\"@type\":\"ListItem\",\"position\":3,\"name\":\"Fischer Transnordic 66 Easy Skin Xtralite\"}]},{\"@type\":\"WebSite\",\"@id\":\"http:\\\/\\\/box5661.temp.domains\\\/~lcephumy\\\/#website\",\"url\":\"http:\\\/\\\/box5661.temp.domains\\\/~lcephumy\\\/\",\"name\":\"Expeditions Wakefield\",\"description\":\"Bicycle Shop, Paddling and Outdoor Sales and Rentals in Wakefield, Quebec\",\"potentialAction\":[{\"@type\":\"SearchAction\",\"target\":{\"@type\":\"EntryPoint\",\"urlTemplate\":\"http:\\\/\\\/box5661.temp.domains\\\/~lcephumy\\\/?s={search_term_string}\"},\"query-input\":{\"@type\":\"PropertyValueSpecification\",\"valueRequired\":true,\"valueName\":\"search_term_string\"}}],\"inLanguage\":\"fr-FR\"}]}<\/script>\n<!-- \/ Yoast SEO Premium plugin. -->","yoast_head_json":{"title":"Fischer Transnordic 66 Easy Skin Xtralite - Expeditions Wakefield","description":"Le classique absolu parmi les mod\u00e8les de backcountry n'a pas seulement un nouveau nom : TRANSNORDIC 66. Gr\u00e2ce \u00e0 un noyau en bois encore plus l\u00e9ger, ce ski d'exp\u00e9dition tr\u00e8s appr\u00e9ci\u00e9 pr\u00e9sente un poids nettement r\u00e9duit tout en conservant la m\u00eame robustesse. Ainsi, ce ski \u00e0 carre acier aux lignes de cotes classiques et \u00e9lanc\u00e9es n'est pas seulement le premier choix des exp\u00e9ditionnistes, mais aussi un compagnon fiable pour les randonn\u00e9es en terrain mod\u00e9r\u00e9.","robots":{"index":"index","follow":"follow","max-snippet":"max-snippet:-1","max-image-preview":"max-image-preview:large","max-video-preview":"max-video-preview:-1"},"canonical":"https:\/\/expeditionswakefield.com\/fr\/produit\/fischer-transnordic-66-easy-skin-xtralite\/","og_locale":"fr_FR","og_type":"article","og_title":"Fischer Transnordic 66 Easy Skin Xtralite","og_description":"Le classique absolu parmi les mod\u00e8les de backcountry n'a pas seulement un nouveau nom : TRANSNORDIC 66. Gr\u00e2ce \u00e0 un noyau en bois encore plus l\u00e9ger, ce ski d'exp\u00e9dition tr\u00e8s appr\u00e9ci\u00e9 pr\u00e9sente un poids nettement r\u00e9duit tout en conservant la m\u00eame robustesse. Ainsi, ce ski \u00e0 carre acier aux lignes de cotes classiques et \u00e9lanc\u00e9es n'est pas seulement le premier choix des exp\u00e9ditionnistes, mais aussi un compagnon fiable pour les randonn\u00e9es en terrain mod\u00e9r\u00e9.","og_url":"https:\/\/expeditionswakefield.com\/fr\/produit\/fischer-transnordic-66-easy-skin-xtralite\/","og_site_name":"Expeditions Wakefield","article_modified_time":"2025-03-25T23:39:56+00:00","og_image":[{"width":700,"height":467,"url":"https:\/\/expeditionswakefield.com\/wp-content\/uploads\/2023\/11\/FischerTransnordic.jpg","type":"image\/jpeg"}],"twitter_card":"summary_large_image","schema":{"@context":"https:\/\/schema.org","@graph":[{"@type":"WebPage","@id":"https:\/\/expeditionswakefield.com\/fr\/produit\/fischer-transnordic-66-easy-skin-xtralite\/","url":"https:\/\/expeditionswakefield.com\/fr\/produit\/fischer-transnordic-66-easy-skin-xtralite\/","name":"Fischer Transnordic 66 Easy Skin Xtralite - Expeditions Wakefield","isPartOf":{"@id":"http:\/\/box5661.temp.domains\/~lcephumy\/#website"},"primaryImageOfPage":{"@id":"https:\/\/expeditionswakefield.com\/fr\/produit\/fischer-transnordic-66-easy-skin-xtralite\/#primaryimage"},"image":{"@id":"https:\/\/expeditionswakefield.com\/fr\/produit\/fischer-transnordic-66-easy-skin-xtralite\/#primaryimage"},"thumbnailUrl":"https:\/\/i0.wp.com\/expeditionswakefield.com\/wp-content\/uploads\/2023\/11\/FischerTransnordic.jpg?fit=700%2C467&ssl=1","datePublished":"2023-11-07T01:36:36+00:00","dateModified":"2025-03-25T23:39:56+00:00","description":"Le classique absolu parmi les mod\u00e8les de backcountry n'a pas seulement un nouveau nom : TRANSNORDIC 66. Gr\u00e2ce \u00e0 un noyau en bois encore plus l\u00e9ger, ce ski d'exp\u00e9dition tr\u00e8s appr\u00e9ci\u00e9 pr\u00e9sente un poids nettement r\u00e9duit tout en conservant la m\u00eame robustesse. Ainsi, ce ski \u00e0 carre acier aux lignes de cotes classiques et \u00e9lanc\u00e9es n'est pas seulement le premier choix des exp\u00e9ditionnistes, mais aussi un compagnon fiable pour les randonn\u00e9es en terrain mod\u00e9r\u00e9.","breadcrumb":{"@id":"https:\/\/expeditionswakefield.com\/fr\/produit\/fischer-transnordic-66-easy-skin-xtralite\/#breadcrumb"},"inLanguage":"fr-FR","potentialAction":[{"@type":"ReadAction","target":["https:\/\/expeditionswakefield.com\/fr\/produit\/fischer-transnordic-66-easy-skin-xtralite\/"]}]},{"@type":"ImageObject","inLanguage":"fr-FR","@id":"https:\/\/expeditionswakefield.com\/fr\/produit\/fischer-transnordic-66-easy-skin-xtralite\/#primaryimage","url":"https:\/\/i0.wp.com\/expeditionswakefield.com\/wp-content\/uploads\/2023\/11\/FischerTransnordic.jpg?fit=700%2C467&ssl=1","contentUrl":"https:\/\/i0.wp.com\/expeditionswakefield.com\/wp-content\/uploads\/2023\/11\/FischerTransnordic.jpg?fit=700%2C467&ssl=1","width":700,"height":467},{"@type":"BreadcrumbList","@id":"https:\/\/expeditionswakefield.com\/fr\/produit\/fischer-transnordic-66-easy-skin-xtralite\/#breadcrumb","itemListElement":[{"@type":"ListItem","position":1,"name":"Home","item":"https:\/\/expeditionswakefield.com\/fr\/"},{"@type":"ListItem","position":2,"name":"Boutique","item":"https:\/\/expeditionswakefield.com\/fr\/boutique\/"},{"@type":"ListItem","position":3,"name":"Fischer Transnordic 66 Easy Skin Xtralite"}]},{"@type":"WebSite","@id":"http:\/\/box5661.temp.domains\/~lcephumy\/#website","url":"http:\/\/box5661.temp.domains\/~lcephumy\/","name":"Expeditions Wakefield","description":"Bicycle Shop, Paddling and Outdoor Sales and Rentals in Wakefield, Quebec","potentialAction":[{"@type":"SearchAction","target":{"@type":"EntryPoint","urlTemplate":"http:\/\/box5661.temp.domains\/~lcephumy\/?s={search_term_string}"},"query-input":{"@type":"PropertyValueSpecification","valueRequired":true,"valueName":"search_term_string"}}],"inLanguage":"fr-FR"}]}},"jetpack_sharing_enabled":true,"_links":{"self":[{"href":"https:\/\/expeditionswakefield.com\/fr\/wp-json\/wp\/v2\/product\/12314","targetHints":{"allow":["GET"]}}],"collection":[{"href":"https:\/\/expeditionswakefield.com\/fr\/wp-json\/wp\/v2\/product"}],"about":[{"href":"https:\/\/expeditionswakefield.com\/fr\/wp-json\/wp\/v2\/types\/product"}],"version-history":[{"count":0,"href":"https:\/\/expeditionswakefield.com\/fr\/wp-json\/wp\/v2\/product\/12314\/revisions"}],"wp:featuredmedia":[{"embeddable":true,"href":"https:\/\/expeditionswakefield.com\/fr\/wp-json\/wp\/v2\/media\/11983"}],"wp:attachment":[{"href":"https:\/\/expeditionswakefield.com\/fr\/wp-json\/wp\/v2\/media?parent=12314"}],"wp:term":[{"taxonomy":"product_brand","embeddable":true,"href":"https:\/\/expeditionswakefield.com\/fr\/wp-json\/wp\/v2\/product_brand?post=12314"},{"taxonomy":"product_cat","embeddable":true,"href":"https:\/\/expeditionswakefield.com\/fr\/wp-json\/wp\/v2\/product_cat?post=12314"},{"taxonomy":"product_tag","embeddable":true,"href":"https:\/\/expeditionswakefield.com\/fr\/wp-json\/wp\/v2\/product_tag?post=12314"}],"curies":[{"name":"wp","href":"https:\/\/api.w.org\/{rel}","templated":true}]}}