{"id":12310,"date":"2023-05-16T15:17:05","date_gmt":"2023-05-16T15:17:05","guid":{"rendered":"https:\/\/expeditionswakefield.com\/product\/evo-rock-ridge-16-velo-enfants\/"},"modified":"2023-05-16T15:17:05","modified_gmt":"2023-05-16T15:17:05","slug":"evo-rock-ridge-16-velo-enfants","status":"publish","type":"product","link":"https:\/\/expeditionswakefield.com\/fr\/produit\/evo-rock-ridge-16-velo-enfants\/","title":{"rendered":"EVO Rock Ridge 16&prime; v\u00e9lo enfants"},"content":{"rendered":"","protected":false},"excerpt":{"rendered":"<p>L&rsquo;Evo Rock Ridge est un v\u00e9lo \u00e0 roues de 16 pouces con\u00e7u pour les enfants. Le Rock Ridge est livr\u00e9 avec des roues d&rsquo;entra\u00eenement, des freins \u00e0 r\u00e9trop\u00e9dalage et un frein \u00e0 main arri\u00e8re. Le Rock Ridge est livr\u00e9 avec des roues d&rsquo;entra\u00eenement, des freins \u00e0 r\u00e9trop\u00e9dalage et un frein \u00e0 main arri\u00e8re.<\/p>\n","protected":false},"featured_media":11750,"template":"","meta":[],"product_brand":[],"product_cat":[421,422,424],"product_tag":[],"class_list":{"0":"post-12310","1":"product","2":"type-product","3":"status-publish","4":"has-post-thumbnail","6":"product_cat-velos","7":"product_cat-velos-en-stock","8":"product_cat-velos-pour-enfants","9":"product_shipping_class-skis-fr","11":"first","12":"outofstock","13":"sale","14":"taxable","15":"shipping-taxable","16":"purchasable","17":"product-type-variable"},"yoast_head":"<!-- This site is optimized with the Yoast SEO Premium plugin v20.6 (Yoast SEO v27.5) - https:\/\/yoast.com\/product\/yoast-seo-premium-wordpress\/ -->\n<title>EVO Rock Ridge 16&#039; v\u00e9lo enfants - Expeditions Wakefield<\/title>\n<meta name=\"description\" content=\"L&#039;Evo Rock Ridge est un v\u00e9lo \u00e0 roues de 16 pouces con\u00e7u pour les enfants. Le Rock Ridge est livr\u00e9 avec des roues d&#039;entra\u00eenement, des freins \u00e0 r\u00e9trop\u00e9dalage et un frein \u00e0 main arri\u00e8re.\" \/>\n<meta name=\"robots\" content=\"index, follow, max-snippet:-1, max-image-preview:large, max-video-preview:-1\" \/>\n<link rel=\"canonical\" href=\"https:\/\/expeditionswakefield.com\/fr\/produit\/evo-rock-ridge-16-velo-enfants\/\" \/>\n<meta property=\"og:locale\" content=\"fr_FR\" \/>\n<meta property=\"og:type\" content=\"article\" \/>\n<meta property=\"og:title\" content=\"EVO Rock Ridge 16&#039; v\u00e9lo enfants\" \/>\n<meta property=\"og:description\" content=\"L&#039;Evo Rock Ridge est un v\u00e9lo \u00e0 roues de 16 pouces con\u00e7u pour les enfants. Le Rock Ridge est livr\u00e9 avec des roues d&#039;entra\u00eenement, des freins \u00e0 r\u00e9trop\u00e9dalage et un frein \u00e0 main arri\u00e8re.\" \/>\n<meta property=\"og:url\" content=\"https:\/\/expeditionswakefield.com\/fr\/produit\/evo-rock-ridge-16-velo-enfants\/\" \/>\n<meta property=\"og:site_name\" content=\"Expeditions Wakefield\" \/>\n<meta property=\"og:image\" content=\"https:\/\/expeditionswakefield.com\/wp-content\/uploads\/2023\/05\/EvoRockRidge16-BLK.jpg\" \/>\n\t<meta property=\"og:image:width\" content=\"1200\" \/>\n\t<meta property=\"og:image:height\" content=\"800\" \/>\n\t<meta property=\"og:image:type\" content=\"image\/jpeg\" \/>\n<meta name=\"twitter:card\" content=\"summary_large_image\" \/>\n<script type=\"application\/ld+json\" class=\"yoast-schema-graph\">{\"@context\":\"https:\\\/\\\/schema.org\",\"@graph\":[{\"@type\":\"WebPage\",\"@id\":\"https:\\\/\\\/expeditionswakefield.com\\\/fr\\\/produit\\\/evo-rock-ridge-16-velo-enfants\\\/\",\"url\":\"https:\\\/\\\/expeditionswakefield.com\\\/fr\\\/produit\\\/evo-rock-ridge-16-velo-enfants\\\/\",\"name\":\"EVO Rock Ridge 16' v\u00e9lo enfants - Expeditions Wakefield\",\"isPartOf\":{\"@id\":\"http:\\\/\\\/box5661.temp.domains\\\/~lcephumy\\\/#website\"},\"primaryImageOfPage\":{\"@id\":\"https:\\\/\\\/expeditionswakefield.com\\\/fr\\\/produit\\\/evo-rock-ridge-16-velo-enfants\\\/#primaryimage\"},\"image\":{\"@id\":\"https:\\\/\\\/expeditionswakefield.com\\\/fr\\\/produit\\\/evo-rock-ridge-16-velo-enfants\\\/#primaryimage\"},\"thumbnailUrl\":\"https:\\\/\\\/i0.wp.com\\\/expeditionswakefield.com\\\/wp-content\\\/uploads\\\/2023\\\/05\\\/EvoRockRidge16-BLK.jpg?fit=1200%2C800&ssl=1\",\"datePublished\":\"2023-05-16T15:17:05+00:00\",\"description\":\"L'Evo Rock Ridge est un v\u00e9lo \u00e0 roues de 16 pouces con\u00e7u pour les enfants. Le Rock Ridge est livr\u00e9 avec des roues d'entra\u00eenement, des freins \u00e0 r\u00e9trop\u00e9dalage et un frein \u00e0 main arri\u00e8re.\",\"breadcrumb\":{\"@id\":\"https:\\\/\\\/expeditionswakefield.com\\\/fr\\\/produit\\\/evo-rock-ridge-16-velo-enfants\\\/#breadcrumb\"},\"inLanguage\":\"fr-FR\",\"potentialAction\":[{\"@type\":\"ReadAction\",\"target\":[\"https:\\\/\\\/expeditionswakefield.com\\\/fr\\\/produit\\\/evo-rock-ridge-16-velo-enfants\\\/\"]}]},{\"@type\":\"ImageObject\",\"inLanguage\":\"fr-FR\",\"@id\":\"https:\\\/\\\/expeditionswakefield.com\\\/fr\\\/produit\\\/evo-rock-ridge-16-velo-enfants\\\/#primaryimage\",\"url\":\"https:\\\/\\\/i0.wp.com\\\/expeditionswakefield.com\\\/wp-content\\\/uploads\\\/2023\\\/05\\\/EvoRockRidge16-BLK.jpg?fit=1200%2C800&ssl=1\",\"contentUrl\":\"https:\\\/\\\/i0.wp.com\\\/expeditionswakefield.com\\\/wp-content\\\/uploads\\\/2023\\\/05\\\/EvoRockRidge16-BLK.jpg?fit=1200%2C800&ssl=1\",\"width\":1200,\"height\":800},{\"@type\":\"BreadcrumbList\",\"@id\":\"https:\\\/\\\/expeditionswakefield.com\\\/fr\\\/produit\\\/evo-rock-ridge-16-velo-enfants\\\/#breadcrumb\",\"itemListElement\":[{\"@type\":\"ListItem\",\"position\":1,\"name\":\"Home\",\"item\":\"https:\\\/\\\/expeditionswakefield.com\\\/fr\\\/\"},{\"@type\":\"ListItem\",\"position\":2,\"name\":\"Boutique\",\"item\":\"https:\\\/\\\/expeditionswakefield.com\\\/fr\\\/boutique\\\/\"},{\"@type\":\"ListItem\",\"position\":3,\"name\":\"EVO Rock Ridge 16&#8242; v\u00e9lo enfants\"}]},{\"@type\":\"WebSite\",\"@id\":\"http:\\\/\\\/box5661.temp.domains\\\/~lcephumy\\\/#website\",\"url\":\"http:\\\/\\\/box5661.temp.domains\\\/~lcephumy\\\/\",\"name\":\"Expeditions Wakefield\",\"description\":\"Bicycle Shop, Paddling and Outdoor Sales and Rentals in Wakefield, Quebec\",\"potentialAction\":[{\"@type\":\"SearchAction\",\"target\":{\"@type\":\"EntryPoint\",\"urlTemplate\":\"http:\\\/\\\/box5661.temp.domains\\\/~lcephumy\\\/?s={search_term_string}\"},\"query-input\":{\"@type\":\"PropertyValueSpecification\",\"valueRequired\":true,\"valueName\":\"search_term_string\"}}],\"inLanguage\":\"fr-FR\"}]}<\/script>\n<!-- \/ Yoast SEO Premium plugin. -->","yoast_head_json":{"title":"EVO Rock Ridge 16' v\u00e9lo enfants - Expeditions Wakefield","description":"L'Evo Rock Ridge est un v\u00e9lo \u00e0 roues de 16 pouces con\u00e7u pour les enfants. Le Rock Ridge est livr\u00e9 avec des roues d'entra\u00eenement, des freins \u00e0 r\u00e9trop\u00e9dalage et un frein \u00e0 main arri\u00e8re.","robots":{"index":"index","follow":"follow","max-snippet":"max-snippet:-1","max-image-preview":"max-image-preview:large","max-video-preview":"max-video-preview:-1"},"canonical":"https:\/\/expeditionswakefield.com\/fr\/produit\/evo-rock-ridge-16-velo-enfants\/","og_locale":"fr_FR","og_type":"article","og_title":"EVO Rock Ridge 16' v\u00e9lo enfants","og_description":"L'Evo Rock Ridge est un v\u00e9lo \u00e0 roues de 16 pouces con\u00e7u pour les enfants. Le Rock Ridge est livr\u00e9 avec des roues d'entra\u00eenement, des freins \u00e0 r\u00e9trop\u00e9dalage et un frein \u00e0 main arri\u00e8re.","og_url":"https:\/\/expeditionswakefield.com\/fr\/produit\/evo-rock-ridge-16-velo-enfants\/","og_site_name":"Expeditions Wakefield","og_image":[{"width":1200,"height":800,"url":"https:\/\/expeditionswakefield.com\/wp-content\/uploads\/2023\/05\/EvoRockRidge16-BLK.jpg","type":"image\/jpeg"}],"twitter_card":"summary_large_image","schema":{"@context":"https:\/\/schema.org","@graph":[{"@type":"WebPage","@id":"https:\/\/expeditionswakefield.com\/fr\/produit\/evo-rock-ridge-16-velo-enfants\/","url":"https:\/\/expeditionswakefield.com\/fr\/produit\/evo-rock-ridge-16-velo-enfants\/","name":"EVO Rock Ridge 16' v\u00e9lo enfants - Expeditions Wakefield","isPartOf":{"@id":"http:\/\/box5661.temp.domains\/~lcephumy\/#website"},"primaryImageOfPage":{"@id":"https:\/\/expeditionswakefield.com\/fr\/produit\/evo-rock-ridge-16-velo-enfants\/#primaryimage"},"image":{"@id":"https:\/\/expeditionswakefield.com\/fr\/produit\/evo-rock-ridge-16-velo-enfants\/#primaryimage"},"thumbnailUrl":"https:\/\/i0.wp.com\/expeditionswakefield.com\/wp-content\/uploads\/2023\/05\/EvoRockRidge16-BLK.jpg?fit=1200%2C800&ssl=1","datePublished":"2023-05-16T15:17:05+00:00","description":"L'Evo Rock Ridge est un v\u00e9lo \u00e0 roues de 16 pouces con\u00e7u pour les enfants. Le Rock Ridge est livr\u00e9 avec des roues d'entra\u00eenement, des freins \u00e0 r\u00e9trop\u00e9dalage et un frein \u00e0 main arri\u00e8re.","breadcrumb":{"@id":"https:\/\/expeditionswakefield.com\/fr\/produit\/evo-rock-ridge-16-velo-enfants\/#breadcrumb"},"inLanguage":"fr-FR","potentialAction":[{"@type":"ReadAction","target":["https:\/\/expeditionswakefield.com\/fr\/produit\/evo-rock-ridge-16-velo-enfants\/"]}]},{"@type":"ImageObject","inLanguage":"fr-FR","@id":"https:\/\/expeditionswakefield.com\/fr\/produit\/evo-rock-ridge-16-velo-enfants\/#primaryimage","url":"https:\/\/i0.wp.com\/expeditionswakefield.com\/wp-content\/uploads\/2023\/05\/EvoRockRidge16-BLK.jpg?fit=1200%2C800&ssl=1","contentUrl":"https:\/\/i0.wp.com\/expeditionswakefield.com\/wp-content\/uploads\/2023\/05\/EvoRockRidge16-BLK.jpg?fit=1200%2C800&ssl=1","width":1200,"height":800},{"@type":"BreadcrumbList","@id":"https:\/\/expeditionswakefield.com\/fr\/produit\/evo-rock-ridge-16-velo-enfants\/#breadcrumb","itemListElement":[{"@type":"ListItem","position":1,"name":"Home","item":"https:\/\/expeditionswakefield.com\/fr\/"},{"@type":"ListItem","position":2,"name":"Boutique","item":"https:\/\/expeditionswakefield.com\/fr\/boutique\/"},{"@type":"ListItem","position":3,"name":"EVO Rock Ridge 16&#8242; v\u00e9lo enfants"}]},{"@type":"WebSite","@id":"http:\/\/box5661.temp.domains\/~lcephumy\/#website","url":"http:\/\/box5661.temp.domains\/~lcephumy\/","name":"Expeditions Wakefield","description":"Bicycle Shop, Paddling and Outdoor Sales and Rentals in Wakefield, Quebec","potentialAction":[{"@type":"SearchAction","target":{"@type":"EntryPoint","urlTemplate":"http:\/\/box5661.temp.domains\/~lcephumy\/?s={search_term_string}"},"query-input":{"@type":"PropertyValueSpecification","valueRequired":true,"valueName":"search_term_string"}}],"inLanguage":"fr-FR"}]}},"jetpack_sharing_enabled":true,"_links":{"self":[{"href":"https:\/\/expeditionswakefield.com\/fr\/wp-json\/wp\/v2\/product\/12310","targetHints":{"allow":["GET"]}}],"collection":[{"href":"https:\/\/expeditionswakefield.com\/fr\/wp-json\/wp\/v2\/product"}],"about":[{"href":"https:\/\/expeditionswakefield.com\/fr\/wp-json\/wp\/v2\/types\/product"}],"version-history":[{"count":0,"href":"https:\/\/expeditionswakefield.com\/fr\/wp-json\/wp\/v2\/product\/12310\/revisions"}],"wp:featuredmedia":[{"embeddable":true,"href":"https:\/\/expeditionswakefield.com\/fr\/wp-json\/wp\/v2\/media\/11750"}],"wp:attachment":[{"href":"https:\/\/expeditionswakefield.com\/fr\/wp-json\/wp\/v2\/media?parent=12310"}],"wp:term":[{"taxonomy":"product_brand","embeddable":true,"href":"https:\/\/expeditionswakefield.com\/fr\/wp-json\/wp\/v2\/product_brand?post=12310"},{"taxonomy":"product_cat","embeddable":true,"href":"https:\/\/expeditionswakefield.com\/fr\/wp-json\/wp\/v2\/product_cat?post=12310"},{"taxonomy":"product_tag","embeddable":true,"href":"https:\/\/expeditionswakefield.com\/fr\/wp-json\/wp\/v2\/product_tag?post=12310"}],"curies":[{"name":"wp","href":"https:\/\/api.w.org\/{rel}","templated":true}]}}