{"id":12290,"date":"2023-05-16T14:55:49","date_gmt":"2023-05-16T14:55:49","guid":{"rendered":"https:\/\/expeditionswakefield.com\/product\/devinci-ewoc-26-7sp\/"},"modified":"2023-05-16T14:55:49","modified_gmt":"2023-05-16T14:55:49","slug":"devinci-ewoc-26-7sp","status":"publish","type":"product","link":"https:\/\/expeditionswakefield.com\/fr\/produit\/devinci-ewoc-26-7sp\/","title":{"rendered":"Devinci Ewoc 26&Prime; 7sp"},"content":{"rendered":"","protected":false},"excerpt":{"rendered":"<p>Les v\u00e9los pour jeunes Devinci sont peut-\u00eatre plus petits, mais ils ont \u00e9t\u00e9 \u00e9labor\u00e9s avec grands soins pour fournir le m\u00eame calibre de performance que les v\u00e9los pour les grands enfants que nous sommes. L\u2019intr\u00e9pide Ewoc par exemple, tout comme son grand fr\u00e8re Chuck, propose un cadre ultral\u00e9ger en aluminium Optimum G02 et une g\u00e9om\u00e9trie perfectionn\u00e9e \u00e0 point pour profiter au maximum des sentiers. Pour nos jeunes, nous choisissons des couleurs flashs qui en plus de leur plaire, font en sorte qu\u2019ils soient bien visibles, donc en s\u00e9curit\u00e9. La passion du v\u00e9lo, \u00e7a se cultive t\u00f4t!<\/p>\n","protected":false},"featured_media":11747,"template":"","meta":[],"product_brand":[],"product_cat":[421,424],"product_tag":[],"class_list":{"0":"post-12290","1":"product","2":"type-product","3":"status-publish","4":"has-post-thumbnail","6":"product_cat-velos","7":"product_cat-velos-pour-enfants","8":"product_shipping_class-velo","10":"first","11":"outofstock","12":"sale","13":"taxable","14":"shipping-taxable","15":"purchasable","16":"product-type-simple"},"yoast_head":"<!-- This site is optimized with the Yoast SEO Premium plugin v20.6 (Yoast SEO v27.4) - https:\/\/yoast.com\/product\/yoast-seo-premium-wordpress\/ -->\n<title>Devinci Ewoc 26&quot; 7sp - Expeditions Wakefield<\/title>\n<meta name=\"description\" content=\"L\u2019intr\u00e9pide Ewoc par exemple, tout comme son grand fr\u00e8re Chuck, propose un cadre ultral\u00e9ger en aluminium Optimum G02 et une g\u00e9om\u00e9trie perfectionn\u00e9e \u00e0 point pour profiter au maximum des sentiers.\" \/>\n<meta name=\"robots\" content=\"index, follow, max-snippet:-1, max-image-preview:large, max-video-preview:-1\" \/>\n<link rel=\"canonical\" href=\"https:\/\/expeditionswakefield.com\/fr\/produit\/devinci-ewoc-26-7sp\/\" \/>\n<meta property=\"og:locale\" content=\"fr_FR\" \/>\n<meta property=\"og:type\" content=\"article\" \/>\n<meta property=\"og:title\" content=\"Devinci Ewoc 26&quot; 7sp\" \/>\n<meta property=\"og:description\" content=\"L\u2019intr\u00e9pide Ewoc par exemple, tout comme son grand fr\u00e8re Chuck, propose un cadre ultral\u00e9ger en aluminium Optimum G02 et une g\u00e9om\u00e9trie perfectionn\u00e9e \u00e0 point pour profiter au maximum des sentiers.\" \/>\n<meta property=\"og:url\" content=\"https:\/\/expeditionswakefield.com\/fr\/produit\/devinci-ewoc-26-7sp\/\" \/>\n<meta property=\"og:site_name\" content=\"Expeditions Wakefield\" \/>\n<meta property=\"og:image\" content=\"https:\/\/expeditionswakefield.com\/wp-content\/uploads\/2023\/05\/DevinciEwoc26Blue.jpg\" \/>\n\t<meta property=\"og:image:width\" content=\"1200\" \/>\n\t<meta property=\"og:image:height\" content=\"800\" \/>\n\t<meta property=\"og:image:type\" content=\"image\/jpeg\" \/>\n<meta name=\"twitter:card\" content=\"summary_large_image\" \/>\n<script type=\"application\/ld+json\" class=\"yoast-schema-graph\">{\"@context\":\"https:\\\/\\\/schema.org\",\"@graph\":[{\"@type\":\"WebPage\",\"@id\":\"https:\\\/\\\/expeditionswakefield.com\\\/fr\\\/produit\\\/devinci-ewoc-26-7sp\\\/\",\"url\":\"https:\\\/\\\/expeditionswakefield.com\\\/fr\\\/produit\\\/devinci-ewoc-26-7sp\\\/\",\"name\":\"Devinci Ewoc 26\\\" 7sp - Expeditions Wakefield\",\"isPartOf\":{\"@id\":\"http:\\\/\\\/box5661.temp.domains\\\/~lcephumy\\\/#website\"},\"primaryImageOfPage\":{\"@id\":\"https:\\\/\\\/expeditionswakefield.com\\\/fr\\\/produit\\\/devinci-ewoc-26-7sp\\\/#primaryimage\"},\"image\":{\"@id\":\"https:\\\/\\\/expeditionswakefield.com\\\/fr\\\/produit\\\/devinci-ewoc-26-7sp\\\/#primaryimage\"},\"thumbnailUrl\":\"https:\\\/\\\/i0.wp.com\\\/expeditionswakefield.com\\\/wp-content\\\/uploads\\\/2023\\\/05\\\/DevinciEwoc26Blue.jpg?fit=1200%2C800&ssl=1\",\"datePublished\":\"2023-05-16T14:55:49+00:00\",\"description\":\"L\u2019intr\u00e9pide Ewoc par exemple, tout comme son grand fr\u00e8re Chuck, propose un cadre ultral\u00e9ger en aluminium Optimum G02 et une g\u00e9om\u00e9trie perfectionn\u00e9e \u00e0 point pour profiter au maximum des sentiers.\",\"breadcrumb\":{\"@id\":\"https:\\\/\\\/expeditionswakefield.com\\\/fr\\\/produit\\\/devinci-ewoc-26-7sp\\\/#breadcrumb\"},\"inLanguage\":\"fr-FR\",\"potentialAction\":[{\"@type\":\"ReadAction\",\"target\":[\"https:\\\/\\\/expeditionswakefield.com\\\/fr\\\/produit\\\/devinci-ewoc-26-7sp\\\/\"]}]},{\"@type\":\"ImageObject\",\"inLanguage\":\"fr-FR\",\"@id\":\"https:\\\/\\\/expeditionswakefield.com\\\/fr\\\/produit\\\/devinci-ewoc-26-7sp\\\/#primaryimage\",\"url\":\"https:\\\/\\\/i0.wp.com\\\/expeditionswakefield.com\\\/wp-content\\\/uploads\\\/2023\\\/05\\\/DevinciEwoc26Blue.jpg?fit=1200%2C800&ssl=1\",\"contentUrl\":\"https:\\\/\\\/i0.wp.com\\\/expeditionswakefield.com\\\/wp-content\\\/uploads\\\/2023\\\/05\\\/DevinciEwoc26Blue.jpg?fit=1200%2C800&ssl=1\",\"width\":1200,\"height\":800},{\"@type\":\"BreadcrumbList\",\"@id\":\"https:\\\/\\\/expeditionswakefield.com\\\/fr\\\/produit\\\/devinci-ewoc-26-7sp\\\/#breadcrumb\",\"itemListElement\":[{\"@type\":\"ListItem\",\"position\":1,\"name\":\"Home\",\"item\":\"https:\\\/\\\/expeditionswakefield.com\\\/fr\\\/\"},{\"@type\":\"ListItem\",\"position\":2,\"name\":\"Boutique\",\"item\":\"https:\\\/\\\/expeditionswakefield.com\\\/fr\\\/boutique\\\/\"},{\"@type\":\"ListItem\",\"position\":3,\"name\":\"Devinci Ewoc 26&#8243; 7sp\"}]},{\"@type\":\"WebSite\",\"@id\":\"http:\\\/\\\/box5661.temp.domains\\\/~lcephumy\\\/#website\",\"url\":\"http:\\\/\\\/box5661.temp.domains\\\/~lcephumy\\\/\",\"name\":\"Expeditions Wakefield\",\"description\":\"Bicycle Shop, Paddling and Outdoor Sales and Rentals in Wakefield, Quebec\",\"potentialAction\":[{\"@type\":\"SearchAction\",\"target\":{\"@type\":\"EntryPoint\",\"urlTemplate\":\"http:\\\/\\\/box5661.temp.domains\\\/~lcephumy\\\/?s={search_term_string}\"},\"query-input\":{\"@type\":\"PropertyValueSpecification\",\"valueRequired\":true,\"valueName\":\"search_term_string\"}}],\"inLanguage\":\"fr-FR\"}]}<\/script>\n<!-- \/ Yoast SEO Premium plugin. -->","yoast_head_json":{"title":"Devinci Ewoc 26\" 7sp - Expeditions Wakefield","description":"L\u2019intr\u00e9pide Ewoc par exemple, tout comme son grand fr\u00e8re Chuck, propose un cadre ultral\u00e9ger en aluminium Optimum G02 et une g\u00e9om\u00e9trie perfectionn\u00e9e \u00e0 point pour profiter au maximum des sentiers.","robots":{"index":"index","follow":"follow","max-snippet":"max-snippet:-1","max-image-preview":"max-image-preview:large","max-video-preview":"max-video-preview:-1"},"canonical":"https:\/\/expeditionswakefield.com\/fr\/produit\/devinci-ewoc-26-7sp\/","og_locale":"fr_FR","og_type":"article","og_title":"Devinci Ewoc 26\" 7sp","og_description":"L\u2019intr\u00e9pide Ewoc par exemple, tout comme son grand fr\u00e8re Chuck, propose un cadre ultral\u00e9ger en aluminium Optimum G02 et une g\u00e9om\u00e9trie perfectionn\u00e9e \u00e0 point pour profiter au maximum des sentiers.","og_url":"https:\/\/expeditionswakefield.com\/fr\/produit\/devinci-ewoc-26-7sp\/","og_site_name":"Expeditions Wakefield","og_image":[{"width":1200,"height":800,"url":"https:\/\/expeditionswakefield.com\/wp-content\/uploads\/2023\/05\/DevinciEwoc26Blue.jpg","type":"image\/jpeg"}],"twitter_card":"summary_large_image","schema":{"@context":"https:\/\/schema.org","@graph":[{"@type":"WebPage","@id":"https:\/\/expeditionswakefield.com\/fr\/produit\/devinci-ewoc-26-7sp\/","url":"https:\/\/expeditionswakefield.com\/fr\/produit\/devinci-ewoc-26-7sp\/","name":"Devinci Ewoc 26\" 7sp - Expeditions Wakefield","isPartOf":{"@id":"http:\/\/box5661.temp.domains\/~lcephumy\/#website"},"primaryImageOfPage":{"@id":"https:\/\/expeditionswakefield.com\/fr\/produit\/devinci-ewoc-26-7sp\/#primaryimage"},"image":{"@id":"https:\/\/expeditionswakefield.com\/fr\/produit\/devinci-ewoc-26-7sp\/#primaryimage"},"thumbnailUrl":"https:\/\/i0.wp.com\/expeditionswakefield.com\/wp-content\/uploads\/2023\/05\/DevinciEwoc26Blue.jpg?fit=1200%2C800&ssl=1","datePublished":"2023-05-16T14:55:49+00:00","description":"L\u2019intr\u00e9pide Ewoc par exemple, tout comme son grand fr\u00e8re Chuck, propose un cadre ultral\u00e9ger en aluminium Optimum G02 et une g\u00e9om\u00e9trie perfectionn\u00e9e \u00e0 point pour profiter au maximum des sentiers.","breadcrumb":{"@id":"https:\/\/expeditionswakefield.com\/fr\/produit\/devinci-ewoc-26-7sp\/#breadcrumb"},"inLanguage":"fr-FR","potentialAction":[{"@type":"ReadAction","target":["https:\/\/expeditionswakefield.com\/fr\/produit\/devinci-ewoc-26-7sp\/"]}]},{"@type":"ImageObject","inLanguage":"fr-FR","@id":"https:\/\/expeditionswakefield.com\/fr\/produit\/devinci-ewoc-26-7sp\/#primaryimage","url":"https:\/\/i0.wp.com\/expeditionswakefield.com\/wp-content\/uploads\/2023\/05\/DevinciEwoc26Blue.jpg?fit=1200%2C800&ssl=1","contentUrl":"https:\/\/i0.wp.com\/expeditionswakefield.com\/wp-content\/uploads\/2023\/05\/DevinciEwoc26Blue.jpg?fit=1200%2C800&ssl=1","width":1200,"height":800},{"@type":"BreadcrumbList","@id":"https:\/\/expeditionswakefield.com\/fr\/produit\/devinci-ewoc-26-7sp\/#breadcrumb","itemListElement":[{"@type":"ListItem","position":1,"name":"Home","item":"https:\/\/expeditionswakefield.com\/fr\/"},{"@type":"ListItem","position":2,"name":"Boutique","item":"https:\/\/expeditionswakefield.com\/fr\/boutique\/"},{"@type":"ListItem","position":3,"name":"Devinci Ewoc 26&#8243; 7sp"}]},{"@type":"WebSite","@id":"http:\/\/box5661.temp.domains\/~lcephumy\/#website","url":"http:\/\/box5661.temp.domains\/~lcephumy\/","name":"Expeditions Wakefield","description":"Bicycle Shop, Paddling and Outdoor Sales and Rentals in Wakefield, Quebec","potentialAction":[{"@type":"SearchAction","target":{"@type":"EntryPoint","urlTemplate":"http:\/\/box5661.temp.domains\/~lcephumy\/?s={search_term_string}"},"query-input":{"@type":"PropertyValueSpecification","valueRequired":true,"valueName":"search_term_string"}}],"inLanguage":"fr-FR"}]}},"jetpack_sharing_enabled":true,"_links":{"self":[{"href":"https:\/\/expeditionswakefield.com\/fr\/wp-json\/wp\/v2\/product\/12290","targetHints":{"allow":["GET"]}}],"collection":[{"href":"https:\/\/expeditionswakefield.com\/fr\/wp-json\/wp\/v2\/product"}],"about":[{"href":"https:\/\/expeditionswakefield.com\/fr\/wp-json\/wp\/v2\/types\/product"}],"version-history":[{"count":0,"href":"https:\/\/expeditionswakefield.com\/fr\/wp-json\/wp\/v2\/product\/12290\/revisions"}],"wp:featuredmedia":[{"embeddable":true,"href":"https:\/\/expeditionswakefield.com\/fr\/wp-json\/wp\/v2\/media\/11747"}],"wp:attachment":[{"href":"https:\/\/expeditionswakefield.com\/fr\/wp-json\/wp\/v2\/media?parent=12290"}],"wp:term":[{"taxonomy":"product_brand","embeddable":true,"href":"https:\/\/expeditionswakefield.com\/fr\/wp-json\/wp\/v2\/product_brand?post=12290"},{"taxonomy":"product_cat","embeddable":true,"href":"https:\/\/expeditionswakefield.com\/fr\/wp-json\/wp\/v2\/product_cat?post=12290"},{"taxonomy":"product_tag","embeddable":true,"href":"https:\/\/expeditionswakefield.com\/fr\/wp-json\/wp\/v2\/product_tag?post=12290"}],"curies":[{"name":"wp","href":"https:\/\/api.w.org\/{rel}","templated":true}]}}