{"id":12285,"date":"2023-05-12T01:56:39","date_gmt":"2023-05-12T01:56:39","guid":{"rendered":"https:\/\/expeditionswakefield.com\/product\/devinci-blackbird-altus-8sp\/"},"modified":"2023-05-12T01:56:39","modified_gmt":"2023-05-12T01:56:39","slug":"devinci-blackbird-altus-8sp","status":"publish","type":"product","link":"https:\/\/expeditionswakefield.com\/fr\/produit\/devinci-blackbird-altus-8sp\/","title":{"rendered":"Devinci Blackbird Altus 8sp"},"content":{"rendered":"","protected":false},"excerpt":{"rendered":"<p>Le monde des trails, \u00e7a peut \u00eatre p\u00e9p\u00e8re ou l\u2019enfer, \u00e7a d\u00e9pend de vous. Le nouveau Blackbird de Devinci n\u2019a pas peur de se salir, que vous choisissiez des descentes singletrack en lacets ou des mont\u00e9es \u00e9puisantes Il dispose d\u2019un cadre solide en aluminium, de roues 27,5 po \u00e0 pneus Grands, parfaites pour rester stable sur les surfaces glissantes et mieux prendre les virages serr\u00e9s et techniques. Le Blackbird, pour enfin prendre votre envol.<\/p>\n","protected":false},"featured_media":11671,"template":"","meta":[],"product_brand":[],"product_cat":[421,425,422],"product_tag":[],"class_list":{"0":"post-12285","1":"product","2":"type-product","3":"status-publish","4":"has-post-thumbnail","6":"product_cat-velos","7":"product_cat-velos-montagne","8":"product_cat-velos-en-stock","9":"product_shipping_class-velo","11":"first","12":"outofstock","13":"sale","14":"taxable","15":"shipping-taxable","16":"purchasable","17":"product-type-variable"},"yoast_head":"<!-- This site is optimized with the Yoast SEO Premium plugin v20.6 (Yoast SEO v27.4) - https:\/\/yoast.com\/product\/yoast-seo-premium-wordpress\/ -->\n<title>Devinci Blackbird Altus 8sp - Expeditions Wakefield<\/title>\n<meta name=\"description\" content=\"Le monde des trails, \u00e7a peut \u00eatre p\u00e9p\u00e8re ou l\u2019enfer, \u00e7a d\u00e9pend de vous. Le nouveau Blackbird de Devinci n\u2019a pas peur de se salir, que vous choisissiez des descentes singletrack en lacets ou des mont\u00e9es \u00e9puisantes\" \/>\n<meta name=\"robots\" content=\"index, follow, max-snippet:-1, max-image-preview:large, max-video-preview:-1\" \/>\n<link rel=\"canonical\" href=\"https:\/\/expeditionswakefield.com\/fr\/produit\/devinci-blackbird-altus-8sp\/\" \/>\n<meta property=\"og:locale\" content=\"fr_FR\" \/>\n<meta property=\"og:type\" content=\"article\" \/>\n<meta property=\"og:title\" content=\"Devinci Blackbird Altus 8sp\" \/>\n<meta property=\"og:description\" content=\"Le monde des trails, \u00e7a peut \u00eatre p\u00e9p\u00e8re ou l\u2019enfer, \u00e7a d\u00e9pend de vous. Le nouveau Blackbird de Devinci n\u2019a pas peur de se salir, que vous choisissiez des descentes singletrack en lacets ou des mont\u00e9es \u00e9puisantes\" \/>\n<meta property=\"og:url\" content=\"https:\/\/expeditionswakefield.com\/fr\/produit\/devinci-blackbird-altus-8sp\/\" \/>\n<meta property=\"og:site_name\" content=\"Expeditions Wakefield\" \/>\n<meta property=\"og:image\" content=\"https:\/\/expeditionswakefield.com\/wp-content\/uploads\/2023\/05\/DevinciBlackbird.jpg\" \/>\n\t<meta property=\"og:image:width\" content=\"1200\" \/>\n\t<meta property=\"og:image:height\" content=\"800\" \/>\n\t<meta property=\"og:image:type\" content=\"image\/jpeg\" \/>\n<meta name=\"twitter:card\" content=\"summary_large_image\" \/>\n<script type=\"application\/ld+json\" class=\"yoast-schema-graph\">{\"@context\":\"https:\\\/\\\/schema.org\",\"@graph\":[{\"@type\":\"WebPage\",\"@id\":\"https:\\\/\\\/expeditionswakefield.com\\\/fr\\\/produit\\\/devinci-blackbird-altus-8sp\\\/\",\"url\":\"https:\\\/\\\/expeditionswakefield.com\\\/fr\\\/produit\\\/devinci-blackbird-altus-8sp\\\/\",\"name\":\"Devinci Blackbird Altus 8sp - Expeditions Wakefield\",\"isPartOf\":{\"@id\":\"http:\\\/\\\/box5661.temp.domains\\\/~lcephumy\\\/#website\"},\"primaryImageOfPage\":{\"@id\":\"https:\\\/\\\/expeditionswakefield.com\\\/fr\\\/produit\\\/devinci-blackbird-altus-8sp\\\/#primaryimage\"},\"image\":{\"@id\":\"https:\\\/\\\/expeditionswakefield.com\\\/fr\\\/produit\\\/devinci-blackbird-altus-8sp\\\/#primaryimage\"},\"thumbnailUrl\":\"https:\\\/\\\/i0.wp.com\\\/expeditionswakefield.com\\\/wp-content\\\/uploads\\\/2023\\\/05\\\/DevinciBlackbird.jpg?fit=1200%2C800&ssl=1\",\"datePublished\":\"2023-05-12T01:56:39+00:00\",\"description\":\"Le monde des trails, \u00e7a peut \u00eatre p\u00e9p\u00e8re ou l\u2019enfer, \u00e7a d\u00e9pend de vous. Le nouveau Blackbird de Devinci n\u2019a pas peur de se salir, que vous choisissiez des descentes singletrack en lacets ou des mont\u00e9es \u00e9puisantes\",\"breadcrumb\":{\"@id\":\"https:\\\/\\\/expeditionswakefield.com\\\/fr\\\/produit\\\/devinci-blackbird-altus-8sp\\\/#breadcrumb\"},\"inLanguage\":\"fr-FR\",\"potentialAction\":[{\"@type\":\"ReadAction\",\"target\":[\"https:\\\/\\\/expeditionswakefield.com\\\/fr\\\/produit\\\/devinci-blackbird-altus-8sp\\\/\"]}]},{\"@type\":\"ImageObject\",\"inLanguage\":\"fr-FR\",\"@id\":\"https:\\\/\\\/expeditionswakefield.com\\\/fr\\\/produit\\\/devinci-blackbird-altus-8sp\\\/#primaryimage\",\"url\":\"https:\\\/\\\/i0.wp.com\\\/expeditionswakefield.com\\\/wp-content\\\/uploads\\\/2023\\\/05\\\/DevinciBlackbird.jpg?fit=1200%2C800&ssl=1\",\"contentUrl\":\"https:\\\/\\\/i0.wp.com\\\/expeditionswakefield.com\\\/wp-content\\\/uploads\\\/2023\\\/05\\\/DevinciBlackbird.jpg?fit=1200%2C800&ssl=1\",\"width\":1200,\"height\":800},{\"@type\":\"BreadcrumbList\",\"@id\":\"https:\\\/\\\/expeditionswakefield.com\\\/fr\\\/produit\\\/devinci-blackbird-altus-8sp\\\/#breadcrumb\",\"itemListElement\":[{\"@type\":\"ListItem\",\"position\":1,\"name\":\"Home\",\"item\":\"https:\\\/\\\/expeditionswakefield.com\\\/fr\\\/\"},{\"@type\":\"ListItem\",\"position\":2,\"name\":\"Boutique\",\"item\":\"https:\\\/\\\/expeditionswakefield.com\\\/fr\\\/boutique\\\/\"},{\"@type\":\"ListItem\",\"position\":3,\"name\":\"Devinci Blackbird Altus 8sp\"}]},{\"@type\":\"WebSite\",\"@id\":\"http:\\\/\\\/box5661.temp.domains\\\/~lcephumy\\\/#website\",\"url\":\"http:\\\/\\\/box5661.temp.domains\\\/~lcephumy\\\/\",\"name\":\"Expeditions Wakefield\",\"description\":\"Bicycle Shop, Paddling and Outdoor Sales and Rentals in Wakefield, Quebec\",\"potentialAction\":[{\"@type\":\"SearchAction\",\"target\":{\"@type\":\"EntryPoint\",\"urlTemplate\":\"http:\\\/\\\/box5661.temp.domains\\\/~lcephumy\\\/?s={search_term_string}\"},\"query-input\":{\"@type\":\"PropertyValueSpecification\",\"valueRequired\":true,\"valueName\":\"search_term_string\"}}],\"inLanguage\":\"fr-FR\"}]}<\/script>\n<!-- \/ Yoast SEO Premium plugin. -->","yoast_head_json":{"title":"Devinci Blackbird Altus 8sp - Expeditions Wakefield","description":"Le monde des trails, \u00e7a peut \u00eatre p\u00e9p\u00e8re ou l\u2019enfer, \u00e7a d\u00e9pend de vous. Le nouveau Blackbird de Devinci n\u2019a pas peur de se salir, que vous choisissiez des descentes singletrack en lacets ou des mont\u00e9es \u00e9puisantes","robots":{"index":"index","follow":"follow","max-snippet":"max-snippet:-1","max-image-preview":"max-image-preview:large","max-video-preview":"max-video-preview:-1"},"canonical":"https:\/\/expeditionswakefield.com\/fr\/produit\/devinci-blackbird-altus-8sp\/","og_locale":"fr_FR","og_type":"article","og_title":"Devinci Blackbird Altus 8sp","og_description":"Le monde des trails, \u00e7a peut \u00eatre p\u00e9p\u00e8re ou l\u2019enfer, \u00e7a d\u00e9pend de vous. Le nouveau Blackbird de Devinci n\u2019a pas peur de se salir, que vous choisissiez des descentes singletrack en lacets ou des mont\u00e9es \u00e9puisantes","og_url":"https:\/\/expeditionswakefield.com\/fr\/produit\/devinci-blackbird-altus-8sp\/","og_site_name":"Expeditions Wakefield","og_image":[{"width":1200,"height":800,"url":"https:\/\/expeditionswakefield.com\/wp-content\/uploads\/2023\/05\/DevinciBlackbird.jpg","type":"image\/jpeg"}],"twitter_card":"summary_large_image","schema":{"@context":"https:\/\/schema.org","@graph":[{"@type":"WebPage","@id":"https:\/\/expeditionswakefield.com\/fr\/produit\/devinci-blackbird-altus-8sp\/","url":"https:\/\/expeditionswakefield.com\/fr\/produit\/devinci-blackbird-altus-8sp\/","name":"Devinci Blackbird Altus 8sp - Expeditions Wakefield","isPartOf":{"@id":"http:\/\/box5661.temp.domains\/~lcephumy\/#website"},"primaryImageOfPage":{"@id":"https:\/\/expeditionswakefield.com\/fr\/produit\/devinci-blackbird-altus-8sp\/#primaryimage"},"image":{"@id":"https:\/\/expeditionswakefield.com\/fr\/produit\/devinci-blackbird-altus-8sp\/#primaryimage"},"thumbnailUrl":"https:\/\/i0.wp.com\/expeditionswakefield.com\/wp-content\/uploads\/2023\/05\/DevinciBlackbird.jpg?fit=1200%2C800&ssl=1","datePublished":"2023-05-12T01:56:39+00:00","description":"Le monde des trails, \u00e7a peut \u00eatre p\u00e9p\u00e8re ou l\u2019enfer, \u00e7a d\u00e9pend de vous. Le nouveau Blackbird de Devinci n\u2019a pas peur de se salir, que vous choisissiez des descentes singletrack en lacets ou des mont\u00e9es \u00e9puisantes","breadcrumb":{"@id":"https:\/\/expeditionswakefield.com\/fr\/produit\/devinci-blackbird-altus-8sp\/#breadcrumb"},"inLanguage":"fr-FR","potentialAction":[{"@type":"ReadAction","target":["https:\/\/expeditionswakefield.com\/fr\/produit\/devinci-blackbird-altus-8sp\/"]}]},{"@type":"ImageObject","inLanguage":"fr-FR","@id":"https:\/\/expeditionswakefield.com\/fr\/produit\/devinci-blackbird-altus-8sp\/#primaryimage","url":"https:\/\/i0.wp.com\/expeditionswakefield.com\/wp-content\/uploads\/2023\/05\/DevinciBlackbird.jpg?fit=1200%2C800&ssl=1","contentUrl":"https:\/\/i0.wp.com\/expeditionswakefield.com\/wp-content\/uploads\/2023\/05\/DevinciBlackbird.jpg?fit=1200%2C800&ssl=1","width":1200,"height":800},{"@type":"BreadcrumbList","@id":"https:\/\/expeditionswakefield.com\/fr\/produit\/devinci-blackbird-altus-8sp\/#breadcrumb","itemListElement":[{"@type":"ListItem","position":1,"name":"Home","item":"https:\/\/expeditionswakefield.com\/fr\/"},{"@type":"ListItem","position":2,"name":"Boutique","item":"https:\/\/expeditionswakefield.com\/fr\/boutique\/"},{"@type":"ListItem","position":3,"name":"Devinci Blackbird Altus 8sp"}]},{"@type":"WebSite","@id":"http:\/\/box5661.temp.domains\/~lcephumy\/#website","url":"http:\/\/box5661.temp.domains\/~lcephumy\/","name":"Expeditions Wakefield","description":"Bicycle Shop, Paddling and Outdoor Sales and Rentals in Wakefield, Quebec","potentialAction":[{"@type":"SearchAction","target":{"@type":"EntryPoint","urlTemplate":"http:\/\/box5661.temp.domains\/~lcephumy\/?s={search_term_string}"},"query-input":{"@type":"PropertyValueSpecification","valueRequired":true,"valueName":"search_term_string"}}],"inLanguage":"fr-FR"}]}},"jetpack_sharing_enabled":true,"_links":{"self":[{"href":"https:\/\/expeditionswakefield.com\/fr\/wp-json\/wp\/v2\/product\/12285","targetHints":{"allow":["GET"]}}],"collection":[{"href":"https:\/\/expeditionswakefield.com\/fr\/wp-json\/wp\/v2\/product"}],"about":[{"href":"https:\/\/expeditionswakefield.com\/fr\/wp-json\/wp\/v2\/types\/product"}],"version-history":[{"count":0,"href":"https:\/\/expeditionswakefield.com\/fr\/wp-json\/wp\/v2\/product\/12285\/revisions"}],"wp:featuredmedia":[{"embeddable":true,"href":"https:\/\/expeditionswakefield.com\/fr\/wp-json\/wp\/v2\/media\/11671"}],"wp:attachment":[{"href":"https:\/\/expeditionswakefield.com\/fr\/wp-json\/wp\/v2\/media?parent=12285"}],"wp:term":[{"taxonomy":"product_brand","embeddable":true,"href":"https:\/\/expeditionswakefield.com\/fr\/wp-json\/wp\/v2\/product_brand?post=12285"},{"taxonomy":"product_cat","embeddable":true,"href":"https:\/\/expeditionswakefield.com\/fr\/wp-json\/wp\/v2\/product_cat?post=12285"},{"taxonomy":"product_tag","embeddable":true,"href":"https:\/\/expeditionswakefield.com\/fr\/wp-json\/wp\/v2\/product_tag?post=12285"}],"curies":[{"name":"wp","href":"https:\/\/api.w.org\/{rel}","templated":true}]}}