{"id":12280,"date":"2023-05-12T01:20:07","date_gmt":"2023-05-12T01:20:07","guid":{"rendered":"https:\/\/expeditionswakefield.com\/product\/kona-libre\/"},"modified":"2023-05-12T01:20:07","modified_gmt":"2023-05-12T01:20:07","slug":"kona-libre","status":"publish","type":"product","link":"https:\/\/expeditionswakefield.com\/fr\/produit\/kona-libre\/","title":{"rendered":"Kona Libre"},"content":{"rendered":"","protected":false},"excerpt":{"rendered":"<p>Vous \u00eates le genre de cycliste qui veut quelque chose de progressif qui reste performant sur un terrain typique. Route. Gravel. Chemin forestier\/accident\u00e9? Le Libre prend le traditionnel, le retourne au complet et ajoute un petit \u00ab\u00a0je ne sais quoi\u00a0\u00bb \u00e0 vos sorties pour les rendre plus amusantes. Il est plus l\u00e9ger que votre ancien \u00abgravel\u00bb et a une g\u00e9om\u00e9trie plus agressive de sorte que lorsque vous d\u00e9cidez de sauter une chaine de trottoir, vous pouvez vous frayer un chemin dans les sentiers battus sans excuses C&rsquo;est abordable, un peu bizarre et exactement ce que nous recherchons comme gravel bike!<\/p>\n","protected":false},"featured_media":11668,"template":"","meta":[],"product_brand":[],"product_cat":[423,421,422],"product_tag":[],"class_list":{"0":"post-12280","1":"product","2":"type-product","3":"status-publish","4":"has-post-thumbnail","6":"product_cat-gravier-et-hybride","7":"product_cat-velos","8":"product_cat-velos-en-stock","9":"product_shipping_class-velo","11":"first","12":"instock","13":"sale","14":"taxable","15":"shipping-taxable","16":"purchasable","17":"product-type-variable"},"yoast_head":"<!-- This site is optimized with the Yoast SEO Premium plugin v20.6 (Yoast SEO v27.5) - https:\/\/yoast.com\/product\/yoast-seo-premium-wordpress\/ -->\n<title>Kona Libre - Expeditions Wakefield<\/title>\n<meta name=\"description\" content=\"Route. Gravel. Chemin forestier\/accident\u00e9? Le Libre prend le traditionnel, le retourne au complet et ajoute un petit &quot;je ne sais quoi&quot; \u00e0 vos sorties pour les rendre plus amusantes.\" \/>\n<meta name=\"robots\" content=\"index, follow, max-snippet:-1, max-image-preview:large, max-video-preview:-1\" \/>\n<link rel=\"canonical\" href=\"https:\/\/expeditionswakefield.com\/fr\/produit\/kona-libre\/\" \/>\n<meta property=\"og:locale\" content=\"fr_FR\" \/>\n<meta property=\"og:type\" content=\"article\" \/>\n<meta property=\"og:title\" content=\"Kona Libre\" \/>\n<meta property=\"og:description\" content=\"Route. Gravel. Chemin forestier\/accident\u00e9? Le Libre prend le traditionnel, le retourne au complet et ajoute un petit &quot;je ne sais quoi&quot; \u00e0 vos sorties pour les rendre plus amusantes.\" \/>\n<meta property=\"og:url\" content=\"https:\/\/expeditionswakefield.com\/fr\/produit\/kona-libre\/\" \/>\n<meta property=\"og:site_name\" content=\"Expeditions Wakefield\" \/>\n<meta property=\"og:image\" content=\"https:\/\/expeditionswakefield.com\/wp-content\/uploads\/2023\/05\/KonaLibre.jpg\" \/>\n\t<meta property=\"og:image:width\" content=\"1200\" \/>\n\t<meta property=\"og:image:height\" content=\"800\" \/>\n\t<meta property=\"og:image:type\" content=\"image\/jpeg\" \/>\n<meta name=\"twitter:card\" content=\"summary_large_image\" \/>\n<script type=\"application\/ld+json\" class=\"yoast-schema-graph\">{\"@context\":\"https:\\\/\\\/schema.org\",\"@graph\":[{\"@type\":\"WebPage\",\"@id\":\"https:\\\/\\\/expeditionswakefield.com\\\/fr\\\/produit\\\/kona-libre\\\/\",\"url\":\"https:\\\/\\\/expeditionswakefield.com\\\/fr\\\/produit\\\/kona-libre\\\/\",\"name\":\"Kona Libre - Expeditions Wakefield\",\"isPartOf\":{\"@id\":\"http:\\\/\\\/box5661.temp.domains\\\/~lcephumy\\\/#website\"},\"primaryImageOfPage\":{\"@id\":\"https:\\\/\\\/expeditionswakefield.com\\\/fr\\\/produit\\\/kona-libre\\\/#primaryimage\"},\"image\":{\"@id\":\"https:\\\/\\\/expeditionswakefield.com\\\/fr\\\/produit\\\/kona-libre\\\/#primaryimage\"},\"thumbnailUrl\":\"https:\\\/\\\/i0.wp.com\\\/expeditionswakefield.com\\\/wp-content\\\/uploads\\\/2023\\\/05\\\/KonaLibre.jpg?fit=1200%2C800&ssl=1\",\"datePublished\":\"2023-05-12T01:20:07+00:00\",\"description\":\"Route. Gravel. Chemin forestier\\\/accident\u00e9? Le Libre prend le traditionnel, le retourne au complet et ajoute un petit \\\"je ne sais quoi\\\" \u00e0 vos sorties pour les rendre plus amusantes.\",\"breadcrumb\":{\"@id\":\"https:\\\/\\\/expeditionswakefield.com\\\/fr\\\/produit\\\/kona-libre\\\/#breadcrumb\"},\"inLanguage\":\"fr-FR\",\"potentialAction\":[{\"@type\":\"ReadAction\",\"target\":[\"https:\\\/\\\/expeditionswakefield.com\\\/fr\\\/produit\\\/kona-libre\\\/\"]}]},{\"@type\":\"ImageObject\",\"inLanguage\":\"fr-FR\",\"@id\":\"https:\\\/\\\/expeditionswakefield.com\\\/fr\\\/produit\\\/kona-libre\\\/#primaryimage\",\"url\":\"https:\\\/\\\/i0.wp.com\\\/expeditionswakefield.com\\\/wp-content\\\/uploads\\\/2023\\\/05\\\/KonaLibre.jpg?fit=1200%2C800&ssl=1\",\"contentUrl\":\"https:\\\/\\\/i0.wp.com\\\/expeditionswakefield.com\\\/wp-content\\\/uploads\\\/2023\\\/05\\\/KonaLibre.jpg?fit=1200%2C800&ssl=1\",\"width\":1200,\"height\":800},{\"@type\":\"BreadcrumbList\",\"@id\":\"https:\\\/\\\/expeditionswakefield.com\\\/fr\\\/produit\\\/kona-libre\\\/#breadcrumb\",\"itemListElement\":[{\"@type\":\"ListItem\",\"position\":1,\"name\":\"Home\",\"item\":\"https:\\\/\\\/expeditionswakefield.com\\\/fr\\\/\"},{\"@type\":\"ListItem\",\"position\":2,\"name\":\"Boutique\",\"item\":\"https:\\\/\\\/expeditionswakefield.com\\\/fr\\\/boutique\\\/\"},{\"@type\":\"ListItem\",\"position\":3,\"name\":\"Kona Libre\"}]},{\"@type\":\"WebSite\",\"@id\":\"http:\\\/\\\/box5661.temp.domains\\\/~lcephumy\\\/#website\",\"url\":\"http:\\\/\\\/box5661.temp.domains\\\/~lcephumy\\\/\",\"name\":\"Expeditions Wakefield\",\"description\":\"Bicycle Shop, Paddling and Outdoor Sales and Rentals in Wakefield, Quebec\",\"potentialAction\":[{\"@type\":\"SearchAction\",\"target\":{\"@type\":\"EntryPoint\",\"urlTemplate\":\"http:\\\/\\\/box5661.temp.domains\\\/~lcephumy\\\/?s={search_term_string}\"},\"query-input\":{\"@type\":\"PropertyValueSpecification\",\"valueRequired\":true,\"valueName\":\"search_term_string\"}}],\"inLanguage\":\"fr-FR\"}]}<\/script>\n<!-- \/ Yoast SEO Premium plugin. -->","yoast_head_json":{"title":"Kona Libre - Expeditions Wakefield","description":"Route. Gravel. Chemin forestier\/accident\u00e9? Le Libre prend le traditionnel, le retourne au complet et ajoute un petit \"je ne sais quoi\" \u00e0 vos sorties pour les rendre plus amusantes.","robots":{"index":"index","follow":"follow","max-snippet":"max-snippet:-1","max-image-preview":"max-image-preview:large","max-video-preview":"max-video-preview:-1"},"canonical":"https:\/\/expeditionswakefield.com\/fr\/produit\/kona-libre\/","og_locale":"fr_FR","og_type":"article","og_title":"Kona Libre","og_description":"Route. Gravel. Chemin forestier\/accident\u00e9? Le Libre prend le traditionnel, le retourne au complet et ajoute un petit \"je ne sais quoi\" \u00e0 vos sorties pour les rendre plus amusantes.","og_url":"https:\/\/expeditionswakefield.com\/fr\/produit\/kona-libre\/","og_site_name":"Expeditions Wakefield","og_image":[{"width":1200,"height":800,"url":"https:\/\/expeditionswakefield.com\/wp-content\/uploads\/2023\/05\/KonaLibre.jpg","type":"image\/jpeg"}],"twitter_card":"summary_large_image","schema":{"@context":"https:\/\/schema.org","@graph":[{"@type":"WebPage","@id":"https:\/\/expeditionswakefield.com\/fr\/produit\/kona-libre\/","url":"https:\/\/expeditionswakefield.com\/fr\/produit\/kona-libre\/","name":"Kona Libre - Expeditions Wakefield","isPartOf":{"@id":"http:\/\/box5661.temp.domains\/~lcephumy\/#website"},"primaryImageOfPage":{"@id":"https:\/\/expeditionswakefield.com\/fr\/produit\/kona-libre\/#primaryimage"},"image":{"@id":"https:\/\/expeditionswakefield.com\/fr\/produit\/kona-libre\/#primaryimage"},"thumbnailUrl":"https:\/\/i0.wp.com\/expeditionswakefield.com\/wp-content\/uploads\/2023\/05\/KonaLibre.jpg?fit=1200%2C800&ssl=1","datePublished":"2023-05-12T01:20:07+00:00","description":"Route. Gravel. Chemin forestier\/accident\u00e9? Le Libre prend le traditionnel, le retourne au complet et ajoute un petit \"je ne sais quoi\" \u00e0 vos sorties pour les rendre plus amusantes.","breadcrumb":{"@id":"https:\/\/expeditionswakefield.com\/fr\/produit\/kona-libre\/#breadcrumb"},"inLanguage":"fr-FR","potentialAction":[{"@type":"ReadAction","target":["https:\/\/expeditionswakefield.com\/fr\/produit\/kona-libre\/"]}]},{"@type":"ImageObject","inLanguage":"fr-FR","@id":"https:\/\/expeditionswakefield.com\/fr\/produit\/kona-libre\/#primaryimage","url":"https:\/\/i0.wp.com\/expeditionswakefield.com\/wp-content\/uploads\/2023\/05\/KonaLibre.jpg?fit=1200%2C800&ssl=1","contentUrl":"https:\/\/i0.wp.com\/expeditionswakefield.com\/wp-content\/uploads\/2023\/05\/KonaLibre.jpg?fit=1200%2C800&ssl=1","width":1200,"height":800},{"@type":"BreadcrumbList","@id":"https:\/\/expeditionswakefield.com\/fr\/produit\/kona-libre\/#breadcrumb","itemListElement":[{"@type":"ListItem","position":1,"name":"Home","item":"https:\/\/expeditionswakefield.com\/fr\/"},{"@type":"ListItem","position":2,"name":"Boutique","item":"https:\/\/expeditionswakefield.com\/fr\/boutique\/"},{"@type":"ListItem","position":3,"name":"Kona Libre"}]},{"@type":"WebSite","@id":"http:\/\/box5661.temp.domains\/~lcephumy\/#website","url":"http:\/\/box5661.temp.domains\/~lcephumy\/","name":"Expeditions Wakefield","description":"Bicycle Shop, Paddling and Outdoor Sales and Rentals in Wakefield, Quebec","potentialAction":[{"@type":"SearchAction","target":{"@type":"EntryPoint","urlTemplate":"http:\/\/box5661.temp.domains\/~lcephumy\/?s={search_term_string}"},"query-input":{"@type":"PropertyValueSpecification","valueRequired":true,"valueName":"search_term_string"}}],"inLanguage":"fr-FR"}]}},"jetpack_sharing_enabled":true,"_links":{"self":[{"href":"https:\/\/expeditionswakefield.com\/fr\/wp-json\/wp\/v2\/product\/12280","targetHints":{"allow":["GET"]}}],"collection":[{"href":"https:\/\/expeditionswakefield.com\/fr\/wp-json\/wp\/v2\/product"}],"about":[{"href":"https:\/\/expeditionswakefield.com\/fr\/wp-json\/wp\/v2\/types\/product"}],"version-history":[{"count":0,"href":"https:\/\/expeditionswakefield.com\/fr\/wp-json\/wp\/v2\/product\/12280\/revisions"}],"wp:featuredmedia":[{"embeddable":true,"href":"https:\/\/expeditionswakefield.com\/fr\/wp-json\/wp\/v2\/media\/11668"}],"wp:attachment":[{"href":"https:\/\/expeditionswakefield.com\/fr\/wp-json\/wp\/v2\/media?parent=12280"}],"wp:term":[{"taxonomy":"product_brand","embeddable":true,"href":"https:\/\/expeditionswakefield.com\/fr\/wp-json\/wp\/v2\/product_brand?post=12280"},{"taxonomy":"product_cat","embeddable":true,"href":"https:\/\/expeditionswakefield.com\/fr\/wp-json\/wp\/v2\/product_cat?post=12280"},{"taxonomy":"product_tag","embeddable":true,"href":"https:\/\/expeditionswakefield.com\/fr\/wp-json\/wp\/v2\/product_tag?post=12280"}],"curies":[{"name":"wp","href":"https:\/\/api.w.org\/{rel}","templated":true}]}}