{"id":12276,"date":"2023-05-12T02:45:37","date_gmt":"2023-05-12T02:45:37","guid":{"rendered":"https:\/\/expeditionswakefield.com\/product\/kona-lanai\/"},"modified":"2023-05-12T02:45:37","modified_gmt":"2023-05-12T02:45:37","slug":"kona-lanai","status":"publish","type":"product","link":"https:\/\/expeditionswakefield.com\/fr\/produit\/kona-lanai\/","title":{"rendered":"Kona Lana&rsquo;i"},"content":{"rendered":"","protected":false},"excerpt":{"rendered":"<p>On se souvient tous de son premier VTT. Pour beaucoup d\u2019entre nous, c\u2019\u00e9tait un v\u00e9lo qui ressemblait au Kona Lana\u2019i. Suffisamment abordable pour que cela ne soit pas trop risqu\u00e9 de l\u2019ab\u00eemer, mais dot\u00e9s de composants qui vous donnaient la libert\u00e9 d&rsquo;explorer le tout-terrain. Le Lana&rsquo;i est \u00e9quip\u00e9 de manettes de vitesses et de freins int\u00e9gr\u00e9s pour \u00e9purer le poste de pilotage. Il est d\u00e9sormais disponible en trois tailles de roues : 26&Prime; pour le cadre XS, 27,5&Prime; pour les cadres S et M, et 29&Prime; pour les cadres L et XL. Avec une transmission 8 vitesses, de puissants freins \u00e0 disque et une fourche de 100 mm de d\u00e9battement, le Lana\u2019i est le meilleur moyen de vivre tout ce qu&rsquo;un singletrack a \u00e0 offrir.<\/p>\n","protected":false},"featured_media":11678,"template":"","meta":[],"product_brand":[],"product_cat":[421,425,422],"product_tag":[],"class_list":{"0":"post-12276","1":"product","2":"type-product","3":"status-publish","4":"has-post-thumbnail","6":"product_cat-velos","7":"product_cat-velos-montagne","8":"product_cat-velos-en-stock","9":"product_shipping_class-velo","11":"first","12":"outofstock","13":"sale","14":"taxable","15":"shipping-taxable","16":"purchasable","17":"product-type-variable"},"yoast_head":"<!-- This site is optimized with the Yoast SEO Premium plugin v20.6 (Yoast SEO v27.4) - https:\/\/yoast.com\/product\/yoast-seo-premium-wordpress\/ -->\n<title>Kona Lana&#039;i - Expeditions Wakefield<\/title>\n<meta name=\"description\" content=\"On se souvient tous de son premier VTT. Pour beaucoup d\u2019entre nous, c\u2019\u00e9tait un v\u00e9lo qui ressemblait au Kona Lana\u2019i.\" \/>\n<meta name=\"robots\" content=\"index, follow, max-snippet:-1, max-image-preview:large, max-video-preview:-1\" \/>\n<link rel=\"canonical\" href=\"https:\/\/expeditionswakefield.com\/fr\/produit\/kona-lanai\/\" \/>\n<meta property=\"og:locale\" content=\"fr_FR\" \/>\n<meta property=\"og:type\" content=\"article\" \/>\n<meta property=\"og:title\" content=\"Kona Lana&#039;i\" \/>\n<meta property=\"og:description\" content=\"On se souvient tous de son premier VTT. Pour beaucoup d\u2019entre nous, c\u2019\u00e9tait un v\u00e9lo qui ressemblait au Kona Lana\u2019i.\" \/>\n<meta property=\"og:url\" content=\"https:\/\/expeditionswakefield.com\/fr\/produit\/kona-lanai\/\" \/>\n<meta property=\"og:site_name\" content=\"Expeditions Wakefield\" \/>\n<meta property=\"og:image\" content=\"https:\/\/expeditionswakefield.com\/wp-content\/uploads\/2023\/05\/KonaLanai.jpg\" \/>\n\t<meta property=\"og:image:width\" content=\"1200\" \/>\n\t<meta property=\"og:image:height\" content=\"800\" \/>\n\t<meta property=\"og:image:type\" content=\"image\/jpeg\" \/>\n<meta name=\"twitter:card\" content=\"summary_large_image\" \/>\n<script type=\"application\/ld+json\" class=\"yoast-schema-graph\">{\"@context\":\"https:\\\/\\\/schema.org\",\"@graph\":[{\"@type\":\"WebPage\",\"@id\":\"https:\\\/\\\/expeditionswakefield.com\\\/fr\\\/produit\\\/kona-lanai\\\/\",\"url\":\"https:\\\/\\\/expeditionswakefield.com\\\/fr\\\/produit\\\/kona-lanai\\\/\",\"name\":\"Kona Lana'i - Expeditions Wakefield\",\"isPartOf\":{\"@id\":\"http:\\\/\\\/box5661.temp.domains\\\/~lcephumy\\\/#website\"},\"primaryImageOfPage\":{\"@id\":\"https:\\\/\\\/expeditionswakefield.com\\\/fr\\\/produit\\\/kona-lanai\\\/#primaryimage\"},\"image\":{\"@id\":\"https:\\\/\\\/expeditionswakefield.com\\\/fr\\\/produit\\\/kona-lanai\\\/#primaryimage\"},\"thumbnailUrl\":\"https:\\\/\\\/i0.wp.com\\\/expeditionswakefield.com\\\/wp-content\\\/uploads\\\/2023\\\/05\\\/KonaLanai.jpg?fit=1200%2C800&ssl=1\",\"datePublished\":\"2023-05-12T02:45:37+00:00\",\"description\":\"On se souvient tous de son premier VTT. Pour beaucoup d\u2019entre nous, c\u2019\u00e9tait un v\u00e9lo qui ressemblait au Kona Lana\u2019i.\",\"breadcrumb\":{\"@id\":\"https:\\\/\\\/expeditionswakefield.com\\\/fr\\\/produit\\\/kona-lanai\\\/#breadcrumb\"},\"inLanguage\":\"fr-FR\",\"potentialAction\":[{\"@type\":\"ReadAction\",\"target\":[\"https:\\\/\\\/expeditionswakefield.com\\\/fr\\\/produit\\\/kona-lanai\\\/\"]}]},{\"@type\":\"ImageObject\",\"inLanguage\":\"fr-FR\",\"@id\":\"https:\\\/\\\/expeditionswakefield.com\\\/fr\\\/produit\\\/kona-lanai\\\/#primaryimage\",\"url\":\"https:\\\/\\\/i0.wp.com\\\/expeditionswakefield.com\\\/wp-content\\\/uploads\\\/2023\\\/05\\\/KonaLanai.jpg?fit=1200%2C800&ssl=1\",\"contentUrl\":\"https:\\\/\\\/i0.wp.com\\\/expeditionswakefield.com\\\/wp-content\\\/uploads\\\/2023\\\/05\\\/KonaLanai.jpg?fit=1200%2C800&ssl=1\",\"width\":1200,\"height\":800},{\"@type\":\"BreadcrumbList\",\"@id\":\"https:\\\/\\\/expeditionswakefield.com\\\/fr\\\/produit\\\/kona-lanai\\\/#breadcrumb\",\"itemListElement\":[{\"@type\":\"ListItem\",\"position\":1,\"name\":\"Home\",\"item\":\"https:\\\/\\\/expeditionswakefield.com\\\/fr\\\/\"},{\"@type\":\"ListItem\",\"position\":2,\"name\":\"Boutique\",\"item\":\"https:\\\/\\\/expeditionswakefield.com\\\/fr\\\/boutique\\\/\"},{\"@type\":\"ListItem\",\"position\":3,\"name\":\"Kona Lana&#8217;i\"}]},{\"@type\":\"WebSite\",\"@id\":\"http:\\\/\\\/box5661.temp.domains\\\/~lcephumy\\\/#website\",\"url\":\"http:\\\/\\\/box5661.temp.domains\\\/~lcephumy\\\/\",\"name\":\"Expeditions Wakefield\",\"description\":\"Bicycle Shop, Paddling and Outdoor Sales and Rentals in Wakefield, Quebec\",\"potentialAction\":[{\"@type\":\"SearchAction\",\"target\":{\"@type\":\"EntryPoint\",\"urlTemplate\":\"http:\\\/\\\/box5661.temp.domains\\\/~lcephumy\\\/?s={search_term_string}\"},\"query-input\":{\"@type\":\"PropertyValueSpecification\",\"valueRequired\":true,\"valueName\":\"search_term_string\"}}],\"inLanguage\":\"fr-FR\"}]}<\/script>\n<!-- \/ Yoast SEO Premium plugin. -->","yoast_head_json":{"title":"Kona Lana'i - Expeditions Wakefield","description":"On se souvient tous de son premier VTT. Pour beaucoup d\u2019entre nous, c\u2019\u00e9tait un v\u00e9lo qui ressemblait au Kona Lana\u2019i.","robots":{"index":"index","follow":"follow","max-snippet":"max-snippet:-1","max-image-preview":"max-image-preview:large","max-video-preview":"max-video-preview:-1"},"canonical":"https:\/\/expeditionswakefield.com\/fr\/produit\/kona-lanai\/","og_locale":"fr_FR","og_type":"article","og_title":"Kona Lana'i","og_description":"On se souvient tous de son premier VTT. Pour beaucoup d\u2019entre nous, c\u2019\u00e9tait un v\u00e9lo qui ressemblait au Kona Lana\u2019i.","og_url":"https:\/\/expeditionswakefield.com\/fr\/produit\/kona-lanai\/","og_site_name":"Expeditions Wakefield","og_image":[{"width":1200,"height":800,"url":"https:\/\/expeditionswakefield.com\/wp-content\/uploads\/2023\/05\/KonaLanai.jpg","type":"image\/jpeg"}],"twitter_card":"summary_large_image","schema":{"@context":"https:\/\/schema.org","@graph":[{"@type":"WebPage","@id":"https:\/\/expeditionswakefield.com\/fr\/produit\/kona-lanai\/","url":"https:\/\/expeditionswakefield.com\/fr\/produit\/kona-lanai\/","name":"Kona Lana'i - Expeditions Wakefield","isPartOf":{"@id":"http:\/\/box5661.temp.domains\/~lcephumy\/#website"},"primaryImageOfPage":{"@id":"https:\/\/expeditionswakefield.com\/fr\/produit\/kona-lanai\/#primaryimage"},"image":{"@id":"https:\/\/expeditionswakefield.com\/fr\/produit\/kona-lanai\/#primaryimage"},"thumbnailUrl":"https:\/\/i0.wp.com\/expeditionswakefield.com\/wp-content\/uploads\/2023\/05\/KonaLanai.jpg?fit=1200%2C800&ssl=1","datePublished":"2023-05-12T02:45:37+00:00","description":"On se souvient tous de son premier VTT. Pour beaucoup d\u2019entre nous, c\u2019\u00e9tait un v\u00e9lo qui ressemblait au Kona Lana\u2019i.","breadcrumb":{"@id":"https:\/\/expeditionswakefield.com\/fr\/produit\/kona-lanai\/#breadcrumb"},"inLanguage":"fr-FR","potentialAction":[{"@type":"ReadAction","target":["https:\/\/expeditionswakefield.com\/fr\/produit\/kona-lanai\/"]}]},{"@type":"ImageObject","inLanguage":"fr-FR","@id":"https:\/\/expeditionswakefield.com\/fr\/produit\/kona-lanai\/#primaryimage","url":"https:\/\/i0.wp.com\/expeditionswakefield.com\/wp-content\/uploads\/2023\/05\/KonaLanai.jpg?fit=1200%2C800&ssl=1","contentUrl":"https:\/\/i0.wp.com\/expeditionswakefield.com\/wp-content\/uploads\/2023\/05\/KonaLanai.jpg?fit=1200%2C800&ssl=1","width":1200,"height":800},{"@type":"BreadcrumbList","@id":"https:\/\/expeditionswakefield.com\/fr\/produit\/kona-lanai\/#breadcrumb","itemListElement":[{"@type":"ListItem","position":1,"name":"Home","item":"https:\/\/expeditionswakefield.com\/fr\/"},{"@type":"ListItem","position":2,"name":"Boutique","item":"https:\/\/expeditionswakefield.com\/fr\/boutique\/"},{"@type":"ListItem","position":3,"name":"Kona Lana&#8217;i"}]},{"@type":"WebSite","@id":"http:\/\/box5661.temp.domains\/~lcephumy\/#website","url":"http:\/\/box5661.temp.domains\/~lcephumy\/","name":"Expeditions Wakefield","description":"Bicycle Shop, Paddling and Outdoor Sales and Rentals in Wakefield, Quebec","potentialAction":[{"@type":"SearchAction","target":{"@type":"EntryPoint","urlTemplate":"http:\/\/box5661.temp.domains\/~lcephumy\/?s={search_term_string}"},"query-input":{"@type":"PropertyValueSpecification","valueRequired":true,"valueName":"search_term_string"}}],"inLanguage":"fr-FR"}]}},"jetpack_sharing_enabled":true,"_links":{"self":[{"href":"https:\/\/expeditionswakefield.com\/fr\/wp-json\/wp\/v2\/product\/12276","targetHints":{"allow":["GET"]}}],"collection":[{"href":"https:\/\/expeditionswakefield.com\/fr\/wp-json\/wp\/v2\/product"}],"about":[{"href":"https:\/\/expeditionswakefield.com\/fr\/wp-json\/wp\/v2\/types\/product"}],"version-history":[{"count":0,"href":"https:\/\/expeditionswakefield.com\/fr\/wp-json\/wp\/v2\/product\/12276\/revisions"}],"wp:featuredmedia":[{"embeddable":true,"href":"https:\/\/expeditionswakefield.com\/fr\/wp-json\/wp\/v2\/media\/11678"}],"wp:attachment":[{"href":"https:\/\/expeditionswakefield.com\/fr\/wp-json\/wp\/v2\/media?parent=12276"}],"wp:term":[{"taxonomy":"product_brand","embeddable":true,"href":"https:\/\/expeditionswakefield.com\/fr\/wp-json\/wp\/v2\/product_brand?post=12276"},{"taxonomy":"product_cat","embeddable":true,"href":"https:\/\/expeditionswakefield.com\/fr\/wp-json\/wp\/v2\/product_cat?post=12276"},{"taxonomy":"product_tag","embeddable":true,"href":"https:\/\/expeditionswakefield.com\/fr\/wp-json\/wp\/v2\/product_tag?post=12276"}],"curies":[{"name":"wp","href":"https:\/\/api.w.org\/{rel}","templated":true}]}}