{"id":12272,"date":"2023-05-12T02:06:54","date_gmt":"2023-05-12T02:06:54","guid":{"rendered":"https:\/\/expeditionswakefield.com\/product\/devinci-milano-altus-21s\/"},"modified":"2023-05-12T02:06:54","modified_gmt":"2023-05-12T02:06:54","slug":"devinci-milano-altus-21s","status":"publish","type":"product","link":"https:\/\/expeditionswakefield.com\/fr\/produit\/devinci-milano-altus-21s\/","title":{"rendered":"Devinci Milano Altus 21s"},"content":{"rendered":"","protected":false},"excerpt":{"rendered":"<p>Remplacez la p\u00e9dale \u00e0 gaz par celle du futur, plus propre et plus saine, o\u00f9 vous \u00eates l\u2019essence de l\u2019avancement. Tel \u00e9tait notre souhait en d\u00e9veloppant la gamme Loisir Devinci, mettant le plaisir au centre de l\u2019exp\u00e9rience. Avec la conception Optimum G02, la gamme Loisir propose des v\u00e9los performants, fiables et s\u00e9curitaires, permettant de partir en toute confiance. Compagnons id\u00e9als des excursions de fin de semaine, tous les mod\u00e8les pourront accueillir les supports \u00e0 bagages, b\u00e9quilles et autres accessoires r\u00e9pondant \u00e0 vos besoins. Rien n\u2019a \u00e9t\u00e9 laiss\u00e9 au hasard, y compris l\u2019esth\u00e9tique du v\u00e9lo. Soyez-en fier!<\/p>\n","protected":false},"featured_media":11672,"template":"","meta":[],"product_brand":[],"product_cat":[423,421,422],"product_tag":[],"class_list":{"0":"post-12272","1":"product","2":"type-product","3":"status-publish","4":"has-post-thumbnail","6":"product_cat-gravier-et-hybride","7":"product_cat-velos","8":"product_cat-velos-en-stock","9":"product_shipping_class-velo","11":"first","12":"outofstock","13":"sale","14":"taxable","15":"shipping-taxable","16":"purchasable","17":"product-type-variable"},"yoast_head":"<!-- This site is optimized with the Yoast SEO Premium plugin v20.6 (Yoast SEO v27.5) - https:\/\/yoast.com\/product\/yoast-seo-premium-wordpress\/ -->\n<title>Devinci Milano Altus 21s - Expeditions Wakefield<\/title>\n<meta name=\"description\" content=\"Remplacez la p\u00e9dale \u00e0 gaz par celle du futur, plus propre et plus saine, o\u00f9 vous \u00eates l\u2019essence de l\u2019avancement.\" \/>\n<meta name=\"robots\" content=\"index, follow, max-snippet:-1, max-image-preview:large, max-video-preview:-1\" \/>\n<link rel=\"canonical\" href=\"https:\/\/expeditionswakefield.com\/fr\/produit\/devinci-milano-altus-21s\/\" \/>\n<meta property=\"og:locale\" content=\"fr_FR\" \/>\n<meta property=\"og:type\" content=\"article\" \/>\n<meta property=\"og:title\" content=\"Devinci Milano Altus 21s\" \/>\n<meta property=\"og:description\" content=\"Remplacez la p\u00e9dale \u00e0 gaz par celle du futur, plus propre et plus saine, o\u00f9 vous \u00eates l\u2019essence de l\u2019avancement.\" \/>\n<meta property=\"og:url\" content=\"https:\/\/expeditionswakefield.com\/fr\/produit\/devinci-milano-altus-21s\/\" \/>\n<meta property=\"og:site_name\" content=\"Expeditions Wakefield\" \/>\n<meta property=\"og:image\" content=\"https:\/\/expeditionswakefield.com\/wp-content\/uploads\/2023\/05\/DevinciMilano.jpg\" \/>\n\t<meta property=\"og:image:width\" content=\"1200\" \/>\n\t<meta property=\"og:image:height\" content=\"800\" \/>\n\t<meta property=\"og:image:type\" content=\"image\/jpeg\" \/>\n<meta name=\"twitter:card\" content=\"summary_large_image\" \/>\n<script type=\"application\/ld+json\" class=\"yoast-schema-graph\">{\"@context\":\"https:\\\/\\\/schema.org\",\"@graph\":[{\"@type\":\"WebPage\",\"@id\":\"https:\\\/\\\/expeditionswakefield.com\\\/fr\\\/produit\\\/devinci-milano-altus-21s\\\/\",\"url\":\"https:\\\/\\\/expeditionswakefield.com\\\/fr\\\/produit\\\/devinci-milano-altus-21s\\\/\",\"name\":\"Devinci Milano Altus 21s - Expeditions Wakefield\",\"isPartOf\":{\"@id\":\"http:\\\/\\\/box5661.temp.domains\\\/~lcephumy\\\/#website\"},\"primaryImageOfPage\":{\"@id\":\"https:\\\/\\\/expeditionswakefield.com\\\/fr\\\/produit\\\/devinci-milano-altus-21s\\\/#primaryimage\"},\"image\":{\"@id\":\"https:\\\/\\\/expeditionswakefield.com\\\/fr\\\/produit\\\/devinci-milano-altus-21s\\\/#primaryimage\"},\"thumbnailUrl\":\"https:\\\/\\\/i0.wp.com\\\/expeditionswakefield.com\\\/wp-content\\\/uploads\\\/2023\\\/05\\\/DevinciMilano.jpg?fit=1200%2C800&ssl=1\",\"datePublished\":\"2023-05-12T02:06:54+00:00\",\"description\":\"Remplacez la p\u00e9dale \u00e0 gaz par celle du futur, plus propre et plus saine, o\u00f9 vous \u00eates l\u2019essence de l\u2019avancement.\",\"breadcrumb\":{\"@id\":\"https:\\\/\\\/expeditionswakefield.com\\\/fr\\\/produit\\\/devinci-milano-altus-21s\\\/#breadcrumb\"},\"inLanguage\":\"fr-FR\",\"potentialAction\":[{\"@type\":\"ReadAction\",\"target\":[\"https:\\\/\\\/expeditionswakefield.com\\\/fr\\\/produit\\\/devinci-milano-altus-21s\\\/\"]}]},{\"@type\":\"ImageObject\",\"inLanguage\":\"fr-FR\",\"@id\":\"https:\\\/\\\/expeditionswakefield.com\\\/fr\\\/produit\\\/devinci-milano-altus-21s\\\/#primaryimage\",\"url\":\"https:\\\/\\\/i0.wp.com\\\/expeditionswakefield.com\\\/wp-content\\\/uploads\\\/2023\\\/05\\\/DevinciMilano.jpg?fit=1200%2C800&ssl=1\",\"contentUrl\":\"https:\\\/\\\/i0.wp.com\\\/expeditionswakefield.com\\\/wp-content\\\/uploads\\\/2023\\\/05\\\/DevinciMilano.jpg?fit=1200%2C800&ssl=1\",\"width\":1200,\"height\":800},{\"@type\":\"BreadcrumbList\",\"@id\":\"https:\\\/\\\/expeditionswakefield.com\\\/fr\\\/produit\\\/devinci-milano-altus-21s\\\/#breadcrumb\",\"itemListElement\":[{\"@type\":\"ListItem\",\"position\":1,\"name\":\"Home\",\"item\":\"https:\\\/\\\/expeditionswakefield.com\\\/fr\\\/\"},{\"@type\":\"ListItem\",\"position\":2,\"name\":\"Boutique\",\"item\":\"https:\\\/\\\/expeditionswakefield.com\\\/fr\\\/boutique\\\/\"},{\"@type\":\"ListItem\",\"position\":3,\"name\":\"Devinci Milano Altus 21s\"}]},{\"@type\":\"WebSite\",\"@id\":\"http:\\\/\\\/box5661.temp.domains\\\/~lcephumy\\\/#website\",\"url\":\"http:\\\/\\\/box5661.temp.domains\\\/~lcephumy\\\/\",\"name\":\"Expeditions Wakefield\",\"description\":\"Bicycle Shop, Paddling and Outdoor Sales and Rentals in Wakefield, Quebec\",\"potentialAction\":[{\"@type\":\"SearchAction\",\"target\":{\"@type\":\"EntryPoint\",\"urlTemplate\":\"http:\\\/\\\/box5661.temp.domains\\\/~lcephumy\\\/?s={search_term_string}\"},\"query-input\":{\"@type\":\"PropertyValueSpecification\",\"valueRequired\":true,\"valueName\":\"search_term_string\"}}],\"inLanguage\":\"fr-FR\"}]}<\/script>\n<!-- \/ Yoast SEO Premium plugin. -->","yoast_head_json":{"title":"Devinci Milano Altus 21s - Expeditions Wakefield","description":"Remplacez la p\u00e9dale \u00e0 gaz par celle du futur, plus propre et plus saine, o\u00f9 vous \u00eates l\u2019essence de l\u2019avancement.","robots":{"index":"index","follow":"follow","max-snippet":"max-snippet:-1","max-image-preview":"max-image-preview:large","max-video-preview":"max-video-preview:-1"},"canonical":"https:\/\/expeditionswakefield.com\/fr\/produit\/devinci-milano-altus-21s\/","og_locale":"fr_FR","og_type":"article","og_title":"Devinci Milano Altus 21s","og_description":"Remplacez la p\u00e9dale \u00e0 gaz par celle du futur, plus propre et plus saine, o\u00f9 vous \u00eates l\u2019essence de l\u2019avancement.","og_url":"https:\/\/expeditionswakefield.com\/fr\/produit\/devinci-milano-altus-21s\/","og_site_name":"Expeditions Wakefield","og_image":[{"width":1200,"height":800,"url":"https:\/\/expeditionswakefield.com\/wp-content\/uploads\/2023\/05\/DevinciMilano.jpg","type":"image\/jpeg"}],"twitter_card":"summary_large_image","schema":{"@context":"https:\/\/schema.org","@graph":[{"@type":"WebPage","@id":"https:\/\/expeditionswakefield.com\/fr\/produit\/devinci-milano-altus-21s\/","url":"https:\/\/expeditionswakefield.com\/fr\/produit\/devinci-milano-altus-21s\/","name":"Devinci Milano Altus 21s - Expeditions Wakefield","isPartOf":{"@id":"http:\/\/box5661.temp.domains\/~lcephumy\/#website"},"primaryImageOfPage":{"@id":"https:\/\/expeditionswakefield.com\/fr\/produit\/devinci-milano-altus-21s\/#primaryimage"},"image":{"@id":"https:\/\/expeditionswakefield.com\/fr\/produit\/devinci-milano-altus-21s\/#primaryimage"},"thumbnailUrl":"https:\/\/i0.wp.com\/expeditionswakefield.com\/wp-content\/uploads\/2023\/05\/DevinciMilano.jpg?fit=1200%2C800&ssl=1","datePublished":"2023-05-12T02:06:54+00:00","description":"Remplacez la p\u00e9dale \u00e0 gaz par celle du futur, plus propre et plus saine, o\u00f9 vous \u00eates l\u2019essence de l\u2019avancement.","breadcrumb":{"@id":"https:\/\/expeditionswakefield.com\/fr\/produit\/devinci-milano-altus-21s\/#breadcrumb"},"inLanguage":"fr-FR","potentialAction":[{"@type":"ReadAction","target":["https:\/\/expeditionswakefield.com\/fr\/produit\/devinci-milano-altus-21s\/"]}]},{"@type":"ImageObject","inLanguage":"fr-FR","@id":"https:\/\/expeditionswakefield.com\/fr\/produit\/devinci-milano-altus-21s\/#primaryimage","url":"https:\/\/i0.wp.com\/expeditionswakefield.com\/wp-content\/uploads\/2023\/05\/DevinciMilano.jpg?fit=1200%2C800&ssl=1","contentUrl":"https:\/\/i0.wp.com\/expeditionswakefield.com\/wp-content\/uploads\/2023\/05\/DevinciMilano.jpg?fit=1200%2C800&ssl=1","width":1200,"height":800},{"@type":"BreadcrumbList","@id":"https:\/\/expeditionswakefield.com\/fr\/produit\/devinci-milano-altus-21s\/#breadcrumb","itemListElement":[{"@type":"ListItem","position":1,"name":"Home","item":"https:\/\/expeditionswakefield.com\/fr\/"},{"@type":"ListItem","position":2,"name":"Boutique","item":"https:\/\/expeditionswakefield.com\/fr\/boutique\/"},{"@type":"ListItem","position":3,"name":"Devinci Milano Altus 21s"}]},{"@type":"WebSite","@id":"http:\/\/box5661.temp.domains\/~lcephumy\/#website","url":"http:\/\/box5661.temp.domains\/~lcephumy\/","name":"Expeditions Wakefield","description":"Bicycle Shop, Paddling and Outdoor Sales and Rentals in Wakefield, Quebec","potentialAction":[{"@type":"SearchAction","target":{"@type":"EntryPoint","urlTemplate":"http:\/\/box5661.temp.domains\/~lcephumy\/?s={search_term_string}"},"query-input":{"@type":"PropertyValueSpecification","valueRequired":true,"valueName":"search_term_string"}}],"inLanguage":"fr-FR"}]}},"jetpack_sharing_enabled":true,"_links":{"self":[{"href":"https:\/\/expeditionswakefield.com\/fr\/wp-json\/wp\/v2\/product\/12272","targetHints":{"allow":["GET"]}}],"collection":[{"href":"https:\/\/expeditionswakefield.com\/fr\/wp-json\/wp\/v2\/product"}],"about":[{"href":"https:\/\/expeditionswakefield.com\/fr\/wp-json\/wp\/v2\/types\/product"}],"version-history":[{"count":0,"href":"https:\/\/expeditionswakefield.com\/fr\/wp-json\/wp\/v2\/product\/12272\/revisions"}],"wp:featuredmedia":[{"embeddable":true,"href":"https:\/\/expeditionswakefield.com\/fr\/wp-json\/wp\/v2\/media\/11672"}],"wp:attachment":[{"href":"https:\/\/expeditionswakefield.com\/fr\/wp-json\/wp\/v2\/media?parent=12272"}],"wp:term":[{"taxonomy":"product_brand","embeddable":true,"href":"https:\/\/expeditionswakefield.com\/fr\/wp-json\/wp\/v2\/product_brand?post=12272"},{"taxonomy":"product_cat","embeddable":true,"href":"https:\/\/expeditionswakefield.com\/fr\/wp-json\/wp\/v2\/product_cat?post=12272"},{"taxonomy":"product_tag","embeddable":true,"href":"https:\/\/expeditionswakefield.com\/fr\/wp-json\/wp\/v2\/product_tag?post=12272"}],"curies":[{"name":"wp","href":"https:\/\/api.w.org\/{rel}","templated":true}]}}