{"id":12261,"date":"2023-05-10T03:12:14","date_gmt":"2023-05-10T03:12:14","guid":{"rendered":"https:\/\/expeditionswakefield.com\/product\/devinci-django-sx-12sp\/"},"modified":"2023-05-10T03:12:14","modified_gmt":"2023-05-10T03:12:14","slug":"devinci-django-sx-12sp","status":"publish","type":"product","link":"https:\/\/expeditionswakefield.com\/fr\/produit\/devinci-django-sx-12sp\/","title":{"rendered":"Devinci Django SX 12sp"},"content":{"rendered":"","protected":false},"excerpt":{"rendered":"<p>Vif et l\u00e9ger, le Django carbure au plaisir dans un medley de trails. Avec son Split Pivot et son court d\u00e9battement, il s\u2019illustre en mont\u00e9e et se man\u0153uvre avec adresse en terrain min\u00e9 et technique. L\u2019espacement arri\u00e8re en Super Boost 157 et le d\u00e9gagement des pneus de 29 x 2.6 engendrent muscle et f\u00e9rocit\u00e9 en terrain valonneux. La relocalisation du flip chip ajusteur de g\u00e9o a r\u00e9duit drastiquement les pi\u00e8ces amovibles, simplifiant les r\u00e9glages \u00e9clair. Le bo\u00eetier de p\u00e9dalier filet\u00e9 rend l\u2019entretien facile tandis que le protecteur sur le tube diagonal et la base se dresse contre roches et d\u00e9bris. Grimpez sur l\u2019exaltant Django 29 et que le fun commence !<\/p>\n","protected":false},"featured_media":11665,"template":"","meta":[],"product_brand":[],"product_cat":[421,425],"product_tag":[],"class_list":{"0":"post-12261","1":"product","2":"type-product","3":"status-publish","4":"has-post-thumbnail","6":"product_cat-velos","7":"product_cat-velos-montagne","9":"first","10":"instock","11":"taxable","12":"shipping-taxable","13":"purchasable","14":"product-type-variable"},"yoast_head":"<!-- This site is optimized with the Yoast SEO Premium plugin v20.6 (Yoast SEO v27.4) - https:\/\/yoast.com\/product\/yoast-seo-premium-wordpress\/ -->\n<title>Devinci Django SX 12sp - Expeditions Wakefield<\/title>\n<meta name=\"description\" content=\"Vif et l\u00e9ger, le Django carbure au plaisir dans un medley de trails.\" \/>\n<meta name=\"robots\" content=\"index, follow, max-snippet:-1, max-image-preview:large, max-video-preview:-1\" \/>\n<link rel=\"canonical\" href=\"https:\/\/expeditionswakefield.com\/fr\/produit\/devinci-django-sx-12sp\/\" \/>\n<meta property=\"og:locale\" content=\"fr_FR\" \/>\n<meta property=\"og:type\" content=\"article\" \/>\n<meta property=\"og:title\" content=\"Devinci Django SX 12sp\" \/>\n<meta property=\"og:description\" content=\"Vif et l\u00e9ger, le Django carbure au plaisir dans un medley de trails.\" \/>\n<meta property=\"og:url\" content=\"https:\/\/expeditionswakefield.com\/fr\/produit\/devinci-django-sx-12sp\/\" \/>\n<meta property=\"og:site_name\" content=\"Expeditions Wakefield\" \/>\n<meta property=\"og:image\" content=\"https:\/\/expeditionswakefield.com\/wp-content\/uploads\/2023\/05\/DevinciDjango23.jpg\" \/>\n\t<meta property=\"og:image:width\" content=\"1200\" \/>\n\t<meta property=\"og:image:height\" content=\"800\" \/>\n\t<meta property=\"og:image:type\" content=\"image\/jpeg\" \/>\n<meta name=\"twitter:card\" content=\"summary_large_image\" \/>\n<script type=\"application\/ld+json\" class=\"yoast-schema-graph\">{\"@context\":\"https:\\\/\\\/schema.org\",\"@graph\":[{\"@type\":\"WebPage\",\"@id\":\"https:\\\/\\\/expeditionswakefield.com\\\/fr\\\/produit\\\/devinci-django-sx-12sp\\\/\",\"url\":\"https:\\\/\\\/expeditionswakefield.com\\\/fr\\\/produit\\\/devinci-django-sx-12sp\\\/\",\"name\":\"Devinci Django SX 12sp - Expeditions Wakefield\",\"isPartOf\":{\"@id\":\"http:\\\/\\\/box5661.temp.domains\\\/~lcephumy\\\/#website\"},\"primaryImageOfPage\":{\"@id\":\"https:\\\/\\\/expeditionswakefield.com\\\/fr\\\/produit\\\/devinci-django-sx-12sp\\\/#primaryimage\"},\"image\":{\"@id\":\"https:\\\/\\\/expeditionswakefield.com\\\/fr\\\/produit\\\/devinci-django-sx-12sp\\\/#primaryimage\"},\"thumbnailUrl\":\"https:\\\/\\\/i0.wp.com\\\/expeditionswakefield.com\\\/wp-content\\\/uploads\\\/2023\\\/05\\\/DevinciDjango23.jpg?fit=1200%2C800&ssl=1\",\"datePublished\":\"2023-05-10T03:12:14+00:00\",\"description\":\"Vif et l\u00e9ger, le Django carbure au plaisir dans un medley de trails.\",\"breadcrumb\":{\"@id\":\"https:\\\/\\\/expeditionswakefield.com\\\/fr\\\/produit\\\/devinci-django-sx-12sp\\\/#breadcrumb\"},\"inLanguage\":\"fr-FR\",\"potentialAction\":[{\"@type\":\"ReadAction\",\"target\":[\"https:\\\/\\\/expeditionswakefield.com\\\/fr\\\/produit\\\/devinci-django-sx-12sp\\\/\"]}]},{\"@type\":\"ImageObject\",\"inLanguage\":\"fr-FR\",\"@id\":\"https:\\\/\\\/expeditionswakefield.com\\\/fr\\\/produit\\\/devinci-django-sx-12sp\\\/#primaryimage\",\"url\":\"https:\\\/\\\/i0.wp.com\\\/expeditionswakefield.com\\\/wp-content\\\/uploads\\\/2023\\\/05\\\/DevinciDjango23.jpg?fit=1200%2C800&ssl=1\",\"contentUrl\":\"https:\\\/\\\/i0.wp.com\\\/expeditionswakefield.com\\\/wp-content\\\/uploads\\\/2023\\\/05\\\/DevinciDjango23.jpg?fit=1200%2C800&ssl=1\",\"width\":1200,\"height\":800},{\"@type\":\"BreadcrumbList\",\"@id\":\"https:\\\/\\\/expeditionswakefield.com\\\/fr\\\/produit\\\/devinci-django-sx-12sp\\\/#breadcrumb\",\"itemListElement\":[{\"@type\":\"ListItem\",\"position\":1,\"name\":\"Home\",\"item\":\"https:\\\/\\\/expeditionswakefield.com\\\/fr\\\/\"},{\"@type\":\"ListItem\",\"position\":2,\"name\":\"Boutique\",\"item\":\"https:\\\/\\\/expeditionswakefield.com\\\/fr\\\/boutique\\\/\"},{\"@type\":\"ListItem\",\"position\":3,\"name\":\"Devinci Django SX 12sp\"}]},{\"@type\":\"WebSite\",\"@id\":\"http:\\\/\\\/box5661.temp.domains\\\/~lcephumy\\\/#website\",\"url\":\"http:\\\/\\\/box5661.temp.domains\\\/~lcephumy\\\/\",\"name\":\"Expeditions Wakefield\",\"description\":\"Bicycle Shop, Paddling and Outdoor Sales and Rentals in Wakefield, Quebec\",\"potentialAction\":[{\"@type\":\"SearchAction\",\"target\":{\"@type\":\"EntryPoint\",\"urlTemplate\":\"http:\\\/\\\/box5661.temp.domains\\\/~lcephumy\\\/?s={search_term_string}\"},\"query-input\":{\"@type\":\"PropertyValueSpecification\",\"valueRequired\":true,\"valueName\":\"search_term_string\"}}],\"inLanguage\":\"fr-FR\"}]}<\/script>\n<!-- \/ Yoast SEO Premium plugin. -->","yoast_head_json":{"title":"Devinci Django SX 12sp - Expeditions Wakefield","description":"Vif et l\u00e9ger, le Django carbure au plaisir dans un medley de trails.","robots":{"index":"index","follow":"follow","max-snippet":"max-snippet:-1","max-image-preview":"max-image-preview:large","max-video-preview":"max-video-preview:-1"},"canonical":"https:\/\/expeditionswakefield.com\/fr\/produit\/devinci-django-sx-12sp\/","og_locale":"fr_FR","og_type":"article","og_title":"Devinci Django SX 12sp","og_description":"Vif et l\u00e9ger, le Django carbure au plaisir dans un medley de trails.","og_url":"https:\/\/expeditionswakefield.com\/fr\/produit\/devinci-django-sx-12sp\/","og_site_name":"Expeditions Wakefield","og_image":[{"width":1200,"height":800,"url":"https:\/\/expeditionswakefield.com\/wp-content\/uploads\/2023\/05\/DevinciDjango23.jpg","type":"image\/jpeg"}],"twitter_card":"summary_large_image","schema":{"@context":"https:\/\/schema.org","@graph":[{"@type":"WebPage","@id":"https:\/\/expeditionswakefield.com\/fr\/produit\/devinci-django-sx-12sp\/","url":"https:\/\/expeditionswakefield.com\/fr\/produit\/devinci-django-sx-12sp\/","name":"Devinci Django SX 12sp - Expeditions Wakefield","isPartOf":{"@id":"http:\/\/box5661.temp.domains\/~lcephumy\/#website"},"primaryImageOfPage":{"@id":"https:\/\/expeditionswakefield.com\/fr\/produit\/devinci-django-sx-12sp\/#primaryimage"},"image":{"@id":"https:\/\/expeditionswakefield.com\/fr\/produit\/devinci-django-sx-12sp\/#primaryimage"},"thumbnailUrl":"https:\/\/i0.wp.com\/expeditionswakefield.com\/wp-content\/uploads\/2023\/05\/DevinciDjango23.jpg?fit=1200%2C800&ssl=1","datePublished":"2023-05-10T03:12:14+00:00","description":"Vif et l\u00e9ger, le Django carbure au plaisir dans un medley de trails.","breadcrumb":{"@id":"https:\/\/expeditionswakefield.com\/fr\/produit\/devinci-django-sx-12sp\/#breadcrumb"},"inLanguage":"fr-FR","potentialAction":[{"@type":"ReadAction","target":["https:\/\/expeditionswakefield.com\/fr\/produit\/devinci-django-sx-12sp\/"]}]},{"@type":"ImageObject","inLanguage":"fr-FR","@id":"https:\/\/expeditionswakefield.com\/fr\/produit\/devinci-django-sx-12sp\/#primaryimage","url":"https:\/\/i0.wp.com\/expeditionswakefield.com\/wp-content\/uploads\/2023\/05\/DevinciDjango23.jpg?fit=1200%2C800&ssl=1","contentUrl":"https:\/\/i0.wp.com\/expeditionswakefield.com\/wp-content\/uploads\/2023\/05\/DevinciDjango23.jpg?fit=1200%2C800&ssl=1","width":1200,"height":800},{"@type":"BreadcrumbList","@id":"https:\/\/expeditionswakefield.com\/fr\/produit\/devinci-django-sx-12sp\/#breadcrumb","itemListElement":[{"@type":"ListItem","position":1,"name":"Home","item":"https:\/\/expeditionswakefield.com\/fr\/"},{"@type":"ListItem","position":2,"name":"Boutique","item":"https:\/\/expeditionswakefield.com\/fr\/boutique\/"},{"@type":"ListItem","position":3,"name":"Devinci Django SX 12sp"}]},{"@type":"WebSite","@id":"http:\/\/box5661.temp.domains\/~lcephumy\/#website","url":"http:\/\/box5661.temp.domains\/~lcephumy\/","name":"Expeditions Wakefield","description":"Bicycle Shop, Paddling and Outdoor Sales and Rentals in Wakefield, Quebec","potentialAction":[{"@type":"SearchAction","target":{"@type":"EntryPoint","urlTemplate":"http:\/\/box5661.temp.domains\/~lcephumy\/?s={search_term_string}"},"query-input":{"@type":"PropertyValueSpecification","valueRequired":true,"valueName":"search_term_string"}}],"inLanguage":"fr-FR"}]}},"jetpack_sharing_enabled":true,"_links":{"self":[{"href":"https:\/\/expeditionswakefield.com\/fr\/wp-json\/wp\/v2\/product\/12261","targetHints":{"allow":["GET"]}}],"collection":[{"href":"https:\/\/expeditionswakefield.com\/fr\/wp-json\/wp\/v2\/product"}],"about":[{"href":"https:\/\/expeditionswakefield.com\/fr\/wp-json\/wp\/v2\/types\/product"}],"version-history":[{"count":0,"href":"https:\/\/expeditionswakefield.com\/fr\/wp-json\/wp\/v2\/product\/12261\/revisions"}],"wp:featuredmedia":[{"embeddable":true,"href":"https:\/\/expeditionswakefield.com\/fr\/wp-json\/wp\/v2\/media\/11665"}],"wp:attachment":[{"href":"https:\/\/expeditionswakefield.com\/fr\/wp-json\/wp\/v2\/media?parent=12261"}],"wp:term":[{"taxonomy":"product_brand","embeddable":true,"href":"https:\/\/expeditionswakefield.com\/fr\/wp-json\/wp\/v2\/product_brand?post=12261"},{"taxonomy":"product_cat","embeddable":true,"href":"https:\/\/expeditionswakefield.com\/fr\/wp-json\/wp\/v2\/product_cat?post=12261"},{"taxonomy":"product_tag","embeddable":true,"href":"https:\/\/expeditionswakefield.com\/fr\/wp-json\/wp\/v2\/product_tag?post=12261"}],"curies":[{"name":"wp","href":"https:\/\/api.w.org\/{rel}","templated":true}]}}