{"id":12257,"date":"2023-05-12T02:18:41","date_gmt":"2023-05-12T02:18:41","guid":{"rendered":"https:\/\/expeditionswakefield.com\/product\/devinci-hatchet-claris\/"},"modified":"2023-05-12T02:18:41","modified_gmt":"2023-05-12T02:18:41","slug":"devinci-hatchet-claris","status":"publish","type":"product","link":"https:\/\/expeditionswakefield.com\/fr\/produit\/devinci-hatchet-claris\/","title":{"rendered":"Devinci Hatchet Claris"},"content":{"rendered":"","protected":false},"excerpt":{"rendered":"<p>Qu\u2019importe la destination, le Hatchet peut s\u2019y rendre. Pour chasser les records Strava, challenger amis et rivaux sur des courses \u00e0 la Grinduro, d\u00e9fier un singletrack ou l\u2019asphalte, c\u2019est le v\u00e9lo de gravel id\u00e9al. Avec un d\u00e9gagement des pneus de 700c x 45mm \/ 650b x 2.1\u2019\u2019, en sentiers, en trails ou sur pav\u00e9, rien n\u2019arr\u00eate le Hatchet. Sa g\u00e9om\u00e9trie inspir\u00e9e du v\u00e9lo de montagne, avec son long tube horizontal et sa courte potence, donne au Hatchet une pr\u00e9cision accrue en terrain accident\u00e9 et \u00e0 haute vitesse. Et lorsque \u00e7a va trop vite, la puissance des freins \u00e0 disques de 160mm est \u00e0 couper le souffle. Les d\u00e9tails suppl\u00e9mentaires incluent trois supports de bouteille (deux dans les cadres, un sous le tube diagonal), un support de tube sup\u00e9rieur pour un rangement suppl\u00e9mentaire lors de courses\/courses plus longues, des supports de porte-bagages\/garde-boue discrets et une fourche \u00e0 axe traversant coiff\u00e9 pour un v\u00e9lo ultra-propre. look et une garantie \u00e0 vie qui ne vous d\u00e9cevra pas.<\/p>\n","protected":false},"featured_media":11675,"template":"","meta":[],"product_brand":[],"product_cat":[423,421,422],"product_tag":[],"class_list":{"0":"post-12257","1":"product","2":"type-product","3":"status-publish","4":"has-post-thumbnail","6":"product_cat-gravier-et-hybride","7":"product_cat-velos","8":"product_cat-velos-en-stock","9":"product_shipping_class-velo","11":"first","12":"outofstock","13":"sale","14":"taxable","15":"shipping-taxable","16":"purchasable","17":"product-type-variable"},"yoast_head":"<!-- This site is optimized with the Yoast SEO Premium plugin v20.6 (Yoast SEO v27.4) - https:\/\/yoast.com\/product\/yoast-seo-premium-wordpress\/ -->\n<title>Devinci Hatchet Claris - Expeditions Wakefield<\/title>\n<meta name=\"description\" content=\"Qu\u2019importe la destination, le Hatchet peut s\u2019y rendre.\" \/>\n<meta name=\"robots\" content=\"index, follow, max-snippet:-1, max-image-preview:large, max-video-preview:-1\" \/>\n<link rel=\"canonical\" href=\"https:\/\/expeditionswakefield.com\/fr\/produit\/devinci-hatchet-claris\/\" \/>\n<meta property=\"og:locale\" content=\"fr_FR\" \/>\n<meta property=\"og:type\" content=\"article\" \/>\n<meta property=\"og:title\" content=\"Devinci Hatchet Claris\" \/>\n<meta property=\"og:description\" content=\"Qu\u2019importe la destination, le Hatchet peut s\u2019y rendre.\" \/>\n<meta property=\"og:url\" content=\"https:\/\/expeditionswakefield.com\/fr\/produit\/devinci-hatchet-claris\/\" \/>\n<meta property=\"og:site_name\" content=\"Expeditions Wakefield\" \/>\n<meta property=\"og:image\" content=\"https:\/\/expeditionswakefield.com\/wp-content\/uploads\/2023\/05\/DevinciHatchetClaris1-1.jpg\" \/>\n\t<meta property=\"og:image:width\" content=\"1200\" \/>\n\t<meta property=\"og:image:height\" content=\"800\" \/>\n\t<meta property=\"og:image:type\" content=\"image\/jpeg\" \/>\n<meta name=\"twitter:card\" content=\"summary_large_image\" \/>\n<script type=\"application\/ld+json\" class=\"yoast-schema-graph\">{\"@context\":\"https:\\\/\\\/schema.org\",\"@graph\":[{\"@type\":\"WebPage\",\"@id\":\"https:\\\/\\\/expeditionswakefield.com\\\/fr\\\/produit\\\/devinci-hatchet-claris\\\/\",\"url\":\"https:\\\/\\\/expeditionswakefield.com\\\/fr\\\/produit\\\/devinci-hatchet-claris\\\/\",\"name\":\"Devinci Hatchet Claris - Expeditions Wakefield\",\"isPartOf\":{\"@id\":\"http:\\\/\\\/box5661.temp.domains\\\/~lcephumy\\\/#website\"},\"primaryImageOfPage\":{\"@id\":\"https:\\\/\\\/expeditionswakefield.com\\\/fr\\\/produit\\\/devinci-hatchet-claris\\\/#primaryimage\"},\"image\":{\"@id\":\"https:\\\/\\\/expeditionswakefield.com\\\/fr\\\/produit\\\/devinci-hatchet-claris\\\/#primaryimage\"},\"thumbnailUrl\":\"https:\\\/\\\/i0.wp.com\\\/expeditionswakefield.com\\\/wp-content\\\/uploads\\\/2023\\\/05\\\/DevinciHatchetClaris1-1.jpg?fit=1200%2C800&ssl=1\",\"datePublished\":\"2023-05-12T02:18:41+00:00\",\"description\":\"Qu\u2019importe la destination, le Hatchet peut s\u2019y rendre.\",\"breadcrumb\":{\"@id\":\"https:\\\/\\\/expeditionswakefield.com\\\/fr\\\/produit\\\/devinci-hatchet-claris\\\/#breadcrumb\"},\"inLanguage\":\"fr-FR\",\"potentialAction\":[{\"@type\":\"ReadAction\",\"target\":[\"https:\\\/\\\/expeditionswakefield.com\\\/fr\\\/produit\\\/devinci-hatchet-claris\\\/\"]}]},{\"@type\":\"ImageObject\",\"inLanguage\":\"fr-FR\",\"@id\":\"https:\\\/\\\/expeditionswakefield.com\\\/fr\\\/produit\\\/devinci-hatchet-claris\\\/#primaryimage\",\"url\":\"https:\\\/\\\/i0.wp.com\\\/expeditionswakefield.com\\\/wp-content\\\/uploads\\\/2023\\\/05\\\/DevinciHatchetClaris1-1.jpg?fit=1200%2C800&ssl=1\",\"contentUrl\":\"https:\\\/\\\/i0.wp.com\\\/expeditionswakefield.com\\\/wp-content\\\/uploads\\\/2023\\\/05\\\/DevinciHatchetClaris1-1.jpg?fit=1200%2C800&ssl=1\",\"width\":1200,\"height\":800},{\"@type\":\"BreadcrumbList\",\"@id\":\"https:\\\/\\\/expeditionswakefield.com\\\/fr\\\/produit\\\/devinci-hatchet-claris\\\/#breadcrumb\",\"itemListElement\":[{\"@type\":\"ListItem\",\"position\":1,\"name\":\"Home\",\"item\":\"https:\\\/\\\/expeditionswakefield.com\\\/fr\\\/\"},{\"@type\":\"ListItem\",\"position\":2,\"name\":\"Boutique\",\"item\":\"https:\\\/\\\/expeditionswakefield.com\\\/fr\\\/boutique\\\/\"},{\"@type\":\"ListItem\",\"position\":3,\"name\":\"Devinci Hatchet Claris\"}]},{\"@type\":\"WebSite\",\"@id\":\"http:\\\/\\\/box5661.temp.domains\\\/~lcephumy\\\/#website\",\"url\":\"http:\\\/\\\/box5661.temp.domains\\\/~lcephumy\\\/\",\"name\":\"Expeditions Wakefield\",\"description\":\"Bicycle Shop, Paddling and Outdoor Sales and Rentals in Wakefield, Quebec\",\"potentialAction\":[{\"@type\":\"SearchAction\",\"target\":{\"@type\":\"EntryPoint\",\"urlTemplate\":\"http:\\\/\\\/box5661.temp.domains\\\/~lcephumy\\\/?s={search_term_string}\"},\"query-input\":{\"@type\":\"PropertyValueSpecification\",\"valueRequired\":true,\"valueName\":\"search_term_string\"}}],\"inLanguage\":\"fr-FR\"}]}<\/script>\n<!-- \/ Yoast SEO Premium plugin. -->","yoast_head_json":{"title":"Devinci Hatchet Claris - Expeditions Wakefield","description":"Qu\u2019importe la destination, le Hatchet peut s\u2019y rendre.","robots":{"index":"index","follow":"follow","max-snippet":"max-snippet:-1","max-image-preview":"max-image-preview:large","max-video-preview":"max-video-preview:-1"},"canonical":"https:\/\/expeditionswakefield.com\/fr\/produit\/devinci-hatchet-claris\/","og_locale":"fr_FR","og_type":"article","og_title":"Devinci Hatchet Claris","og_description":"Qu\u2019importe la destination, le Hatchet peut s\u2019y rendre.","og_url":"https:\/\/expeditionswakefield.com\/fr\/produit\/devinci-hatchet-claris\/","og_site_name":"Expeditions Wakefield","og_image":[{"width":1200,"height":800,"url":"https:\/\/expeditionswakefield.com\/wp-content\/uploads\/2023\/05\/DevinciHatchetClaris1-1.jpg","type":"image\/jpeg"}],"twitter_card":"summary_large_image","schema":{"@context":"https:\/\/schema.org","@graph":[{"@type":"WebPage","@id":"https:\/\/expeditionswakefield.com\/fr\/produit\/devinci-hatchet-claris\/","url":"https:\/\/expeditionswakefield.com\/fr\/produit\/devinci-hatchet-claris\/","name":"Devinci Hatchet Claris - Expeditions Wakefield","isPartOf":{"@id":"http:\/\/box5661.temp.domains\/~lcephumy\/#website"},"primaryImageOfPage":{"@id":"https:\/\/expeditionswakefield.com\/fr\/produit\/devinci-hatchet-claris\/#primaryimage"},"image":{"@id":"https:\/\/expeditionswakefield.com\/fr\/produit\/devinci-hatchet-claris\/#primaryimage"},"thumbnailUrl":"https:\/\/i0.wp.com\/expeditionswakefield.com\/wp-content\/uploads\/2023\/05\/DevinciHatchetClaris1-1.jpg?fit=1200%2C800&ssl=1","datePublished":"2023-05-12T02:18:41+00:00","description":"Qu\u2019importe la destination, le Hatchet peut s\u2019y rendre.","breadcrumb":{"@id":"https:\/\/expeditionswakefield.com\/fr\/produit\/devinci-hatchet-claris\/#breadcrumb"},"inLanguage":"fr-FR","potentialAction":[{"@type":"ReadAction","target":["https:\/\/expeditionswakefield.com\/fr\/produit\/devinci-hatchet-claris\/"]}]},{"@type":"ImageObject","inLanguage":"fr-FR","@id":"https:\/\/expeditionswakefield.com\/fr\/produit\/devinci-hatchet-claris\/#primaryimage","url":"https:\/\/i0.wp.com\/expeditionswakefield.com\/wp-content\/uploads\/2023\/05\/DevinciHatchetClaris1-1.jpg?fit=1200%2C800&ssl=1","contentUrl":"https:\/\/i0.wp.com\/expeditionswakefield.com\/wp-content\/uploads\/2023\/05\/DevinciHatchetClaris1-1.jpg?fit=1200%2C800&ssl=1","width":1200,"height":800},{"@type":"BreadcrumbList","@id":"https:\/\/expeditionswakefield.com\/fr\/produit\/devinci-hatchet-claris\/#breadcrumb","itemListElement":[{"@type":"ListItem","position":1,"name":"Home","item":"https:\/\/expeditionswakefield.com\/fr\/"},{"@type":"ListItem","position":2,"name":"Boutique","item":"https:\/\/expeditionswakefield.com\/fr\/boutique\/"},{"@type":"ListItem","position":3,"name":"Devinci Hatchet Claris"}]},{"@type":"WebSite","@id":"http:\/\/box5661.temp.domains\/~lcephumy\/#website","url":"http:\/\/box5661.temp.domains\/~lcephumy\/","name":"Expeditions Wakefield","description":"Bicycle Shop, Paddling and Outdoor Sales and Rentals in Wakefield, Quebec","potentialAction":[{"@type":"SearchAction","target":{"@type":"EntryPoint","urlTemplate":"http:\/\/box5661.temp.domains\/~lcephumy\/?s={search_term_string}"},"query-input":{"@type":"PropertyValueSpecification","valueRequired":true,"valueName":"search_term_string"}}],"inLanguage":"fr-FR"}]}},"jetpack_sharing_enabled":true,"_links":{"self":[{"href":"https:\/\/expeditionswakefield.com\/fr\/wp-json\/wp\/v2\/product\/12257","targetHints":{"allow":["GET"]}}],"collection":[{"href":"https:\/\/expeditionswakefield.com\/fr\/wp-json\/wp\/v2\/product"}],"about":[{"href":"https:\/\/expeditionswakefield.com\/fr\/wp-json\/wp\/v2\/types\/product"}],"version-history":[{"count":0,"href":"https:\/\/expeditionswakefield.com\/fr\/wp-json\/wp\/v2\/product\/12257\/revisions"}],"wp:featuredmedia":[{"embeddable":true,"href":"https:\/\/expeditionswakefield.com\/fr\/wp-json\/wp\/v2\/media\/11675"}],"wp:attachment":[{"href":"https:\/\/expeditionswakefield.com\/fr\/wp-json\/wp\/v2\/media?parent=12257"}],"wp:term":[{"taxonomy":"product_brand","embeddable":true,"href":"https:\/\/expeditionswakefield.com\/fr\/wp-json\/wp\/v2\/product_brand?post=12257"},{"taxonomy":"product_cat","embeddable":true,"href":"https:\/\/expeditionswakefield.com\/fr\/wp-json\/wp\/v2\/product_cat?post=12257"},{"taxonomy":"product_tag","embeddable":true,"href":"https:\/\/expeditionswakefield.com\/fr\/wp-json\/wp\/v2\/product_tag?post=12257"}],"curies":[{"name":"wp","href":"https:\/\/api.w.org\/{rel}","templated":true}]}}