{"id":14083,"date":"2025-03-21T17:27:37","date_gmt":"2025-03-21T17:27:37","guid":{"rendered":"https:\/\/expeditionswakefield.com\/reservation-de-service-de-velo\/"},"modified":"2025-03-22T18:13:53","modified_gmt":"2025-03-22T18:13:53","slug":"reservation-de-service-de-velo","status":"publish","type":"page","link":"https:\/\/expeditionswakefield.com\/fr\/reservation-de-service-de-velo\/","title":{"rendered":"R\u00e9servation de service de v\u00e9lo"},"content":{"rendered":"\t\t<div data-elementor-type=\"wp-page\" data-elementor-id=\"14083\" class=\"elementor elementor-14083 elementor-14040\">\n\t\t\t\t\t\t<section class=\"wd-negative-gap elementor-section elementor-top-section elementor-element elementor-element-f16b6fd elementor-section-boxed elementor-section-height-default elementor-section-height-default\" data-id=\"f16b6fd\" data-element_type=\"section\" data-e-type=\"section\">\n\t\t\t\t\t\t<div class=\"elementor-container elementor-column-gap-default\">\n\t\t\t\t\t<div class=\"elementor-column elementor-col-100 elementor-top-column elementor-element elementor-element-8ee5241\" data-id=\"8ee5241\" data-element_type=\"column\" data-e-type=\"column\">\n\t\t\t<div class=\"elementor-widget-wrap elementor-element-populated\">\n\t\t\t\t\t\t<div class=\"elementor-element elementor-element-e0d421e elementor-widget elementor-widget-wd_text_block\" data-id=\"e0d421e\" data-element_type=\"widget\" data-e-type=\"widget\" data-widget_type=\"wd_text_block.default\">\n\t\t\t\t<div class=\"elementor-widget-container\">\n\t\t\t\t\t\t\t<div class=\"wd-text-block reset-last-child text-left\">\n\t\t\t\n\t\t\t<h1>Rendez-vous pour le service de v\u00e9lo :<\/h1>\n\t\t\t\t\t<\/div>\n\t\t\t\t\t\t<\/div>\n\t\t\t\t<\/div>\n\t\t\t\t<div class=\"elementor-element elementor-element-77ccd2c elementor-widget elementor-widget-wd_text_block\" data-id=\"77ccd2c\" data-element_type=\"widget\" data-e-type=\"widget\" data-widget_type=\"wd_text_block.default\">\n\t\t\t\t<div class=\"elementor-widget-container\">\n\t\t\t\t\t\t\t<div class=\"wd-text-block reset-last-child text-left\">\n\t\t\t\n\t\t\t<h4 style=\"text-align: center;\">S\u00e9lectionnez votre niveau de service ci-dessous. Veuillez noter que le service ci-dessous concerne uniquement la main-d'\u0153uvre ; dans certains cas, des pi\u00e8ces suppl\u00e9mentaires peuvent \u00eatre n\u00e9cessaires. <\/h4>\n\t\t\t\t\t<\/div>\n\t\t\t\t\t\t<\/div>\n\t\t\t\t<\/div>\n\t\t\t\t<div class=\"elementor-element elementor-element-e474d80 elementor-widget elementor-widget-wd_text_block\" data-id=\"e474d80\" data-element_type=\"widget\" data-e-type=\"widget\" data-widget_type=\"wd_text_block.default\">\n\t\t\t\t<div class=\"elementor-widget-container\">\n\t\t\t\t\t\t\t<div class=\"wd-text-block reset-last-child text-left\">\n\t\t\t\n\t\t\t<h4 style=\"text-align: center;\">D\u00e9posez votre v\u00e9lo le jour de votre entretien pr\u00e9vu et nous effectuerons l'intervention sous environ deux jours ouvr\u00e9s, sauf si des pi\u00e8ces et de la main-d'\u0153uvre suppl\u00e9mentaires sont n\u00e9cessaires. Les rendez-vous sans rendez-vous sont toujours les bienvenus et seront trait\u00e9s selon le principe du premier arriv\u00e9, premier servi. <\/h4><h4> <\/h4>\n\t\t\t\t\t<\/div>\n\t\t\t\t\t\t<\/div>\n\t\t\t\t<\/div>\n\t\t\t\t\t<\/div>\n\t\t<\/div>\n\t\t\t\t\t<\/div>\n\t\t<\/section>\n\t\t\t\t<section class=\"wd-negative-gap elementor-section elementor-top-section elementor-element elementor-element-6b83f79 elementor-section-boxed elementor-section-height-default elementor-section-height-default\" data-id=\"6b83f79\" data-element_type=\"section\" data-e-type=\"section\">\n\t\t\t\t\t\t<div class=\"elementor-container elementor-column-gap-default\">\n\t\t\t\t\t<div class=\"elementor-column elementor-col-100 elementor-top-column elementor-element elementor-element-7ee049d\" data-id=\"7ee049d\" data-element_type=\"column\" data-e-type=\"column\">\n\t\t\t<div class=\"elementor-widget-wrap elementor-element-populated\">\n\t\t\t\t\t\t<div class=\"elementor-element elementor-element-9740a2e elementor-widget elementor-widget-shortcode\" data-id=\"9740a2e\" data-element_type=\"widget\" data-e-type=\"widget\" data-widget_type=\"shortcode.default\">\n\t\t\t\t<div class=\"elementor-widget-container\">\n\t\t\t\t\t\t\t<div class=\"elementor-shortcode\"><\/div>\n\t\t\t\t\t\t<\/div>\n\t\t\t\t<\/div>\n\t\t\t\t\t<\/div>\n\t\t<\/div>\n\t\t\t\t\t<\/div>\n\t\t<\/section>\n\t\t\t\t<\/div>\n\t\t","protected":false},"excerpt":{"rendered":"<p>Rendez-vous pour le service de v\u00e9lo : S\u00e9lectionnez votre niveau de service ci-dessous. Veuillez noter que le service ci-dessous concerne<\/p>\n","protected":false},"author":3,"featured_media":0,"parent":0,"menu_order":0,"comment_status":"closed","ping_status":"closed","template":"","meta":{"footnotes":""},"class_list":["post-14083","page","type-page","status-publish","hentry"],"yoast_head":"<!-- This site is optimized with the Yoast SEO Premium plugin v20.6 (Yoast SEO v27.4) - https:\/\/yoast.com\/product\/yoast-seo-premium-wordpress\/ -->\n<title>R\u00e9servation de service de v\u00e9lo - Expeditions Wakefield<\/title>\n<meta name=\"description\" content=\"R\u00e9servez votre service de v\u00e9lo en ligne pour un d\u00e9lai d&#039;ex\u00e9cution de 1 \u00e0 2 jours, ou d\u00e9posez votre v\u00e9lo en personne sans rendez-vous.\" \/>\n<meta name=\"robots\" content=\"index, follow, max-snippet:-1, max-image-preview:large, max-video-preview:-1\" \/>\n<link rel=\"canonical\" href=\"https:\/\/expeditionswakefield.com\/fr\/reservation-de-service-de-velo\/\" \/>\n<meta property=\"og:locale\" content=\"fr_FR\" \/>\n<meta property=\"og:type\" content=\"article\" \/>\n<meta property=\"og:title\" content=\"R\u00e9servation de service de v\u00e9lo\" \/>\n<meta property=\"og:description\" content=\"R\u00e9servez votre service de v\u00e9lo en ligne pour un d\u00e9lai d&#039;ex\u00e9cution de 1 \u00e0 2 jours, ou d\u00e9posez votre v\u00e9lo en personne sans rendez-vous.\" \/>\n<meta property=\"og:url\" content=\"https:\/\/expeditionswakefield.com\/fr\/reservation-de-service-de-velo\/\" \/>\n<meta property=\"og:site_name\" content=\"Expeditions Wakefield\" \/>\n<meta property=\"article:modified_time\" content=\"2025-03-22T18:13:53+00:00\" \/>\n<meta name=\"twitter:card\" content=\"summary_large_image\" \/>\n<meta name=\"twitter:label1\" content=\"Dur\u00e9e de lecture estim\u00e9e\" \/>\n\t<meta name=\"twitter:data1\" content=\"1 minute\" \/>\n<script type=\"application\/ld+json\" class=\"yoast-schema-graph\">{\"@context\":\"https:\\\/\\\/schema.org\",\"@graph\":[{\"@type\":\"WebPage\",\"@id\":\"https:\\\/\\\/expeditionswakefield.com\\\/fr\\\/reservation-de-service-de-velo\\\/\",\"url\":\"https:\\\/\\\/expeditionswakefield.com\\\/fr\\\/reservation-de-service-de-velo\\\/\",\"name\":\"R\u00e9servation de service de v\u00e9lo - Expeditions Wakefield\",\"isPartOf\":{\"@id\":\"http:\\\/\\\/box5661.temp.domains\\\/~lcephumy\\\/#website\"},\"datePublished\":\"2025-03-21T17:27:37+00:00\",\"dateModified\":\"2025-03-22T18:13:53+00:00\",\"description\":\"R\u00e9servez votre service de v\u00e9lo en ligne pour un d\u00e9lai d'ex\u00e9cution de 1 \u00e0 2 jours, ou d\u00e9posez votre v\u00e9lo en personne sans rendez-vous.\",\"breadcrumb\":{\"@id\":\"https:\\\/\\\/expeditionswakefield.com\\\/fr\\\/reservation-de-service-de-velo\\\/#breadcrumb\"},\"inLanguage\":\"fr-FR\",\"potentialAction\":[{\"@type\":\"ReadAction\",\"target\":[\"https:\\\/\\\/expeditionswakefield.com\\\/fr\\\/reservation-de-service-de-velo\\\/\"]}]},{\"@type\":\"BreadcrumbList\",\"@id\":\"https:\\\/\\\/expeditionswakefield.com\\\/fr\\\/reservation-de-service-de-velo\\\/#breadcrumb\",\"itemListElement\":[{\"@type\":\"ListItem\",\"position\":1,\"name\":\"Home\",\"item\":\"https:\\\/\\\/expeditionswakefield.com\\\/fr\\\/\"},{\"@type\":\"ListItem\",\"position\":2,\"name\":\"R\u00e9servation de service de v\u00e9lo\"}]},{\"@type\":\"WebSite\",\"@id\":\"http:\\\/\\\/box5661.temp.domains\\\/~lcephumy\\\/#website\",\"url\":\"http:\\\/\\\/box5661.temp.domains\\\/~lcephumy\\\/\",\"name\":\"Expeditions Wakefield\",\"description\":\"Bicycle Shop, Paddling and Outdoor Sales and Rentals in Wakefield, Quebec\",\"potentialAction\":[{\"@type\":\"SearchAction\",\"target\":{\"@type\":\"EntryPoint\",\"urlTemplate\":\"http:\\\/\\\/box5661.temp.domains\\\/~lcephumy\\\/?s={search_term_string}\"},\"query-input\":{\"@type\":\"PropertyValueSpecification\",\"valueRequired\":true,\"valueName\":\"search_term_string\"}}],\"inLanguage\":\"fr-FR\"}]}<\/script>\n<!-- \/ Yoast SEO Premium plugin. -->","yoast_head_json":{"title":"R\u00e9servation de service de v\u00e9lo - Expeditions Wakefield","description":"R\u00e9servez votre service de v\u00e9lo en ligne pour un d\u00e9lai d'ex\u00e9cution de 1 \u00e0 2 jours, ou d\u00e9posez votre v\u00e9lo en personne sans rendez-vous.","robots":{"index":"index","follow":"follow","max-snippet":"max-snippet:-1","max-image-preview":"max-image-preview:large","max-video-preview":"max-video-preview:-1"},"canonical":"https:\/\/expeditionswakefield.com\/fr\/reservation-de-service-de-velo\/","og_locale":"fr_FR","og_type":"article","og_title":"R\u00e9servation de service de v\u00e9lo","og_description":"R\u00e9servez votre service de v\u00e9lo en ligne pour un d\u00e9lai d'ex\u00e9cution de 1 \u00e0 2 jours, ou d\u00e9posez votre v\u00e9lo en personne sans rendez-vous.","og_url":"https:\/\/expeditionswakefield.com\/fr\/reservation-de-service-de-velo\/","og_site_name":"Expeditions Wakefield","article_modified_time":"2025-03-22T18:13:53+00:00","twitter_card":"summary_large_image","twitter_misc":{"Dur\u00e9e de lecture estim\u00e9e":"1 minute"},"schema":{"@context":"https:\/\/schema.org","@graph":[{"@type":"WebPage","@id":"https:\/\/expeditionswakefield.com\/fr\/reservation-de-service-de-velo\/","url":"https:\/\/expeditionswakefield.com\/fr\/reservation-de-service-de-velo\/","name":"R\u00e9servation de service de v\u00e9lo - Expeditions Wakefield","isPartOf":{"@id":"http:\/\/box5661.temp.domains\/~lcephumy\/#website"},"datePublished":"2025-03-21T17:27:37+00:00","dateModified":"2025-03-22T18:13:53+00:00","description":"R\u00e9servez votre service de v\u00e9lo en ligne pour un d\u00e9lai d'ex\u00e9cution de 1 \u00e0 2 jours, ou d\u00e9posez votre v\u00e9lo en personne sans rendez-vous.","breadcrumb":{"@id":"https:\/\/expeditionswakefield.com\/fr\/reservation-de-service-de-velo\/#breadcrumb"},"inLanguage":"fr-FR","potentialAction":[{"@type":"ReadAction","target":["https:\/\/expeditionswakefield.com\/fr\/reservation-de-service-de-velo\/"]}]},{"@type":"BreadcrumbList","@id":"https:\/\/expeditionswakefield.com\/fr\/reservation-de-service-de-velo\/#breadcrumb","itemListElement":[{"@type":"ListItem","position":1,"name":"Home","item":"https:\/\/expeditionswakefield.com\/fr\/"},{"@type":"ListItem","position":2,"name":"R\u00e9servation de service de v\u00e9lo"}]},{"@type":"WebSite","@id":"http:\/\/box5661.temp.domains\/~lcephumy\/#website","url":"http:\/\/box5661.temp.domains\/~lcephumy\/","name":"Expeditions Wakefield","description":"Bicycle Shop, Paddling and Outdoor Sales and Rentals in Wakefield, Quebec","potentialAction":[{"@type":"SearchAction","target":{"@type":"EntryPoint","urlTemplate":"http:\/\/box5661.temp.domains\/~lcephumy\/?s={search_term_string}"},"query-input":{"@type":"PropertyValueSpecification","valueRequired":true,"valueName":"search_term_string"}}],"inLanguage":"fr-FR"}]}},"jetpack_sharing_enabled":true,"_links":{"self":[{"href":"https:\/\/expeditionswakefield.com\/fr\/wp-json\/wp\/v2\/pages\/14083","targetHints":{"allow":["GET"]}}],"collection":[{"href":"https:\/\/expeditionswakefield.com\/fr\/wp-json\/wp\/v2\/pages"}],"about":[{"href":"https:\/\/expeditionswakefield.com\/fr\/wp-json\/wp\/v2\/types\/page"}],"author":[{"embeddable":true,"href":"https:\/\/expeditionswakefield.com\/fr\/wp-json\/wp\/v2\/users\/3"}],"replies":[{"embeddable":true,"href":"https:\/\/expeditionswakefield.com\/fr\/wp-json\/wp\/v2\/comments?post=14083"}],"version-history":[{"count":5,"href":"https:\/\/expeditionswakefield.com\/fr\/wp-json\/wp\/v2\/pages\/14083\/revisions"}],"predecessor-version":[{"id":14091,"href":"https:\/\/expeditionswakefield.com\/fr\/wp-json\/wp\/v2\/pages\/14083\/revisions\/14091"}],"wp:attachment":[{"href":"https:\/\/expeditionswakefield.com\/fr\/wp-json\/wp\/v2\/media?parent=14083"}],"curies":[{"name":"wp","href":"https:\/\/api.w.org\/{rel}","templated":true}]}}