{"id":12219,"date":"2024-01-25T18:22:18","date_gmt":"2024-01-25T18:22:18","guid":{"rendered":"https:\/\/expeditionswakefield.com\/retours-et-echanges\/"},"modified":"2024-02-29T19:11:47","modified_gmt":"2024-02-29T19:11:47","slug":"retours-et-echanges","status":"publish","type":"page","link":"https:\/\/expeditionswakefield.com\/fr\/retours-et-echanges\/","title":{"rendered":"Retours et \u00e9changes"},"content":{"rendered":"\r\n\r\n\r\n<h2>Retours et \u00e9changes<\/h2>\r\n\r\n\r\n\r\n<p>Nous garantissons la qualit\u00e9 de nos produits. Si la qualit\u00e9 d\u2019un article ne r\u00e9pond pas \u00e0 vos attentes, vous pouvez nous le rapporter Notre politique de remboursement et de retour dure 30 jours. Si 30 jours se sont \u00e9coul\u00e9s depuis votre achat, nous ne pouvons pas vous proposer un remboursement complet ou un \u00e9change.<\/p>\r\n\r\n\r\n\r\n<p>Pour pouvoir b\u00e9n\u00e9ficier d&rsquo;un retour, votre article doit \u00eatre inutilis\u00e9 et dans le m\u00eame \u00e9tat que vous l&rsquo;avez re\u00e7u, avec les \u00e9tiquettes d&rsquo;origine. Il doit \u00e9galement \u00eatre dans son emballage d&rsquo;origine.<\/p>\r\n\r\n\r\n\r\n<p>Pour des raisons d&rsquo;hygi\u00e8ne, les articles tels que les sous-v\u00eatements, y compris tous les types de maillots de bain, les bas de sous-v\u00eatements et les chamois de v\u00e9lo, ne sont pas \u00e9ligibles aux retours ou aux \u00e9changes, sauf s&rsquo;ils n&rsquo;ont pas \u00e9t\u00e9 port\u00e9s ni utilis\u00e9s et que leur emballage ou \u00e9tiquette d&rsquo;origine est intact. Les couches de base ne sont pas consid\u00e9r\u00e9es comme des sous-v\u00eatements.<\/p>\r\n<p>Les v\u00e9los, skis, kayaks, planches \u00e0 pagaie et autres biens durables sont des ventes finales uniquement, \u00e0 moins qu&rsquo;il n&rsquo;y ait un d\u00e9faut de fabrication, auquel cas l&rsquo;article peut \u00eatre couvert par la garantie.<\/p>\r\n<p>Les cartes-cadeaux ne sont pas \u00e9changeables contre de l&rsquo;argent comptant. Tout achat effectu\u00e9 avec une carte-cadeau sera rembours\u00e9 exclusivement par l&rsquo;\u00e9mission d&rsquo;un cr\u00e9dit en magasin ou d&rsquo;une autre carte-cadeau de valeur \u00e9gale.<\/p>\r\n\r\n\r\n\r\n\r\n\r\n\r\n\r\n\r\n\r\n\r\n\r\n\r\n\r\n\r\n\r\n<p>Tous les articles en vente sont uniquement une vente finale.<\/p>\r\n\r\n\r\n\r\n<h2>Garanties<\/h2>\r\n<p>Chaque v\u00e9lo, kayak, planche et skis vendu est assorti d&rsquo;une garantie du fabricant contre les d\u00e9fauts de mat\u00e9riaux et de fabrication. Accord\u00e9es exclusivement au premier propri\u00e9taire, ces garanties varient selon le fabricant. Veuillez consulter le site web du fabricant de votre v\u00e9lo ou demander \u00e0 l&rsquo;un de nos employ\u00e9s. Nous serons heureux de vous aider pour tout probl\u00e8me de garantie li\u00e9 aux marques que nous vendons.<\/p>\r\n\r\n\r\n\r\n<h2>Exp\u00e9dition &amp; retours<\/h2>\r\n<p><strong>Retours en personne<\/strong><\/p>\r\n<p>Les produits peuvent \u00eatre retourn\u00e9s en magasin pour un remboursement ou un cr\u00e9dit en magasin s&rsquo;ils respectent nos directives de retours et d&rsquo;\u00e9changes.<\/p>\r\n<p><strong>Retours par la poste<\/strong><\/p>\r\n<p>Vous pouvez \u00e9galement retourner un article par la poste. Les d\u00e9lais de traitement peuvent prendre 5 \u00e0 6 semaines. Veuillez nous envoyer un e-mail \u00e0 l&rsquo;avance pour obtenir un num\u00e9ro d&rsquo;autorisation de retour pour tous les articles que vous retournez. Pour les probl\u00e8mes de garantie ou de r\u00e9paration, veuillez envoyer une photo avec les d\u00e9tails du probl\u00e8me et les informations d\u2019achat d\u2019origine.<\/p>\r\n\r\n\r\n\r\n<p>Pour retourner votre produit, vous devez envoyer votre produit \u00e0 :<\/p>\r\n<p><strong>Expeditions Wakefield<\/strong><\/p>\r\n<p><strong> 721 Chemin Riverside, poste C <\/strong><\/p>\r\n<p><strong>Wakefield, Qu\u00e9bec<\/strong><\/p>\r\n<p><strong> J0X 3G0<\/strong><\/p>\r\n\r\n\r\n\r\n<p>Vous serez responsable de payer vos propres frais d\u2019exp\u00e9dition pour retourner votre article. Les frais d&rsquo;exp\u00e9dition ne sont pas remboursables. Si vous devez \u00e9changer un article, vous serez responsable des frais d&rsquo;exp\u00e9dition des nouveaux articles qui vous seront exp\u00e9di\u00e9s.<\/p>\r\n\r\n\r\n\r\n<p>Selon l&rsquo;endroit o\u00f9 vous habitez, le temps n\u00e9cessaire pour que votre produit \u00e9chang\u00e9 vous parvienne peut varier.<\/p>\r\n\r\n\r\n\r\n<p>Si vous retournez des articles plus chers, vous pouvez envisager d&rsquo;utiliser un service d&rsquo;exp\u00e9dition avec suivi ou de souscrire une assurance d&rsquo;exp\u00e9dition. Nous ne garantissons pas que nous recevrons votre article retourn\u00e9.<\/p>\r\n\r\n\r\n\r\n<h2>Besoin d&rsquo;aide?<\/h2>\r\n\r\n\r\n\r\n<p>Contactez-nous pour toute question relative aux remboursements et aux retours.<\/p>\r\n","protected":false},"excerpt":{"rendered":"<p>Retours et \u00e9changes Nous garantissons la qualit\u00e9 de nos produits. Si la qualit\u00e9 d\u2019un article ne r\u00e9pond pas \u00e0 vos<\/p>\n","protected":false},"author":1,"featured_media":0,"parent":0,"menu_order":0,"comment_status":"closed","ping_status":"closed","template":"","meta":{"footnotes":""},"class_list":["post-12219","page","type-page","status-publish","hentry"],"yoast_head":"<!-- This site is optimized with the Yoast SEO Premium plugin v20.6 (Yoast SEO v27.5) - https:\/\/yoast.com\/product\/yoast-seo-premium-wordpress\/ -->\n<title>Retours et \u00e9changes - Expeditions Wakefield<\/title>\n<meta name=\"robots\" content=\"index, follow, max-snippet:-1, max-image-preview:large, max-video-preview:-1\" \/>\n<link rel=\"canonical\" href=\"https:\/\/expeditionswakefield.com\/fr\/retours-et-echanges\/\" \/>\n<meta property=\"og:locale\" content=\"fr_FR\" \/>\n<meta property=\"og:type\" content=\"article\" \/>\n<meta property=\"og:title\" content=\"Retours et \u00e9changes\" \/>\n<meta property=\"og:description\" content=\"Retours et \u00e9changes Nous garantissons la qualit\u00e9 de nos produits. Si la qualit\u00e9 d\u2019un article ne r\u00e9pond pas \u00e0 vos\" \/>\n<meta property=\"og:url\" content=\"https:\/\/expeditionswakefield.com\/fr\/retours-et-echanges\/\" \/>\n<meta property=\"og:site_name\" content=\"Expeditions Wakefield\" \/>\n<meta property=\"article:modified_time\" content=\"2024-02-29T19:11:47+00:00\" \/>\n<meta name=\"twitter:card\" content=\"summary_large_image\" \/>\n<meta name=\"twitter:label1\" content=\"Dur\u00e9e de lecture estim\u00e9e\" \/>\n\t<meta name=\"twitter:data1\" content=\"3 minutes\" \/>\n<script type=\"application\/ld+json\" class=\"yoast-schema-graph\">{\"@context\":\"https:\\\/\\\/schema.org\",\"@graph\":[{\"@type\":\"WebPage\",\"@id\":\"https:\\\/\\\/expeditionswakefield.com\\\/fr\\\/retours-et-echanges\\\/\",\"url\":\"https:\\\/\\\/expeditionswakefield.com\\\/fr\\\/retours-et-echanges\\\/\",\"name\":\"Retours et \u00e9changes - Expeditions Wakefield\",\"isPartOf\":{\"@id\":\"http:\\\/\\\/box5661.temp.domains\\\/~lcephumy\\\/#website\"},\"datePublished\":\"2024-01-25T18:22:18+00:00\",\"dateModified\":\"2024-02-29T19:11:47+00:00\",\"breadcrumb\":{\"@id\":\"https:\\\/\\\/expeditionswakefield.com\\\/fr\\\/retours-et-echanges\\\/#breadcrumb\"},\"inLanguage\":\"fr-FR\",\"potentialAction\":[{\"@type\":\"ReadAction\",\"target\":[\"https:\\\/\\\/expeditionswakefield.com\\\/fr\\\/retours-et-echanges\\\/\"]}]},{\"@type\":\"BreadcrumbList\",\"@id\":\"https:\\\/\\\/expeditionswakefield.com\\\/fr\\\/retours-et-echanges\\\/#breadcrumb\",\"itemListElement\":[{\"@type\":\"ListItem\",\"position\":1,\"name\":\"Home\",\"item\":\"https:\\\/\\\/expeditionswakefield.com\\\/fr\\\/\"},{\"@type\":\"ListItem\",\"position\":2,\"name\":\"Retours et \u00e9changes\"}]},{\"@type\":\"WebSite\",\"@id\":\"http:\\\/\\\/box5661.temp.domains\\\/~lcephumy\\\/#website\",\"url\":\"http:\\\/\\\/box5661.temp.domains\\\/~lcephumy\\\/\",\"name\":\"Expeditions Wakefield\",\"description\":\"Bicycle Shop, Paddling and Outdoor Sales and Rentals in Wakefield, Quebec\",\"potentialAction\":[{\"@type\":\"SearchAction\",\"target\":{\"@type\":\"EntryPoint\",\"urlTemplate\":\"http:\\\/\\\/box5661.temp.domains\\\/~lcephumy\\\/?s={search_term_string}\"},\"query-input\":{\"@type\":\"PropertyValueSpecification\",\"valueRequired\":true,\"valueName\":\"search_term_string\"}}],\"inLanguage\":\"fr-FR\"}]}<\/script>\n<!-- \/ Yoast SEO Premium plugin. -->","yoast_head_json":{"title":"Retours et \u00e9changes - Expeditions Wakefield","robots":{"index":"index","follow":"follow","max-snippet":"max-snippet:-1","max-image-preview":"max-image-preview:large","max-video-preview":"max-video-preview:-1"},"canonical":"https:\/\/expeditionswakefield.com\/fr\/retours-et-echanges\/","og_locale":"fr_FR","og_type":"article","og_title":"Retours et \u00e9changes","og_description":"Retours et \u00e9changes Nous garantissons la qualit\u00e9 de nos produits. Si la qualit\u00e9 d\u2019un article ne r\u00e9pond pas \u00e0 vos","og_url":"https:\/\/expeditionswakefield.com\/fr\/retours-et-echanges\/","og_site_name":"Expeditions Wakefield","article_modified_time":"2024-02-29T19:11:47+00:00","twitter_card":"summary_large_image","twitter_misc":{"Dur\u00e9e de lecture estim\u00e9e":"3 minutes"},"schema":{"@context":"https:\/\/schema.org","@graph":[{"@type":"WebPage","@id":"https:\/\/expeditionswakefield.com\/fr\/retours-et-echanges\/","url":"https:\/\/expeditionswakefield.com\/fr\/retours-et-echanges\/","name":"Retours et \u00e9changes - Expeditions Wakefield","isPartOf":{"@id":"http:\/\/box5661.temp.domains\/~lcephumy\/#website"},"datePublished":"2024-01-25T18:22:18+00:00","dateModified":"2024-02-29T19:11:47+00:00","breadcrumb":{"@id":"https:\/\/expeditionswakefield.com\/fr\/retours-et-echanges\/#breadcrumb"},"inLanguage":"fr-FR","potentialAction":[{"@type":"ReadAction","target":["https:\/\/expeditionswakefield.com\/fr\/retours-et-echanges\/"]}]},{"@type":"BreadcrumbList","@id":"https:\/\/expeditionswakefield.com\/fr\/retours-et-echanges\/#breadcrumb","itemListElement":[{"@type":"ListItem","position":1,"name":"Home","item":"https:\/\/expeditionswakefield.com\/fr\/"},{"@type":"ListItem","position":2,"name":"Retours et \u00e9changes"}]},{"@type":"WebSite","@id":"http:\/\/box5661.temp.domains\/~lcephumy\/#website","url":"http:\/\/box5661.temp.domains\/~lcephumy\/","name":"Expeditions Wakefield","description":"Bicycle Shop, Paddling and Outdoor Sales and Rentals in Wakefield, Quebec","potentialAction":[{"@type":"SearchAction","target":{"@type":"EntryPoint","urlTemplate":"http:\/\/box5661.temp.domains\/~lcephumy\/?s={search_term_string}"},"query-input":{"@type":"PropertyValueSpecification","valueRequired":true,"valueName":"search_term_string"}}],"inLanguage":"fr-FR"}]}},"jetpack_sharing_enabled":true,"_links":{"self":[{"href":"https:\/\/expeditionswakefield.com\/fr\/wp-json\/wp\/v2\/pages\/12219","targetHints":{"allow":["GET"]}}],"collection":[{"href":"https:\/\/expeditionswakefield.com\/fr\/wp-json\/wp\/v2\/pages"}],"about":[{"href":"https:\/\/expeditionswakefield.com\/fr\/wp-json\/wp\/v2\/types\/page"}],"author":[{"embeddable":true,"href":"https:\/\/expeditionswakefield.com\/fr\/wp-json\/wp\/v2\/users\/1"}],"replies":[{"embeddable":true,"href":"https:\/\/expeditionswakefield.com\/fr\/wp-json\/wp\/v2\/comments?post=12219"}],"version-history":[{"count":6,"href":"https:\/\/expeditionswakefield.com\/fr\/wp-json\/wp\/v2\/pages\/12219\/revisions"}],"predecessor-version":[{"id":12420,"href":"https:\/\/expeditionswakefield.com\/fr\/wp-json\/wp\/v2\/pages\/12219\/revisions\/12420"}],"wp:attachment":[{"href":"https:\/\/expeditionswakefield.com\/fr\/wp-json\/wp\/v2\/media?parent=12219"}],"curies":[{"name":"wp","href":"https:\/\/api.w.org\/{rel}","templated":true}]}}