{"id":12053,"date":"2023-12-11T16:40:55","date_gmt":"2023-12-11T16:40:55","guid":{"rendered":"https:\/\/expeditionswakefield.com\/service-de-ski\/"},"modified":"2024-02-13T01:34:36","modified_gmt":"2024-02-13T01:34:36","slug":"service-de-ski","status":"publish","type":"page","link":"https:\/\/expeditionswakefield.com\/fr\/service-de-ski\/","title":{"rendered":"Service de ski"},"content":{"rendered":"\t\t<div data-elementor-type=\"wp-page\" data-elementor-id=\"12053\" class=\"elementor elementor-12053 elementor-11011\">\n\t\t\t\t\t\t<section class=\"wd-negative-gap elementor-section elementor-top-section elementor-element elementor-element-1ef4d48 elementor-section-boxed elementor-section-height-default elementor-section-height-default\" data-id=\"1ef4d48\" data-element_type=\"section\" data-e-type=\"section\">\n\t\t\t\t\t\t<div class=\"elementor-container elementor-column-gap-default\">\n\t\t\t\t\t<div class=\"elementor-column elementor-col-100 elementor-top-column elementor-element elementor-element-013db80\" data-id=\"013db80\" data-element_type=\"column\" data-e-type=\"column\">\n\t\t\t<div class=\"elementor-widget-wrap elementor-element-populated\">\n\t\t\t\t\t\t<div class=\"elementor-element elementor-element-b2ba266 elementor-widget elementor-widget-heading\" data-id=\"b2ba266\" data-element_type=\"widget\" data-e-type=\"widget\" data-widget_type=\"heading.default\">\n\t\t\t\t<div class=\"elementor-widget-container\">\n\t\t\t\t\t<h2 class=\"elementor-heading-title elementor-size-default\">SERVICE DE SKI DE FOND, SKI ALPIN ET PLANCHE \u00c0 NEIGE<\/h2>\t\t\t\t<\/div>\n\t\t\t\t<\/div>\n\t\t\t\t\t<\/div>\n\t\t<\/div>\n\t\t\t\t\t<\/div>\n\t\t<\/section>\n\t\t\t\t<section class=\"wd-negative-gap elementor-section elementor-top-section elementor-element elementor-element-e015672 elementor-section-boxed elementor-section-height-default elementor-section-height-default\" data-id=\"e015672\" data-element_type=\"section\" data-e-type=\"section\">\n\t\t\t\t\t\t<div class=\"elementor-container elementor-column-gap-default\">\n\t\t\t\t\t<div class=\"elementor-column elementor-col-100 elementor-top-column elementor-element elementor-element-3ced23d\" data-id=\"3ced23d\" data-element_type=\"column\" data-e-type=\"column\">\n\t\t\t<div class=\"elementor-widget-wrap elementor-element-populated\">\n\t\t\t\t\t\t<div class=\"elementor-element elementor-element-4908915 elementor-widget elementor-widget-wd_text_block\" data-id=\"4908915\" data-element_type=\"widget\" data-e-type=\"widget\" data-widget_type=\"wd_text_block.default\">\n\t\t\t\t<div class=\"elementor-widget-container\">\n\t\t\t\t\t\t\t<div class=\"wd-text-block reset-last-child text-center\">\n\t\t\t\n\t\t\t<p>Avec plus de 25 ans d'exp\u00e9rience dans le r\u00e9glage de skis, nous poss\u00e9dons l'expertise n\u00e9cessaire pour r\u00e9gler vos skis et snowboards nordiques et alpins afin que vous profitiez au maximum de votre exp\u00e9rience.<\/p>\n\t\t\t\t\t<\/div>\n\t\t\t\t\t\t<\/div>\n\t\t\t\t<\/div>\n\t\t\t\t\t<\/div>\n\t\t<\/div>\n\t\t\t\t\t<\/div>\n\t\t<\/section>\n\t\t\t\t<section class=\"wd-negative-gap elementor-section elementor-top-section elementor-element elementor-element-b59eb8a elementor-section-boxed elementor-section-height-default elementor-section-height-default\" data-id=\"b59eb8a\" data-element_type=\"section\" data-e-type=\"section\">\n\t\t\t\t\t\t<div class=\"elementor-container elementor-column-gap-default\">\n\t\t\t\t\t<div class=\"elementor-column elementor-col-100 elementor-top-column elementor-element elementor-element-4538e51\" data-id=\"4538e51\" data-element_type=\"column\" data-e-type=\"column\">\n\t\t\t<div class=\"elementor-widget-wrap elementor-element-populated\">\n\t\t\t\t\t\t<div class=\"elementor-element elementor-element-f61ffd1 elementor-widget elementor-widget-shortcode\" data-id=\"f61ffd1\" data-element_type=\"widget\" data-e-type=\"widget\" data-widget_type=\"shortcode.default\">\n\t\t\t\t<div class=\"elementor-widget-container\">\n\t\t\t\t\t\t\t<div class=\"elementor-shortcode\"><div id=\"rpt_pricr\" class=\"rpt_plans rpt_3_plans rpt_style_basic\"><div class=\"\"><div class=\"rpt_plan  rpt_plugin_f rpt_plan_0  \"><div style=\"text-align:center;\" class=\"rpt_title rpt_title_0\">Entretien de ski de fond<\/div><div class=\"rpt_head rpt_head_0\"><div class=\"rpt_price rpt_price_0\">$25.00<\/div><div style=\"color:#8dba09;\" class=\"rpt_subtitle rpt_subtitle_0\">Les ski de fond classique,  patin et randonn\u00e9e<\/div><\/div><div class=\"rpt_features rpt_features_0\"><div style=\"color:black;\" class=\"rpt_feature rpt_feature_0-0\">Nettoyage de la semelle et inspection\r<\/div><div style=\"color:black;\" class=\"rpt_feature rpt_feature_0-1\">Fartage 2 couches<\/div><\/div><a target=\"_blank\" style=\"background:#8dba09\" class=\"rpt_foot rpt_foot_0\"><\/a><\/div><div class=\"rpt_plan  rpt_plugin_f rpt_plan_1  \"><div style=\"text-align:center;\" class=\"rpt_title rpt_title_1\">Entretien de ski alpin<\/div><div class=\"rpt_head rpt_head_1\"><div class=\"rpt_price rpt_price_1\">$40.00<\/div><div style=\"color:#8dba09;\" class=\"rpt_subtitle rpt_subtitle_1\">Toutes marques et mod\u00e8les de skis alpins<\/div><\/div><div class=\"rpt_features rpt_features_1\"><div style=\"color:black;\" class=\"rpt_feature rpt_feature_1-0\">Nettoyage de la semelle et inspection\r<\/div><div style=\"color:black;\" class=\"rpt_feature rpt_feature_1-1\">Fartage et aff\u00fbtage \u00e0 la main<\/div><\/div><a target=\"_blank\" style=\"background:#8dba09\" class=\"rpt_foot rpt_foot_1\"><\/a><\/div><div class=\"rpt_plan  rpt_plugin_f rpt_plan_2  \"><div style=\"text-align:center;\" class=\"rpt_title rpt_title_2\">Entretien de planche \u00e0 neige<\/div><div class=\"rpt_head rpt_head_2\"><div class=\"rpt_price rpt_price_2\">$50.00<\/div><div style=\"color:#8dba09;\" class=\"rpt_subtitle rpt_subtitle_2\">Toutes marques et mod\u00e8les de planche \u00e0 neige<\/div><\/div><div class=\"rpt_features rpt_features_2\"><div style=\"color:black;\" class=\"rpt_feature rpt_feature_2-0\">Nettoyage de la semelle et inspection\r<\/div><div style=\"color:black;\" class=\"rpt_feature rpt_feature_2-1\">Fartage et aff\u00fbtage \u00e0 la main<\/div><\/div><a target=\"_blank\" style=\"background:#8dba09\" class=\"rpt_foot rpt_foot_2\"><\/a><\/div><\/div><\/div><div style=\"clear:both;\"><\/div><\/div>\n\t\t\t\t\t\t<\/div>\n\t\t\t\t<\/div>\n\t\t\t\t\t<\/div>\n\t\t<\/div>\n\t\t\t\t\t<\/div>\n\t\t<\/section>\n\t\t\t\t<section class=\"wd-negative-gap elementor-section elementor-top-section elementor-element elementor-element-b6226a3 elementor-section-boxed elementor-section-height-default elementor-section-height-default\" data-id=\"b6226a3\" data-element_type=\"section\" data-e-type=\"section\">\n\t\t\t\t\t\t<div class=\"elementor-container elementor-column-gap-default\">\n\t\t\t\t\t<div class=\"elementor-column elementor-col-100 elementor-top-column elementor-element elementor-element-076f057\" data-id=\"076f057\" data-element_type=\"column\" data-e-type=\"column\">\n\t\t\t<div class=\"elementor-widget-wrap elementor-element-populated\">\n\t\t\t\t\t\t<div class=\"elementor-element elementor-element-4a2d75f elementor-widget elementor-widget-wd_text_block\" data-id=\"4a2d75f\" data-element_type=\"widget\" data-e-type=\"widget\" data-widget_type=\"wd_text_block.default\">\n\t\t\t\t<div class=\"elementor-widget-container\">\n\t\t\t\t\t\t\t<div class=\"wd-text-block reset-last-child text-left\">\n\t\t\t\n\t\t\t<p>SERVICE DE SKI SUPPL\u00c9MENTAIRE<\/p>\n\t\t\t\t\t<\/div>\n\t\t\t\t\t\t<\/div>\n\t\t\t\t<\/div>\n\t\t\t\t<div class=\"elementor-element elementor-element-9e5019b elementor-widget elementor-widget-shortcode\" data-id=\"9e5019b\" data-element_type=\"widget\" data-e-type=\"widget\" data-widget_type=\"shortcode.default\">\n\t\t\t\t<div class=\"elementor-widget-container\">\n\t\t\t\t\t\t\t<div class=\"elementor-shortcode\">\n<table id=\"tablepress-4\" class=\"tablepress tablepress-id-4\">\n<tbody class=\"row-striping row-hover\">\n<tr class=\"row-1\">\n\t<td class=\"column-1\">Installation de fixations<\/td><td class=\"column-2\">$20.00<\/td>\n<\/tr>\n<tr class=\"row-2\">\n\t<td class=\"column-1\">Nettoyage de la semelle<\/td><td class=\"column-2\">$20.00<\/td>\n<\/tr>\n<tr class=\"row-3\">\n\t<td class=\"column-1\">Couper des b\u00e2tons<\/td><td class=\"column-2\">$10.00 \/ pair<\/td>\n<\/tr>\n<\/tbody>\n<\/table>\n<\/div>\n\t\t\t\t\t\t<\/div>\n\t\t\t\t<\/div>\n\t\t\t\t\t<\/div>\n\t\t<\/div>\n\t\t\t\t\t<\/div>\n\t\t<\/section>\n\t\t\t\t<section class=\"wd-negative-gap elementor-section elementor-top-section elementor-element elementor-element-6f5b7c4 elementor-section-boxed elementor-section-height-default elementor-section-height-default\" data-id=\"6f5b7c4\" data-element_type=\"section\" data-e-type=\"section\">\n\t\t\t\t\t\t<div class=\"elementor-container elementor-column-gap-default\">\n\t\t\t\t\t<div class=\"elementor-column elementor-col-100 elementor-top-column elementor-element elementor-element-1b62fe6\" data-id=\"1b62fe6\" data-element_type=\"column\" data-e-type=\"column\">\n\t\t\t<div class=\"elementor-widget-wrap elementor-element-populated\">\n\t\t\t\t\t\t<div class=\"elementor-element elementor-element-0d3a656 elementor-widget elementor-widget-wd_text_block\" data-id=\"0d3a656\" data-element_type=\"widget\" data-e-type=\"widget\" data-widget_type=\"wd_text_block.default\">\n\t\t\t\t<div class=\"elementor-widget-container\">\n\t\t\t\t\t\t\t<div class=\"wd-text-block reset-last-child text-center\">\n\t\t\t\n\t\t\t<p>Nous proposons \u00e9galement une gamme de farts nordiques de Swix et Toko, ainsi que des brosses, des grattoirs et tous les autres besoins de r\u00e9glage des skis de fond.<\/p>\n\t\t\t\t\t<\/div>\n\t\t\t\t\t\t<\/div>\n\t\t\t\t<\/div>\n\t\t\t\t\t<\/div>\n\t\t<\/div>\n\t\t\t\t\t<\/div>\n\t\t<\/section>\n\t\t\t\t<\/div>\n\t\t","protected":false},"excerpt":{"rendered":"<p>SERVICE DE SKI DE FOND, SKI ALPIN ET PLANCHE \u00c0 NEIGE Avec plus de 25 ans d&rsquo;exp\u00e9rience dans le r\u00e9glage<\/p>\n","protected":false},"author":3,"featured_media":0,"parent":0,"menu_order":0,"comment_status":"closed","ping_status":"closed","template":"","meta":{"footnotes":""},"class_list":["post-12053","page","type-page","status-publish","hentry"],"yoast_head":"<!-- This site is optimized with the Yoast SEO Premium plugin v20.6 (Yoast SEO v27.5) - https:\/\/yoast.com\/product\/yoast-seo-premium-wordpress\/ -->\n<title>Service de ski - Expeditions Wakefield<\/title>\n<meta name=\"robots\" content=\"index, follow, max-snippet:-1, max-image-preview:large, max-video-preview:-1\" \/>\n<link rel=\"canonical\" href=\"https:\/\/expeditionswakefield.com\/fr\/service-de-ski\/\" \/>\n<meta property=\"og:locale\" content=\"fr_FR\" \/>\n<meta property=\"og:type\" content=\"article\" \/>\n<meta property=\"og:title\" content=\"Service de ski\" \/>\n<meta property=\"og:description\" content=\"SERVICE DE SKI DE FOND, SKI ALPIN ET PLANCHE \u00c0 NEIGE Avec plus de 25 ans d&rsquo;exp\u00e9rience dans le r\u00e9glage\" \/>\n<meta property=\"og:url\" content=\"https:\/\/expeditionswakefield.com\/fr\/service-de-ski\/\" \/>\n<meta property=\"og:site_name\" content=\"Expeditions Wakefield\" \/>\n<meta property=\"article:modified_time\" content=\"2024-02-13T01:34:36+00:00\" \/>\n<meta name=\"twitter:card\" content=\"summary_large_image\" \/>\n<meta name=\"twitter:label1\" content=\"Dur\u00e9e de lecture estim\u00e9e\" \/>\n\t<meta name=\"twitter:data1\" content=\"1 minute\" \/>\n<script type=\"application\/ld+json\" class=\"yoast-schema-graph\">{\"@context\":\"https:\\\/\\\/schema.org\",\"@graph\":[{\"@type\":\"WebPage\",\"@id\":\"https:\\\/\\\/expeditionswakefield.com\\\/fr\\\/service-de-ski\\\/\",\"url\":\"https:\\\/\\\/expeditionswakefield.com\\\/fr\\\/service-de-ski\\\/\",\"name\":\"Service de ski - Expeditions Wakefield\",\"isPartOf\":{\"@id\":\"http:\\\/\\\/box5661.temp.domains\\\/~lcephumy\\\/#website\"},\"datePublished\":\"2023-12-11T16:40:55+00:00\",\"dateModified\":\"2024-02-13T01:34:36+00:00\",\"breadcrumb\":{\"@id\":\"https:\\\/\\\/expeditionswakefield.com\\\/fr\\\/service-de-ski\\\/#breadcrumb\"},\"inLanguage\":\"fr-FR\",\"potentialAction\":[{\"@type\":\"ReadAction\",\"target\":[\"https:\\\/\\\/expeditionswakefield.com\\\/fr\\\/service-de-ski\\\/\"]}]},{\"@type\":\"BreadcrumbList\",\"@id\":\"https:\\\/\\\/expeditionswakefield.com\\\/fr\\\/service-de-ski\\\/#breadcrumb\",\"itemListElement\":[{\"@type\":\"ListItem\",\"position\":1,\"name\":\"Home\",\"item\":\"https:\\\/\\\/expeditionswakefield.com\\\/fr\\\/\"},{\"@type\":\"ListItem\",\"position\":2,\"name\":\"Service de ski\"}]},{\"@type\":\"WebSite\",\"@id\":\"http:\\\/\\\/box5661.temp.domains\\\/~lcephumy\\\/#website\",\"url\":\"http:\\\/\\\/box5661.temp.domains\\\/~lcephumy\\\/\",\"name\":\"Expeditions Wakefield\",\"description\":\"Bicycle Shop, Paddling and Outdoor Sales and Rentals in Wakefield, Quebec\",\"potentialAction\":[{\"@type\":\"SearchAction\",\"target\":{\"@type\":\"EntryPoint\",\"urlTemplate\":\"http:\\\/\\\/box5661.temp.domains\\\/~lcephumy\\\/?s={search_term_string}\"},\"query-input\":{\"@type\":\"PropertyValueSpecification\",\"valueRequired\":true,\"valueName\":\"search_term_string\"}}],\"inLanguage\":\"fr-FR\"}]}<\/script>\n<!-- \/ Yoast SEO Premium plugin. -->","yoast_head_json":{"title":"Service de ski - Expeditions Wakefield","robots":{"index":"index","follow":"follow","max-snippet":"max-snippet:-1","max-image-preview":"max-image-preview:large","max-video-preview":"max-video-preview:-1"},"canonical":"https:\/\/expeditionswakefield.com\/fr\/service-de-ski\/","og_locale":"fr_FR","og_type":"article","og_title":"Service de ski","og_description":"SERVICE DE SKI DE FOND, SKI ALPIN ET PLANCHE \u00c0 NEIGE Avec plus de 25 ans d&rsquo;exp\u00e9rience dans le r\u00e9glage","og_url":"https:\/\/expeditionswakefield.com\/fr\/service-de-ski\/","og_site_name":"Expeditions Wakefield","article_modified_time":"2024-02-13T01:34:36+00:00","twitter_card":"summary_large_image","twitter_misc":{"Dur\u00e9e de lecture estim\u00e9e":"1 minute"},"schema":{"@context":"https:\/\/schema.org","@graph":[{"@type":"WebPage","@id":"https:\/\/expeditionswakefield.com\/fr\/service-de-ski\/","url":"https:\/\/expeditionswakefield.com\/fr\/service-de-ski\/","name":"Service de ski - Expeditions Wakefield","isPartOf":{"@id":"http:\/\/box5661.temp.domains\/~lcephumy\/#website"},"datePublished":"2023-12-11T16:40:55+00:00","dateModified":"2024-02-13T01:34:36+00:00","breadcrumb":{"@id":"https:\/\/expeditionswakefield.com\/fr\/service-de-ski\/#breadcrumb"},"inLanguage":"fr-FR","potentialAction":[{"@type":"ReadAction","target":["https:\/\/expeditionswakefield.com\/fr\/service-de-ski\/"]}]},{"@type":"BreadcrumbList","@id":"https:\/\/expeditionswakefield.com\/fr\/service-de-ski\/#breadcrumb","itemListElement":[{"@type":"ListItem","position":1,"name":"Home","item":"https:\/\/expeditionswakefield.com\/fr\/"},{"@type":"ListItem","position":2,"name":"Service de ski"}]},{"@type":"WebSite","@id":"http:\/\/box5661.temp.domains\/~lcephumy\/#website","url":"http:\/\/box5661.temp.domains\/~lcephumy\/","name":"Expeditions Wakefield","description":"Bicycle Shop, Paddling and Outdoor Sales and Rentals in Wakefield, Quebec","potentialAction":[{"@type":"SearchAction","target":{"@type":"EntryPoint","urlTemplate":"http:\/\/box5661.temp.domains\/~lcephumy\/?s={search_term_string}"},"query-input":{"@type":"PropertyValueSpecification","valueRequired":true,"valueName":"search_term_string"}}],"inLanguage":"fr-FR"}]}},"jetpack_sharing_enabled":true,"_links":{"self":[{"href":"https:\/\/expeditionswakefield.com\/fr\/wp-json\/wp\/v2\/pages\/12053","targetHints":{"allow":["GET"]}}],"collection":[{"href":"https:\/\/expeditionswakefield.com\/fr\/wp-json\/wp\/v2\/pages"}],"about":[{"href":"https:\/\/expeditionswakefield.com\/fr\/wp-json\/wp\/v2\/types\/page"}],"author":[{"embeddable":true,"href":"https:\/\/expeditionswakefield.com\/fr\/wp-json\/wp\/v2\/users\/3"}],"replies":[{"embeddable":true,"href":"https:\/\/expeditionswakefield.com\/fr\/wp-json\/wp\/v2\/comments?post=12053"}],"version-history":[{"count":11,"href":"https:\/\/expeditionswakefield.com\/fr\/wp-json\/wp\/v2\/pages\/12053\/revisions"}],"predecessor-version":[{"id":12157,"href":"https:\/\/expeditionswakefield.com\/fr\/wp-json\/wp\/v2\/pages\/12053\/revisions\/12157"}],"wp:attachment":[{"href":"https:\/\/expeditionswakefield.com\/fr\/wp-json\/wp\/v2\/media?parent=12053"}],"curies":[{"name":"wp","href":"https:\/\/api.w.org\/{rel}","templated":true}]}}