{"id":12051,"date":"2023-05-09T21:25:12","date_gmt":"2023-05-09T21:25:12","guid":{"rendered":"https:\/\/expeditionswakefield.com\/service\/"},"modified":"2024-02-13T01:13:25","modified_gmt":"2024-02-13T01:13:25","slug":"service","status":"publish","type":"page","link":"https:\/\/expeditionswakefield.com\/fr\/service\/","title":{"rendered":"Service de v\u00e9lo"},"content":{"rendered":"\t\t<div data-elementor-type=\"wp-page\" data-elementor-id=\"12051\" class=\"elementor elementor-12051 elementor-8682\">\n\t\t\t\t\t\t<section class=\"wd-negative-gap elementor-section elementor-top-section elementor-element elementor-element-3148289 elementor-section-boxed elementor-section-height-default elementor-section-height-default\" data-id=\"3148289\" data-element_type=\"section\" data-e-type=\"section\">\n\t\t\t\t\t\t<div class=\"elementor-container elementor-column-gap-default\">\n\t\t\t\t\t<div class=\"elementor-column elementor-col-100 elementor-top-column elementor-element elementor-element-29a07b6\" data-id=\"29a07b6\" data-element_type=\"column\" data-e-type=\"column\">\n\t\t\t<div class=\"elementor-widget-wrap elementor-element-populated\">\n\t\t\t\t\t\t<div class=\"elementor-element elementor-element-f2f565d elementor-widget elementor-widget-heading\" data-id=\"f2f565d\" data-element_type=\"widget\" data-e-type=\"widget\" data-widget_type=\"heading.default\">\n\t\t\t\t<div class=\"elementor-widget-container\">\n\t\t\t\t\t<h2 class=\"elementor-heading-title elementor-size-default\">NOUS ENTRETONONS TOUTES LES MARQUES ET MOD\u00c8LES DE V\u00c9LOS<\/h2>\t\t\t\t<\/div>\n\t\t\t\t<\/div>\n\t\t\t\t<div class=\"elementor-element elementor-element-c334561 elementor-widget elementor-widget-wd_text_block\" data-id=\"c334561\" data-element_type=\"widget\" data-e-type=\"widget\" data-widget_type=\"wd_text_block.default\">\n\t\t\t\t<div class=\"elementor-widget-container\">\n\t\t\t\t\t\t\t<div class=\"wd-text-block reset-last-child text-left\">\n\t\t\t\n\t\t\t<p>Nous disposons d'un d\u00e9partement de service complet pour tous vos besoins de mise au point, de r\u00e9paration et d'autres services. Du r\u00e9glage des c\u00e2bles \u00e0 la r\u00e9vision compl\u00e8te du v\u00e9lo, en passant par le r\u00e9glage des roues ou de la suspension, aucun travail n'est trop grand ou trop petit et nous travaillons sur toutes les marques et tous les mod\u00e8les. Nos techniciens sont des professionnels hautement qualifi\u00e9s avec plus de 25 ans d'exp\u00e9rience et leur objectif est de rendre votre v\u00e9lo s\u00fbr et agr\u00e9able \u00e0 conduire.<\/p><p>L'air est toujours gratuit \u00e0 notre magasin ! Alors venez faire gonfler vos pneus avant votre sortie.<span style=\"font-size: 18px; background-color: var(--wd-main-bgcolor); color: var(--wd-text-color);\"><\/span><\/p>\n\t\t\t\t\t<\/div>\n\t\t\t\t\t\t<\/div>\n\t\t\t\t<\/div>\n\t\t\t\t<div class=\"elementor-element elementor-element-171ef40 elementor-widget elementor-widget-shortcode\" data-id=\"171ef40\" data-element_type=\"widget\" data-e-type=\"widget\" data-widget_type=\"shortcode.default\">\n\t\t\t\t<div class=\"elementor-widget-container\">\n\t\t\t\t\t\t\t<div class=\"elementor-shortcode\"><div id=\"rpt_pricr\" class=\"rpt_plans rpt_4_plans rpt_style_basic\"><div class=\"\"><div class=\"rpt_plan  rpt_plugin_f rpt_plan_0  \"><div style=\"text-align:center;\" class=\"rpt_title rpt_title_0\">Mini-Rider Enfant<\/div><div class=\"rpt_head rpt_head_0\"><div class=\"rpt_price rpt_price_0\"><sup class=\"rpt_currency\">$<\/sup>60.00<\/div><\/div><div class=\"rpt_features rpt_features_0\"><div style=\"color:black;\" class=\"rpt_feature rpt_feature_0-0\">La \"Mini-Rider\" et un mise au point sp\u00e9ciale pour les v\u00e9los enfants : \r<\/div><div style=\"color:black;\" class=\"rpt_feature rpt_feature_0-1\">- R\u00e9glage des freins avant et arri\u00e8re\r<\/div><div style=\"color:black;\" class=\"rpt_feature rpt_feature_0-2\">- R\u00e9glage du d\u00e9railleur avant et arri\u00e8re (changement de vitesse)\r<\/div><div style=\"color:black;\" class=\"rpt_feature rpt_feature_0-3\">- Lubrification de la cha\u00eene\r<\/div><div style=\"color:black;\" class=\"rpt_feature rpt_feature_0-4\">- Alignement mineur des roues\r<\/div><div style=\"color:black;\" class=\"rpt_feature rpt_feature_0-5\">- La v\u00e9rification des boulons et des d\u00e9blocages rapides\r<\/div><div style=\"color:black;\" class=\"rpt_feature rpt_feature_0-6\">- Contr\u00f4le de s\u00e9curit\u00e9 de base<\/div><\/div><a target=\"_blank\" style=\"background:#8dba09\" class=\"rpt_foot rpt_foot_0\"><\/a><\/div><div class=\"rpt_plan  rpt_plugin_f rpt_plan_1  \"><div style=\"text-align:center;\" class=\"rpt_title rpt_title_1\">Mise au point de base <\/div><div class=\"rpt_head rpt_head_1\"><div class=\"rpt_price rpt_price_1\"><sup class=\"rpt_currency\">$<\/sup>80.00<\/div><\/div><div class=\"rpt_features rpt_features_1\"><div style=\"color:black;\" class=\"rpt_feature rpt_feature_1-0\">La mise au point de base inclus:\r<\/div><div style=\"color:black;\" class=\"rpt_feature rpt_feature_1-1\">- R\u00e9glage des freins avant et arri\u00e8re\r<\/div><div style=\"color:black;\" class=\"rpt_feature rpt_feature_1-2\">- R\u00e9glage du d\u00e9railleur avant et arri\u00e8re (changement de vitesse)\r<\/div><div style=\"color:black;\" class=\"rpt_feature rpt_feature_1-3\">- Lubrification de la cha\u00eene\r<\/div><div style=\"color:black;\" class=\"rpt_feature rpt_feature_1-4\">- Alignement mineur des roues\r<\/div><div style=\"color:black;\" class=\"rpt_feature rpt_feature_1-5\">- La v\u00e9rification des boulons et des d\u00e9blocages rapides\r<\/div><div style=\"color:black;\" class=\"rpt_feature rpt_feature_1-6\">- Contr\u00f4le de s\u00e9curit\u00e9 de base<\/div><\/div><a target=\"_blank\" style=\"background:#8dba09\" class=\"rpt_foot rpt_foot_1\"><\/a><\/div><div class=\"rpt_plan  rpt_plugin_f rpt_plan_2  \"><div style=\"text-align:center;\" class=\"rpt_title rpt_title_2\">Mise au point \"Squeaky Clean\"<\/div><div class=\"rpt_head rpt_head_2\"><div class=\"rpt_price rpt_price_2\"><sup class=\"rpt_currency\">$<\/sup>155.00<\/div><\/div><div class=\"rpt_features rpt_features_2\"><div style=\"color:black;\" class=\"rpt_feature rpt_feature_2-0\">Comprend la mise au point \"de base\" plus :\r<\/div><div style=\"color:black;\" class=\"rpt_feature rpt_feature_2-1\">- D\u00e9montage complet du syst\u00e8me de transmission\r<\/div><div style=\"color:black;\" class=\"rpt_feature rpt_feature_2-2\">- Nettoyage et d\u00e9graissage du p\u00e9dalier, de la cha\u00eene, des pignons et des d\u00e9railleurs * Installation ou remplacement de nouvelles pi\u00e8ces de transmission inclus\r<\/div><div style=\"color:black;\" class=\"rpt_feature rpt_feature_2-3\">- D\u00e9tails minutieux des roues et du cadre.<\/div><\/div><a target=\"_blank\" style=\"background:#8dba09\" class=\"rpt_foot rpt_foot_2\"><\/a><\/div><div class=\"rpt_plan  rpt_plugin_f rpt_plan_3  \"><div style=\"text-align:center;\" class=\"rpt_title rpt_title_3\">R\u00e9vision Compl\u00e8te <\/div><div class=\"rpt_head rpt_head_3\"><div class=\"rpt_price rpt_price_3\"><sup class=\"rpt_currency\">$<\/sup>260.00<\/div><\/div><div class=\"rpt_features rpt_features_3\"><div style=\"color:black;\" class=\"rpt_feature rpt_feature_3-0\">La R\u00e9vision complete le \"Squeaky Clean\" plus:\r<\/div><div style=\"color:black;\" class=\"rpt_feature rpt_feature_3-1\">-  D\u00e9monter, nettoyer et graisser : bo\u00eetier de p\u00e9dalier, jeu de direction, roulements de moyeu, roue libre\r<\/div><div style=\"color:black;\" class=\"rpt_feature rpt_feature_3-2\">- Graisse fra\u00eeche\r<\/div><div style=\"color:black;\" class=\"rpt_feature rpt_feature_3-3\">- Retirer les freins, le p\u00e9dalier et les d\u00e9railleurs et nettoyer avec du solvant.<\/div><\/div><a target=\"_blank\" style=\"background:#8dba09\" class=\"rpt_foot rpt_foot_3\"><\/a><\/div><\/div><\/div><div style=\"clear:both;\"><\/div><\/div>\n\t\t\t\t\t\t<\/div>\n\t\t\t\t<\/div>\n\t\t\t\t\t<\/div>\n\t\t<\/div>\n\t\t\t\t\t<\/div>\n\t\t<\/section>\n\t\t\t\t<section class=\"wd-negative-gap elementor-section elementor-top-section elementor-element elementor-element-023d68d elementor-section-boxed elementor-section-height-default elementor-section-height-default\" data-id=\"023d68d\" data-element_type=\"section\" data-e-type=\"section\">\n\t\t\t\t\t\t<div class=\"elementor-container elementor-column-gap-default\">\n\t\t\t\t\t<div class=\"elementor-column elementor-col-100 elementor-top-column elementor-element elementor-element-dec0463\" data-id=\"dec0463\" data-element_type=\"column\" data-e-type=\"column\">\n\t\t\t<div class=\"elementor-widget-wrap elementor-element-populated\">\n\t\t\t\t\t\t<div class=\"elementor-element elementor-element-675cd4b elementor-widget elementor-widget-wd_text_block\" data-id=\"675cd4b\" data-element_type=\"widget\" data-e-type=\"widget\" data-widget_type=\"wd_text_block.default\">\n\t\t\t\t<div class=\"elementor-widget-container\">\n\t\t\t\t\t\t\t<div class=\"wd-text-block reset-last-child text-left\">\n\t\t\t\n\t\t\t<p>* Des pi\u00e8ces et de la main d'\u0153uvre suppl\u00e9mentaire peuvent s'appliquer.<\/p>\n\t\t\t\t\t<\/div>\n\t\t\t\t\t\t<\/div>\n\t\t\t\t<\/div>\n\t\t\t\t\t<\/div>\n\t\t<\/div>\n\t\t\t\t\t<\/div>\n\t\t<\/section>\n\t\t\t\t<section class=\"wd-negative-gap elementor-section elementor-top-section elementor-element elementor-element-fe6cb1c elementor-section-boxed elementor-section-height-default elementor-section-height-default\" data-id=\"fe6cb1c\" data-element_type=\"section\" data-e-type=\"section\">\n\t\t\t\t\t\t<div class=\"elementor-container elementor-column-gap-default\">\n\t\t\t\t\t<div class=\"elementor-column elementor-col-100 elementor-top-column elementor-element elementor-element-44e2f7e\" data-id=\"44e2f7e\" data-element_type=\"column\" data-e-type=\"column\">\n\t\t\t<div class=\"elementor-widget-wrap elementor-element-populated\">\n\t\t\t\t\t\t<div class=\"elementor-element elementor-element-876f4b5 elementor-widget elementor-widget-wd_text_block\" data-id=\"876f4b5\" data-element_type=\"widget\" data-e-type=\"widget\" data-widget_type=\"wd_text_block.default\">\n\t\t\t\t<div class=\"elementor-widget-container\">\n\t\t\t\t\t\t\t<div class=\"wd-text-block reset-last-child text-left\">\n\t\t\t\n\t\t\t<h3>Achetez votre v\u00e9lo chez Exp\u00e9ditions Wakefield et profitez de mises au point r\u00e9guli\u00e8res gratuites pendant un an \u00e0 compter de la date d'achat.<\/h3>\n\t\t\t\t\t<\/div>\n\t\t\t\t\t\t<\/div>\n\t\t\t\t<\/div>\n\t\t\t\t\t<\/div>\n\t\t<\/div>\n\t\t\t\t\t<\/div>\n\t\t<\/section>\n\t\t\t\t<\/div>\n\t\t","protected":false},"excerpt":{"rendered":"<p>NOUS ENTRETONONS TOUTES LES MARQUES ET MOD\u00c8LES DE V\u00c9LOS Nous disposons d&rsquo;un d\u00e9partement de service complet pour tous vos besoins<\/p>\n","protected":false},"author":1,"featured_media":0,"parent":0,"menu_order":0,"comment_status":"closed","ping_status":"closed","template":"","meta":{"footnotes":""},"class_list":["post-12051","page","type-page","status-publish","hentry"],"yoast_head":"<!-- This site is optimized with the Yoast SEO Premium plugin v20.6 (Yoast SEO v27.5) - https:\/\/yoast.com\/product\/yoast-seo-premium-wordpress\/ -->\n<title>Service de v\u00e9lo - Expeditions Wakefield<\/title>\n<meta name=\"robots\" content=\"index, follow, max-snippet:-1, max-image-preview:large, max-video-preview:-1\" \/>\n<link rel=\"canonical\" href=\"https:\/\/expeditionswakefield.com\/fr\/service\/\" \/>\n<meta property=\"og:locale\" content=\"fr_FR\" \/>\n<meta property=\"og:type\" content=\"article\" \/>\n<meta property=\"og:title\" content=\"Service de v\u00e9lo\" \/>\n<meta property=\"og:description\" content=\"NOUS ENTRETONONS TOUTES LES MARQUES ET MOD\u00c8LES DE V\u00c9LOS Nous disposons d&rsquo;un d\u00e9partement de service complet pour tous vos besoins\" \/>\n<meta property=\"og:url\" content=\"https:\/\/expeditionswakefield.com\/fr\/service\/\" \/>\n<meta property=\"og:site_name\" content=\"Expeditions Wakefield\" \/>\n<meta property=\"article:modified_time\" content=\"2024-02-13T01:13:25+00:00\" \/>\n<meta name=\"twitter:card\" content=\"summary_large_image\" \/>\n<meta name=\"twitter:label1\" content=\"Dur\u00e9e de lecture estim\u00e9e\" \/>\n\t<meta name=\"twitter:data1\" content=\"1 minute\" \/>\n<script type=\"application\/ld+json\" class=\"yoast-schema-graph\">{\"@context\":\"https:\\\/\\\/schema.org\",\"@graph\":[{\"@type\":\"WebPage\",\"@id\":\"https:\\\/\\\/expeditionswakefield.com\\\/fr\\\/service\\\/\",\"url\":\"https:\\\/\\\/expeditionswakefield.com\\\/fr\\\/service\\\/\",\"name\":\"Service de v\u00e9lo - Expeditions Wakefield\",\"isPartOf\":{\"@id\":\"http:\\\/\\\/box5661.temp.domains\\\/~lcephumy\\\/#website\"},\"datePublished\":\"2023-05-09T21:25:12+00:00\",\"dateModified\":\"2024-02-13T01:13:25+00:00\",\"breadcrumb\":{\"@id\":\"https:\\\/\\\/expeditionswakefield.com\\\/fr\\\/service\\\/#breadcrumb\"},\"inLanguage\":\"fr-FR\",\"potentialAction\":[{\"@type\":\"ReadAction\",\"target\":[\"https:\\\/\\\/expeditionswakefield.com\\\/fr\\\/service\\\/\"]}]},{\"@type\":\"BreadcrumbList\",\"@id\":\"https:\\\/\\\/expeditionswakefield.com\\\/fr\\\/service\\\/#breadcrumb\",\"itemListElement\":[{\"@type\":\"ListItem\",\"position\":1,\"name\":\"Home\",\"item\":\"https:\\\/\\\/expeditionswakefield.com\\\/fr\\\/\"},{\"@type\":\"ListItem\",\"position\":2,\"name\":\"Service de v\u00e9lo\"}]},{\"@type\":\"WebSite\",\"@id\":\"http:\\\/\\\/box5661.temp.domains\\\/~lcephumy\\\/#website\",\"url\":\"http:\\\/\\\/box5661.temp.domains\\\/~lcephumy\\\/\",\"name\":\"Expeditions Wakefield\",\"description\":\"Bicycle Shop, Paddling and Outdoor Sales and Rentals in Wakefield, Quebec\",\"potentialAction\":[{\"@type\":\"SearchAction\",\"target\":{\"@type\":\"EntryPoint\",\"urlTemplate\":\"http:\\\/\\\/box5661.temp.domains\\\/~lcephumy\\\/?s={search_term_string}\"},\"query-input\":{\"@type\":\"PropertyValueSpecification\",\"valueRequired\":true,\"valueName\":\"search_term_string\"}}],\"inLanguage\":\"fr-FR\"}]}<\/script>\n<!-- \/ Yoast SEO Premium plugin. -->","yoast_head_json":{"title":"Service de v\u00e9lo - Expeditions Wakefield","robots":{"index":"index","follow":"follow","max-snippet":"max-snippet:-1","max-image-preview":"max-image-preview:large","max-video-preview":"max-video-preview:-1"},"canonical":"https:\/\/expeditionswakefield.com\/fr\/service\/","og_locale":"fr_FR","og_type":"article","og_title":"Service de v\u00e9lo","og_description":"NOUS ENTRETONONS TOUTES LES MARQUES ET MOD\u00c8LES DE V\u00c9LOS Nous disposons d&rsquo;un d\u00e9partement de service complet pour tous vos besoins","og_url":"https:\/\/expeditionswakefield.com\/fr\/service\/","og_site_name":"Expeditions Wakefield","article_modified_time":"2024-02-13T01:13:25+00:00","twitter_card":"summary_large_image","twitter_misc":{"Dur\u00e9e de lecture estim\u00e9e":"1 minute"},"schema":{"@context":"https:\/\/schema.org","@graph":[{"@type":"WebPage","@id":"https:\/\/expeditionswakefield.com\/fr\/service\/","url":"https:\/\/expeditionswakefield.com\/fr\/service\/","name":"Service de v\u00e9lo - Expeditions Wakefield","isPartOf":{"@id":"http:\/\/box5661.temp.domains\/~lcephumy\/#website"},"datePublished":"2023-05-09T21:25:12+00:00","dateModified":"2024-02-13T01:13:25+00:00","breadcrumb":{"@id":"https:\/\/expeditionswakefield.com\/fr\/service\/#breadcrumb"},"inLanguage":"fr-FR","potentialAction":[{"@type":"ReadAction","target":["https:\/\/expeditionswakefield.com\/fr\/service\/"]}]},{"@type":"BreadcrumbList","@id":"https:\/\/expeditionswakefield.com\/fr\/service\/#breadcrumb","itemListElement":[{"@type":"ListItem","position":1,"name":"Home","item":"https:\/\/expeditionswakefield.com\/fr\/"},{"@type":"ListItem","position":2,"name":"Service de v\u00e9lo"}]},{"@type":"WebSite","@id":"http:\/\/box5661.temp.domains\/~lcephumy\/#website","url":"http:\/\/box5661.temp.domains\/~lcephumy\/","name":"Expeditions Wakefield","description":"Bicycle Shop, Paddling and Outdoor Sales and Rentals in Wakefield, Quebec","potentialAction":[{"@type":"SearchAction","target":{"@type":"EntryPoint","urlTemplate":"http:\/\/box5661.temp.domains\/~lcephumy\/?s={search_term_string}"},"query-input":{"@type":"PropertyValueSpecification","valueRequired":true,"valueName":"search_term_string"}}],"inLanguage":"fr-FR"}]}},"jetpack_sharing_enabled":true,"_links":{"self":[{"href":"https:\/\/expeditionswakefield.com\/fr\/wp-json\/wp\/v2\/pages\/12051","targetHints":{"allow":["GET"]}}],"collection":[{"href":"https:\/\/expeditionswakefield.com\/fr\/wp-json\/wp\/v2\/pages"}],"about":[{"href":"https:\/\/expeditionswakefield.com\/fr\/wp-json\/wp\/v2\/types\/page"}],"author":[{"embeddable":true,"href":"https:\/\/expeditionswakefield.com\/fr\/wp-json\/wp\/v2\/users\/1"}],"replies":[{"embeddable":true,"href":"https:\/\/expeditionswakefield.com\/fr\/wp-json\/wp\/v2\/comments?post=12051"}],"version-history":[{"count":14,"href":"https:\/\/expeditionswakefield.com\/fr\/wp-json\/wp\/v2\/pages\/12051\/revisions"}],"predecessor-version":[{"id":12146,"href":"https:\/\/expeditionswakefield.com\/fr\/wp-json\/wp\/v2\/pages\/12051\/revisions\/12146"}],"wp:attachment":[{"href":"https:\/\/expeditionswakefield.com\/fr\/wp-json\/wp\/v2\/media?parent=12051"}],"curies":[{"name":"wp","href":"https:\/\/api.w.org\/{rel}","templated":true}]}}